{"id":336,"date":"2025-04-13T14:09:57","date_gmt":"2025-04-13T13:09:57","guid":{"rendered":"https:\/\/seo.geoffroycrabieres.com\/?page_id=336"},"modified":"2025-09-17T07:14:11","modified_gmt":"2025-09-17T07:14:11","slug":"a-propos","status":"publish","type":"page","link":"https:\/\/tsukimigallery.com\/en\/a-propos\/","title":{"rendered":"About"},"content":{"rendered":"<div class=\"wp-block-columns alignwide is-layout-flex wp-container-core-columns-is-layout-9d6595d7 wp-block-columns-is-layout-flex\">\n<div class=\"wp-block-column is-layout-flow wp-block-column-is-layout-flow\" style=\"flex-basis:33.33%\">\n<figure class=\"wp-block-image size-full\"><img loading=\"lazy\" decoding=\"async\" width=\"502\" height=\"737\" src=\"https:\/\/tsukimigallery.com\/wp-content\/uploads\/2025\/04\/A-propos.jpg\" alt=\"\" class=\"wp-image-338\" srcset=\"https:\/\/tsukimigallery.com\/wp-content\/uploads\/2025\/04\/A-propos.jpg 502w, https:\/\/tsukimigallery.com\/wp-content\/uploads\/2025\/04\/A-propos-204x300.jpg 204w, https:\/\/tsukimigallery.com\/wp-content\/uploads\/2025\/04\/A-propos-8x12.jpg 8w\" sizes=\"auto, (max-width: 502px) 100vw, 502px\" \/><\/figure>\n<\/div>\n\n\n\n<div class=\"wp-block-column is-layout-flow wp-block-column-is-layout-flow\" style=\"flex-basis:66.66%\">\n<p>Based in Paris, Tsukimi Gallery specialises in Japanese decorative arts from the 20<sup>th<\/sup> century to the present days : a fascinating period during which artists and craftsmen (the distinction is difficult to draw in our field) succeeded in balancing traditional craftsmanship and modern sensibility.<\/p>\n\n\n\n<p>Nourished by a unique artistic history and driven by the tireless creativity of its artisans, the high quality of contemporary Japanese works can also be explained by the early establishment of public policies designated to preserve traditional skills that hence survived in Japan while often beeing forgotten elsewhere. The laws of 1950, amended in 1954, were meant to protect the transmission of knowledge and the continuation of techniques valued for their historical and cultural significance. The emergence of the concept of intangible heritage was a turning point which has determined how Japanese craftsmanship is valued until today.<\/p>\n\n\n\n<p>It is this convergence between technical mastery and artistic innovation that we aim to highlight in our collection. The form, weight, color and surface of each piece contribute to the expressive potential of tradition materials. Once places in a room, these works bring not only a decorative value but also a presence that, hopefully, will invite the viewer to pause and contemplate.<\/p>\n\n\n\n<p>For any enquiries, please feel very welcome to contact me. I would be delighted to answer any question you may have.<\/p>\n\n\n\n<p>Maxime Mauchamp<br><br><a href=\"tel:330781046980\">+33 (0)781 04 69 80<\/a><br><br><a href=\"mailto:info@tsukimigallery.com\">info@tsukimigallery.com<\/a><\/p>\n<\/div>\n<\/div>","protected":false},"excerpt":{"rendered":"<p>Tsukimi Gallery, bas\u00e9e \u00e0 Paris, est sp\u00e9cialis\u00e9e dans les arts d\u00e9coratifs japonais du XXe si\u00e8cle jusqu&rsquo;\u00e0 nos jours\u00a0: p\u00e9riode fascinante au cours de laquelle les artistes et les artisans &#8211; la fronti\u00e8res dans notre domaine ne pouvant \u00eatre ais\u00e9ment tir\u00e9e entre ces deux statuts &#8211; sont notamment parvenus \u00e0 \u00e9tablir un \u00e9quilibre entre h\u00e9ritage artisanal [&hellip;]<\/p>","protected":false},"author":1,"featured_media":0,"parent":0,"menu_order":0,"comment_status":"closed","ping_status":"closed","template":"","meta":{"_editorskit_title_hidden":false,"_editorskit_reading_time":0,"_editorskit_is_block_options_detached":false,"_editorskit_block_options_position":"{}","_eb_attr":"","footnotes":""},"class_list":["post-336","page","type-page","status-publish","hentry"],"yoast_head":"<!-- This site is optimized with the Yoast SEO plugin v25.9 - https:\/\/yoast.com\/wordpress\/plugins\/seo\/ -->\n<title>\u200b\u00c0 propos - Tsukimi Gallery<\/title>\n<meta name=\"robots\" content=\"index, follow, max-snippet:-1, max-image-preview:large, max-video-preview:-1\" \/>\n<link rel=\"canonical\" href=\"https:\/\/tsukimigallery.com\/en\/a-propos\/\" \/>\n<meta property=\"og:locale\" content=\"en_GB\" \/>\n<meta property=\"og:type\" content=\"article\" \/>\n<meta property=\"og:title\" content=\"\u200b\u00c0 propos - Tsukimi Gallery\" \/>\n<meta property=\"og:description\" content=\"Tsukimi Gallery, bas\u00e9e \u00e0 Paris, est sp\u00e9cialis\u00e9e dans les arts d\u00e9coratifs japonais du XXe si\u00e8cle jusqu&rsquo;\u00e0 nos jours\u00a0: p\u00e9riode fascinante au cours de laquelle les artistes et les artisans &#8211; la fronti\u00e8res dans notre domaine ne pouvant \u00eatre ais\u00e9ment tir\u00e9e entre ces deux statuts &#8211; sont notamment parvenus \u00e0 \u00e9tablir un \u00e9quilibre entre h\u00e9ritage artisanal [&hellip;]\" \/>\n<meta property=\"og:url\" content=\"https:\/\/tsukimigallery.com\/en\/a-propos\/\" \/>\n<meta property=\"og:site_name\" content=\"Tsukimi Gallery\" \/>\n<meta property=\"article:modified_time\" content=\"2025-09-17T07:14:11+00:00\" \/>\n<meta property=\"og:image\" content=\"https:\/\/tsukimigallery.com\/wp-content\/uploads\/2025\/04\/A-propos.jpg\" \/>\n<meta name=\"twitter:card\" content=\"summary_large_image\" \/>\n<meta name=\"twitter:label1\" content=\"Estimated reading time\" \/>\n\t<meta name=\"twitter:data1\" content=\"2 minutes\" \/>\n<script type=\"application\/ld+json\" class=\"yoast-schema-graph\">{\"@context\":\"https:\/\/schema.org\",\"@graph\":[{\"@type\":\"WebPage\",\"@id\":\"https:\/\/tsukimigallery.com\/a-propos\/\",\"url\":\"https:\/\/tsukimigallery.com\/a-propos\/\",\"name\":\"\u200b\u00c0 propos - Tsukimi Gallery\",\"isPartOf\":{\"@id\":\"https:\/\/tsukimigallery.com\/#website\"},\"primaryImageOfPage\":{\"@id\":\"https:\/\/tsukimigallery.com\/a-propos\/#primaryimage\"},\"image\":{\"@id\":\"https:\/\/tsukimigallery.com\/a-propos\/#primaryimage\"},\"thumbnailUrl\":\"https:\/\/tsukimigallery.com\/wp-content\/uploads\/2025\/04\/A-propos.jpg\",\"datePublished\":\"2025-04-13T13:09:57+00:00\",\"dateModified\":\"2025-09-17T07:14:11+00:00\",\"breadcrumb\":{\"@id\":\"https:\/\/tsukimigallery.com\/a-propos\/#breadcrumb\"},\"inLanguage\":\"en-GB\",\"potentialAction\":[{\"@type\":\"ReadAction\",\"target\":[\"https:\/\/tsukimigallery.com\/a-propos\/\"]}]},{\"@type\":\"ImageObject\",\"inLanguage\":\"en-GB\",\"@id\":\"https:\/\/tsukimigallery.com\/a-propos\/#primaryimage\",\"url\":\"https:\/\/tsukimigallery.com\/wp-content\/uploads\/2025\/04\/A-propos.jpg\",\"contentUrl\":\"https:\/\/tsukimigallery.com\/wp-content\/uploads\/2025\/04\/A-propos.jpg\"},{\"@type\":\"BreadcrumbList\",\"@id\":\"https:\/\/tsukimigallery.com\/a-propos\/#breadcrumb\",\"itemListElement\":[{\"@type\":\"ListItem\",\"position\":1,\"name\":\"Accueil\",\"item\":\"https:\/\/tsukimigallery.com\/\"},{\"@type\":\"ListItem\",\"position\":2,\"name\":\"\u200b\u00c0 propos\"}]},{\"@type\":\"WebSite\",\"@id\":\"https:\/\/tsukimigallery.com\/#website\",\"url\":\"https:\/\/tsukimigallery.com\/\",\"name\":\"Tsukimi Gallery\",\"description\":\"\",\"publisher\":{\"@id\":\"https:\/\/tsukimigallery.com\/#organization\"},\"potentialAction\":[{\"@type\":\"SearchAction\",\"target\":{\"@type\":\"EntryPoint\",\"urlTemplate\":\"https:\/\/tsukimigallery.com\/?s={search_term_string}\"},\"query-input\":{\"@type\":\"PropertyValueSpecification\",\"valueRequired\":true,\"valueName\":\"search_term_string\"}}],\"inLanguage\":\"en-GB\"},{\"@type\":\"Organization\",\"@id\":\"https:\/\/tsukimigallery.com\/#organization\",\"name\":\"Tsukimi Gallery\",\"url\":\"https:\/\/tsukimigallery.com\/\",\"logo\":{\"@type\":\"ImageObject\",\"inLanguage\":\"en-GB\",\"@id\":\"https:\/\/tsukimigallery.com\/#\/schema\/logo\/image\/\",\"url\":\"https:\/\/tsukimigallery.com\/wp-content\/uploads\/2025\/04\/Logo-color.png\",\"contentUrl\":\"https:\/\/tsukimigallery.com\/wp-content\/uploads\/2025\/04\/Logo-color.png\",\"width\":363,\"height\":100,\"caption\":\"Tsukimi Gallery\"},\"image\":{\"@id\":\"https:\/\/tsukimigallery.com\/#\/schema\/logo\/image\/\"}}]}<\/script>\n<!-- \/ Yoast SEO plugin. -->","yoast_head_json":{"title":"\u200b\u00c0 propos - Tsukimi Gallery","robots":{"index":"index","follow":"follow","max-snippet":"max-snippet:-1","max-image-preview":"max-image-preview:large","max-video-preview":"max-video-preview:-1"},"canonical":"https:\/\/tsukimigallery.com\/en\/a-propos\/","og_locale":"en_GB","og_type":"article","og_title":"\u200b\u00c0 propos - Tsukimi Gallery","og_description":"Tsukimi Gallery, bas\u00e9e \u00e0 Paris, est sp\u00e9cialis\u00e9e dans les arts d\u00e9coratifs japonais du XXe si\u00e8cle jusqu&rsquo;\u00e0 nos jours\u00a0: p\u00e9riode fascinante au cours de laquelle les artistes et les artisans &#8211; la fronti\u00e8res dans notre domaine ne pouvant \u00eatre ais\u00e9ment tir\u00e9e entre ces deux statuts &#8211; sont notamment parvenus \u00e0 \u00e9tablir un \u00e9quilibre entre h\u00e9ritage artisanal [&hellip;]","og_url":"https:\/\/tsukimigallery.com\/en\/a-propos\/","og_site_name":"Tsukimi Gallery","article_modified_time":"2025-09-17T07:14:11+00:00","og_image":[{"url":"https:\/\/tsukimigallery.com\/wp-content\/uploads\/2025\/04\/A-propos.jpg","type":"","width":"","height":""}],"twitter_card":"summary_large_image","twitter_misc":{"Estimated reading time":"2 minutes"},"schema":{"@context":"https:\/\/schema.org","@graph":[{"@type":"WebPage","@id":"https:\/\/tsukimigallery.com\/a-propos\/","url":"https:\/\/tsukimigallery.com\/a-propos\/","name":"\u200b\u00c0 propos - Tsukimi Gallery","isPartOf":{"@id":"https:\/\/tsukimigallery.com\/#website"},"primaryImageOfPage":{"@id":"https:\/\/tsukimigallery.com\/a-propos\/#primaryimage"},"image":{"@id":"https:\/\/tsukimigallery.com\/a-propos\/#primaryimage"},"thumbnailUrl":"https:\/\/tsukimigallery.com\/wp-content\/uploads\/2025\/04\/A-propos.jpg","datePublished":"2025-04-13T13:09:57+00:00","dateModified":"2025-09-17T07:14:11+00:00","breadcrumb":{"@id":"https:\/\/tsukimigallery.com\/a-propos\/#breadcrumb"},"inLanguage":"en-GB","potentialAction":[{"@type":"ReadAction","target":["https:\/\/tsukimigallery.com\/a-propos\/"]}]},{"@type":"ImageObject","inLanguage":"en-GB","@id":"https:\/\/tsukimigallery.com\/a-propos\/#primaryimage","url":"https:\/\/tsukimigallery.com\/wp-content\/uploads\/2025\/04\/A-propos.jpg","contentUrl":"https:\/\/tsukimigallery.com\/wp-content\/uploads\/2025\/04\/A-propos.jpg"},{"@type":"BreadcrumbList","@id":"https:\/\/tsukimigallery.com\/a-propos\/#breadcrumb","itemListElement":[{"@type":"ListItem","position":1,"name":"Accueil","item":"https:\/\/tsukimigallery.com\/"},{"@type":"ListItem","position":2,"name":"\u200b\u00c0 propos"}]},{"@type":"WebSite","@id":"https:\/\/tsukimigallery.com\/#website","url":"https:\/\/tsukimigallery.com\/","name":"Tsukimi Gallery","description":"","publisher":{"@id":"https:\/\/tsukimigallery.com\/#organization"},"potentialAction":[{"@type":"SearchAction","target":{"@type":"EntryPoint","urlTemplate":"https:\/\/tsukimigallery.com\/?s={search_term_string}"},"query-input":{"@type":"PropertyValueSpecification","valueRequired":true,"valueName":"search_term_string"}}],"inLanguage":"en-GB"},{"@type":"Organization","@id":"https:\/\/tsukimigallery.com\/#organization","name":"Tsukimi Gallery","url":"https:\/\/tsukimigallery.com\/","logo":{"@type":"ImageObject","inLanguage":"en-GB","@id":"https:\/\/tsukimigallery.com\/#\/schema\/logo\/image\/","url":"https:\/\/tsukimigallery.com\/wp-content\/uploads\/2025\/04\/Logo-color.png","contentUrl":"https:\/\/tsukimigallery.com\/wp-content\/uploads\/2025\/04\/Logo-color.png","width":363,"height":100,"caption":"Tsukimi Gallery"},"image":{"@id":"https:\/\/tsukimigallery.com\/#\/schema\/logo\/image\/"}}]}},"_links":{"self":[{"href":"https:\/\/tsukimigallery.com\/en\/wp-json\/wp\/v2\/pages\/336","targetHints":{"allow":["GET"]}}],"collection":[{"href":"https:\/\/tsukimigallery.com\/en\/wp-json\/wp\/v2\/pages"}],"about":[{"href":"https:\/\/tsukimigallery.com\/en\/wp-json\/wp\/v2\/types\/page"}],"author":[{"embeddable":true,"href":"https:\/\/tsukimigallery.com\/en\/wp-json\/wp\/v2\/users\/1"}],"replies":[{"embeddable":true,"href":"https:\/\/tsukimigallery.com\/en\/wp-json\/wp\/v2\/comments?post=336"}],"version-history":[{"count":1,"href":"https:\/\/tsukimigallery.com\/en\/wp-json\/wp\/v2\/pages\/336\/revisions"}],"predecessor-version":[{"id":702,"href":"https:\/\/tsukimigallery.com\/en\/wp-json\/wp\/v2\/pages\/336\/revisions\/702"}],"wp:attachment":[{"href":"https:\/\/tsukimigallery.com\/en\/wp-json\/wp\/v2\/media?parent=336"}],"curies":[{"name":"wp","href":"https:\/\/api.w.org\/{rel}","templated":true}]}}