{"id":482,"date":"2025-05-21T08:58:26","date_gmt":"2025-05-21T07:58:26","guid":{"rendered":"https:\/\/seo.geoffroycrabieres.com\/?page_id=482"},"modified":"2025-05-21T08:58:26","modified_gmt":"2025-05-21T07:58:26","slug":"politique-de-confidentialite","status":"publish","type":"page","link":"https:\/\/tsukimigallery.com\/en\/politique-de-confidentialite\/","title":{"rendered":"Privacy Policy"},"content":{"rendered":"<div class=\"wp-block-columns alignwide no-margin-top is-layout-flex wp-container-core-columns-is-layout-9d6595d7 wp-block-columns-is-layout-flex\">\n<div class=\"wp-block-column is-layout-flow wp-block-column-is-layout-flow\" style=\"flex-basis:66.66%\">\n<h2 class=\"wp-block-heading\">1. Website Presentation<\/h2>\n\n\n\n<p>In accordance with Article 6 of Law No. 2004-575 of 21 June 2004 on confidence in the digital economy, the identity of the various parties involved in the creation and management of the website www.tsukimigallery.com\n is provided to users:<\/p>\n\n\n\n<p><strong>Owner<\/strong>&nbsp;: M. Maxime Mauchamp<\/p>\n\n\n\n<p><strong>Registered Office<\/strong>&nbsp;:&nbsp;<a href=\"https:\/\/www.google.com\/maps\/search\/99+AVENUE+ACHILLE+PERETTI+92200+NEUILLY-SUR-SEINE?entry=gmail&amp;source=g\" target=\"_blank\" rel=\"noreferrer noopener\">99 AVENUE ACHILLE PERETTI 92200 NEUILLY-SUR-SEINE<\/a><\/p>\n\n\n\n<p><strong>Publication Manager<\/strong>&nbsp;: Maxime Mauchamp \u2013&nbsp;<a href=\"mailto:info@tsukimigallery.com\" target=\"_blank\" rel=\"noreferrer noopener\">info@tsukimigallery.com<\/a><\/p>\n\n\n\n<p><strong>Webmaster<\/strong>&nbsp;: Maxime Mauchamp \u2013&nbsp;<a href=\"mailto:info@tsukimigallery.com\" target=\"_blank\" rel=\"noreferrer noopener\">info@tsukimigallery.com<\/a><br><\/p>\n\n\n\n<h2 class=\"wp-block-heading\">2. General Conditions of Use of the Site and Services Provided<\/h2>\n\n\n\n<p>Use of&nbsp;<a href=\"https:\/\/tsukimigallery.com\/en\/\" target=\"_blank\" rel=\"noreferrer noopener\">tsukimigallery.com&nbsp;<\/a>implies full acceptance of the general conditions of use described below. These conditions may be modified or supplemented at any time, and users of&nbsp;<a href=\"https:\/\/tsukimigallery.com\/en\/\" target=\"_blank\" rel=\"noreferrer noopener\">tsukimigallery.com&nbsp;<\/a>are encouraged to consult them regularly.<\/p>\n\n\n\n<p>The site is normally accessible at all times. However, temporary interruptions for technical maintenance may be decided by Maxime Mauchamp.<\/p>\n\n\n\n<p>The site&nbsp;<a href=\"https:\/\/tsukimigallery.com\/en\/\" target=\"_blank\" rel=\"noreferrer noopener\">tsukimigallery.com&nbsp;<\/a>is updated regularly by Maxime Mauchamp. Likewise, the legal notices may be modified at any time and are binding on the user, who is encouraged to refer to them frequently.<\/p>\n\n\n\n<h2 class=\"wp-block-heading\">3. Description of Services Provided<\/h2>\n\n\n\n<p>The site\u00a0<a href=\"https:\/\/tsukimigallery.com\/en\/\" target=\"_blank\" rel=\"noreferrer noopener\">tsukimigallery.com<\/a> purpose is to provide information about all the activities of the gallery.<\/p>\n\n\n\n<p>Maxime Mauchamp strives to provide the most accurate information possible on\u00a0<a href=\"https:\/\/tsukimigallery.com\/en\/\" target=\"_blank\" rel=\"noreferrer noopener\">tsukimigallery.com\u00a0<\/a>However, he cannot be held responsible for omissions, inaccuracies, or failures to update information, whether caused by him or by third-party partners providing content.<\/p>\n\n\n\n<p>All information on\u00a0<a href=\"https:\/\/tsukimigallery.com\/en\/\" target=\"_blank\" rel=\"noreferrer noopener\">tsukimigallery.com<\/a> is provided for informational purposes only and may be subject to change. Additionally, the information on\u00a0<a href=\"https:\/\/tsukimigallery.com\/en\/\" target=\"_blank\" rel=\"noreferrer noopener\">tsukimigallery.com\u00a0<\/a>is not exhaustive and may have been modified since publication.<\/p>\n\n\n\n<h2 class=\"wp-block-heading\">4. Intellectual Property and Counterfeiting<\/h2>\n\n\n\n<p>Maxime Mauchamp owns the intellectual property rights or holds usage rights to all elements accessible on the site, including texts, images, graphics, logos, icons, sounds, and software.<\/p>\n\n\n\n<p>Any reproduction, representation, modification, publication, or adaptation of any part of the site by any means is prohibited without prior written authorization from Maxime Mauchamp:&nbsp;<a href=\"mailto:info@tsukimigallery.com\" target=\"_blank\" rel=\"noreferrer noopener\">info@tsukimigallery.com<\/a><\/p>\n\n\n\n<p>Unauthorized use of the site or any of its elements will be considered counterfeiting and prosecuted under Articles L.335-2 and following of the French Intellectual Property Code.<\/p>\n\n\n\n<h2 class=\"wp-block-heading\">5. Limitations of Liability<\/h2>\n\n\n\n<p>Interactive spaces (e.g., contact forms) are available to users. Tsukimi Gallery reserves the right to remove, without prior notice, any content posted in these spaces that violates applicable French law, particularly regarding data protection. Where appropriate, Maxime Mauchamp may also hold users civilly and\/or criminally liable for messages of a racist, abusive, defamatory, or pornographic nature, regardless of the medium used (text, photograph, etc.).<\/p>\n\n\n\n<h2 class=\"wp-block-heading\">6. Management of Personal Data<\/h2>\n\n\n\n<p>In France, personal data is protected under Law No. 78-87 of 6 January 1978, Law No. 2004-801 of 6 August 2004, Article L. 226-13 of the Penal Code, and the European Directive of 24 October 1995.<\/p>\n\n\n\n<p>Tsukimi Gallery collects personal information from users only to provide certain services on&nbsp;<a href=\"http:\/\/tsukimigallery.com\/en\/\" target=\"_blank\" rel=\"noreferrer noopener\">tsukimigallery.com<\/a>. This information allows us to notify users about publications (e-catalogues), newsletters, new acquisitions, etc. Data is reserved for the Tsukimi Gallery team, protected, and never disclosed or sold.<br><br>In accordance with Articles 38 and following of Law No. 78-17 of 6 January 1978 on data processing, files, and freedoms, users have the right to access, correct, and object to personal data concerning them by submitting a written request via email (<a href=\"mailto:info@tsukimigallery.com\" target=\"_blank\" rel=\"noreferrer noopener\">info@tsukimigallery.com<\/a>) accompanied by a copy of an identity document signed by the holder.<\/p>\n\n\n\n<h2 class=\"wp-block-heading\">7. Hyperlinks and Cookies<\/h2>\n\n\n\n<p>The site&nbsp;&nbsp;<a href=\"https:\/\/tsukimigallery.com\/en\/\" target=\"_blank\" rel=\"noreferrer noopener\">tsukimigallery.com&nbsp;<\/a>may contain hyperlinks to other websites, implemented with the authorization of Maxime Mauchamp. However, Maxime Mauchamp cannot verify the content of these external sites and therefore assumes no responsibility for them.<\/p>\n\n\n\n<p>Browsing&nbsp;<a href=\"https:\/\/tsukimigallery.com\/en\/\" target=\"_blank\" rel=\"noreferrer noopener\">tsukimigallery.com&nbsp;<\/a>may result in the installation of cookies on the user\u2019s computer. A cookie is a small file that does not identify the user but records information about navigation on a website. This data helps facilitate future navigation and allows for the measurement of site traffic.<\/p>\n\n\n\n<h2 class=\"wp-block-heading\">8. Applicable Law and Jurisdiction<\/h2>\n\n\n\n<p>Any dispute relating to the use of&nbsp;<a href=\"https:\/\/tsukimigallery.com\/en\/\" target=\"_blank\" rel=\"noreferrer noopener\">tsukimigallery.com&nbsp;<\/a>is subject to French law.<\/p>\n<\/div>\n\n\n\n<div class=\"wp-block-column is-layout-flow wp-block-column-is-layout-flow\" style=\"flex-basis:33.33%\"><\/div>\n<\/div>","protected":false},"excerpt":{"rendered":"<p>1. Pr\u00e9sentation du site. En vertu de l\u2019article 6 de la loi n\u00b0 2004-575 du 21 juin 2004 pour la confiance dans l\u2019\u00e9conomie num\u00e9rique, il est pr\u00e9cis\u00e9 aux utilisateurs du site&nbsp;www.tuskimigallery&nbsp;l\u2019identit\u00e9 des diff\u00e9rents intervenants dans le cadre de sa r\u00e9alisation et de son suivi : Propri\u00e9taire&nbsp;: M. Maxime Mauchamp Si\u00e8ge Social&nbsp;:&nbsp;99 AVENUE ACHILLE PERETTI 92200 [&hellip;]<\/p>","protected":false},"author":1,"featured_media":0,"parent":0,"menu_order":0,"comment_status":"closed","ping_status":"closed","template":"","meta":{"_editorskit_title_hidden":false,"_editorskit_reading_time":0,"_editorskit_is_block_options_detached":false,"_editorskit_block_options_position":"{}","_eb_attr":"","footnotes":""},"class_list":["post-482","page","type-page","status-publish","hentry"],"yoast_head":"<!-- This site is optimized with the Yoast SEO plugin v25.9 - https:\/\/yoast.com\/wordpress\/plugins\/seo\/ -->\n<title>Politique de confidentialit\u00e9 - Tsukimi Gallery<\/title>\n<meta name=\"robots\" content=\"index, follow, max-snippet:-1, max-image-preview:large, max-video-preview:-1\" \/>\n<link rel=\"canonical\" href=\"https:\/\/tsukimigallery.com\/en\/politique-de-confidentialite\/\" \/>\n<meta property=\"og:locale\" content=\"en_GB\" \/>\n<meta property=\"og:type\" content=\"article\" \/>\n<meta property=\"og:title\" content=\"Politique de confidentialit\u00e9 - Tsukimi Gallery\" \/>\n<meta property=\"og:description\" content=\"1. Pr\u00e9sentation du site. En vertu de l\u2019article 6 de la loi n\u00b0 2004-575 du 21 juin 2004 pour la confiance dans l\u2019\u00e9conomie num\u00e9rique, il est pr\u00e9cis\u00e9 aux utilisateurs du site&nbsp;www.tuskimigallery&nbsp;l\u2019identit\u00e9 des diff\u00e9rents intervenants dans le cadre de sa r\u00e9alisation et de son suivi : Propri\u00e9taire&nbsp;: M. Maxime Mauchamp Si\u00e8ge Social&nbsp;:&nbsp;99 AVENUE ACHILLE PERETTI 92200 [&hellip;]\" \/>\n<meta property=\"og:url\" content=\"https:\/\/tsukimigallery.com\/en\/politique-de-confidentialite\/\" \/>\n<meta property=\"og:site_name\" content=\"Tsukimi Gallery\" \/>\n<meta name=\"twitter:card\" content=\"summary_large_image\" \/>\n<meta name=\"twitter:label1\" content=\"Estimated reading time\" \/>\n\t<meta name=\"twitter:data1\" content=\"5 minutes\" \/>\n<script type=\"application\/ld+json\" class=\"yoast-schema-graph\">{\"@context\":\"https:\/\/schema.org\",\"@graph\":[{\"@type\":\"WebPage\",\"@id\":\"https:\/\/tsukimigallery.com\/politique-de-confidentialite\/\",\"url\":\"https:\/\/tsukimigallery.com\/politique-de-confidentialite\/\",\"name\":\"Politique de confidentialit\u00e9 - Tsukimi Gallery\",\"isPartOf\":{\"@id\":\"https:\/\/tsukimigallery.com\/#website\"},\"datePublished\":\"2025-05-21T07:58:26+00:00\",\"breadcrumb\":{\"@id\":\"https:\/\/tsukimigallery.com\/politique-de-confidentialite\/#breadcrumb\"},\"inLanguage\":\"en-GB\",\"potentialAction\":[{\"@type\":\"ReadAction\",\"target\":[\"https:\/\/tsukimigallery.com\/politique-de-confidentialite\/\"]}]},{\"@type\":\"BreadcrumbList\",\"@id\":\"https:\/\/tsukimigallery.com\/politique-de-confidentialite\/#breadcrumb\",\"itemListElement\":[{\"@type\":\"ListItem\",\"position\":1,\"name\":\"Accueil\",\"item\":\"https:\/\/tsukimigallery.com\/\"},{\"@type\":\"ListItem\",\"position\":2,\"name\":\"Politique de confidentialit\u00e9\"}]},{\"@type\":\"WebSite\",\"@id\":\"https:\/\/tsukimigallery.com\/#website\",\"url\":\"https:\/\/tsukimigallery.com\/\",\"name\":\"Tsukimi Gallery\",\"description\":\"\",\"publisher\":{\"@id\":\"https:\/\/tsukimigallery.com\/#organization\"},\"potentialAction\":[{\"@type\":\"SearchAction\",\"target\":{\"@type\":\"EntryPoint\",\"urlTemplate\":\"https:\/\/tsukimigallery.com\/?s={search_term_string}\"},\"query-input\":{\"@type\":\"PropertyValueSpecification\",\"valueRequired\":true,\"valueName\":\"search_term_string\"}}],\"inLanguage\":\"en-GB\"},{\"@type\":\"Organization\",\"@id\":\"https:\/\/tsukimigallery.com\/#organization\",\"name\":\"Tsukimi Gallery\",\"url\":\"https:\/\/tsukimigallery.com\/\",\"logo\":{\"@type\":\"ImageObject\",\"inLanguage\":\"en-GB\",\"@id\":\"https:\/\/tsukimigallery.com\/#\/schema\/logo\/image\/\",\"url\":\"https:\/\/tsukimigallery.com\/wp-content\/uploads\/2025\/04\/Logo-color.png\",\"contentUrl\":\"https:\/\/tsukimigallery.com\/wp-content\/uploads\/2025\/04\/Logo-color.png\",\"width\":363,\"height\":100,\"caption\":\"Tsukimi Gallery\"},\"image\":{\"@id\":\"https:\/\/tsukimigallery.com\/#\/schema\/logo\/image\/\"}}]}<\/script>\n<!-- \/ Yoast SEO plugin. -->","yoast_head_json":{"title":"Politique de confidentialit\u00e9 - Tsukimi Gallery","robots":{"index":"index","follow":"follow","max-snippet":"max-snippet:-1","max-image-preview":"max-image-preview:large","max-video-preview":"max-video-preview:-1"},"canonical":"https:\/\/tsukimigallery.com\/en\/politique-de-confidentialite\/","og_locale":"en_GB","og_type":"article","og_title":"Politique de confidentialit\u00e9 - Tsukimi Gallery","og_description":"1. Pr\u00e9sentation du site. En vertu de l\u2019article 6 de la loi n\u00b0 2004-575 du 21 juin 2004 pour la confiance dans l\u2019\u00e9conomie num\u00e9rique, il est pr\u00e9cis\u00e9 aux utilisateurs du site&nbsp;www.tuskimigallery&nbsp;l\u2019identit\u00e9 des diff\u00e9rents intervenants dans le cadre de sa r\u00e9alisation et de son suivi : Propri\u00e9taire&nbsp;: M. Maxime Mauchamp Si\u00e8ge Social&nbsp;:&nbsp;99 AVENUE ACHILLE PERETTI 92200 [&hellip;]","og_url":"https:\/\/tsukimigallery.com\/en\/politique-de-confidentialite\/","og_site_name":"Tsukimi Gallery","twitter_card":"summary_large_image","twitter_misc":{"Estimated reading time":"5 minutes"},"schema":{"@context":"https:\/\/schema.org","@graph":[{"@type":"WebPage","@id":"https:\/\/tsukimigallery.com\/politique-de-confidentialite\/","url":"https:\/\/tsukimigallery.com\/politique-de-confidentialite\/","name":"Politique de confidentialit\u00e9 - Tsukimi Gallery","isPartOf":{"@id":"https:\/\/tsukimigallery.com\/#website"},"datePublished":"2025-05-21T07:58:26+00:00","breadcrumb":{"@id":"https:\/\/tsukimigallery.com\/politique-de-confidentialite\/#breadcrumb"},"inLanguage":"en-GB","potentialAction":[{"@type":"ReadAction","target":["https:\/\/tsukimigallery.com\/politique-de-confidentialite\/"]}]},{"@type":"BreadcrumbList","@id":"https:\/\/tsukimigallery.com\/politique-de-confidentialite\/#breadcrumb","itemListElement":[{"@type":"ListItem","position":1,"name":"Accueil","item":"https:\/\/tsukimigallery.com\/"},{"@type":"ListItem","position":2,"name":"Politique de confidentialit\u00e9"}]},{"@type":"WebSite","@id":"https:\/\/tsukimigallery.com\/#website","url":"https:\/\/tsukimigallery.com\/","name":"Tsukimi Gallery","description":"","publisher":{"@id":"https:\/\/tsukimigallery.com\/#organization"},"potentialAction":[{"@type":"SearchAction","target":{"@type":"EntryPoint","urlTemplate":"https:\/\/tsukimigallery.com\/?s={search_term_string}"},"query-input":{"@type":"PropertyValueSpecification","valueRequired":true,"valueName":"search_term_string"}}],"inLanguage":"en-GB"},{"@type":"Organization","@id":"https:\/\/tsukimigallery.com\/#organization","name":"Tsukimi Gallery","url":"https:\/\/tsukimigallery.com\/","logo":{"@type":"ImageObject","inLanguage":"en-GB","@id":"https:\/\/tsukimigallery.com\/#\/schema\/logo\/image\/","url":"https:\/\/tsukimigallery.com\/wp-content\/uploads\/2025\/04\/Logo-color.png","contentUrl":"https:\/\/tsukimigallery.com\/wp-content\/uploads\/2025\/04\/Logo-color.png","width":363,"height":100,"caption":"Tsukimi Gallery"},"image":{"@id":"https:\/\/tsukimigallery.com\/#\/schema\/logo\/image\/"}}]}},"_links":{"self":[{"href":"https:\/\/tsukimigallery.com\/en\/wp-json\/wp\/v2\/pages\/482","targetHints":{"allow":["GET"]}}],"collection":[{"href":"https:\/\/tsukimigallery.com\/en\/wp-json\/wp\/v2\/pages"}],"about":[{"href":"https:\/\/tsukimigallery.com\/en\/wp-json\/wp\/v2\/types\/page"}],"author":[{"embeddable":true,"href":"https:\/\/tsukimigallery.com\/en\/wp-json\/wp\/v2\/users\/1"}],"replies":[{"embeddable":true,"href":"https:\/\/tsukimigallery.com\/en\/wp-json\/wp\/v2\/comments?post=482"}],"version-history":[{"count":0,"href":"https:\/\/tsukimigallery.com\/en\/wp-json\/wp\/v2\/pages\/482\/revisions"}],"wp:attachment":[{"href":"https:\/\/tsukimigallery.com\/en\/wp-json\/wp\/v2\/media?parent=482"}],"curies":[{"name":"wp","href":"https:\/\/api.w.org\/{rel}","templated":true}]}}