{"id":8,"date":"2025-09-16T18:28:55","date_gmt":"2025-09-16T18:28:55","guid":{"rendered":"https:\/\/tsukimigallery.com\/?page_id=8"},"modified":"2025-09-17T08:49:40","modified_gmt":"2025-09-17T08:49:40","slug":"panier","status":"publish","type":"page","link":"https:\/\/tsukimigallery.com\/en\/panier\/","title":{"rendered":"Panier"},"content":{"rendered":"<div data-block-name=\"woocommerce\/cart\" class=\"wp-block-woocommerce-cart alignwide is-loading\">\n<div data-block-name=\"woocommerce\/filled-cart-block\" class=\"wp-block-woocommerce-filled-cart-block\">\n<div data-block-name=\"woocommerce\/cart-items-block\" class=\"wp-block-woocommerce-cart-items-block\">\n<div data-block-name=\"woocommerce\/cart-line-items-block\" class=\"wp-block-woocommerce-cart-line-items-block\"><\/div>\n\n\n\n<div data-block-name=\"woocommerce\/cart-cross-sells-block\" class=\"wp-block-woocommerce-cart-cross-sells-block\">\n<h2 class=\"wp-block-heading has-large-font-size\">\u00c7a peut vous int\u00e9resser&#8230;<\/h2>\n\n\n\n<div data-block-name=\"woocommerce\/cart-cross-sells-products-block\" class=\"wp-block-woocommerce-cart-cross-sells-products-block\"><\/div>\n<\/div>\n<\/div>\n\n\n\n<div data-block-name=\"woocommerce\/cart-totals-block\" class=\"wp-block-woocommerce-cart-totals-block\">\n<div data-block-name=\"woocommerce\/cart-order-summary-block\" class=\"wp-block-woocommerce-cart-order-summary-block\">\n<div data-block-name=\"woocommerce\/cart-order-summary-heading-block\" class=\"wp-block-woocommerce-cart-order-summary-heading-block\"><\/div><div data-block-name=\"woocommerce\/cart-order-summary-coupon-form-block\" class=\"wp-block-woocommerce-cart-order-summary-coupon-form-block\"><\/div><div data-block-name=\"woocommerce\/cart-order-summary-totals-block\" class=\"wp-block-woocommerce-cart-order-summary-totals-block\">\n<div data-block-name=\"woocommerce\/cart-order-summary-subtotal-block\" class=\"wp-block-woocommerce-cart-order-summary-subtotal-block\"><\/div>\n<div data-block-name=\"woocommerce\/cart-order-summary-discount-block\" class=\"wp-block-woocommerce-cart-order-summary-discount-block\"><\/div>\n<div data-block-name=\"woocommerce\/cart-order-summary-fee-block\" class=\"wp-block-woocommerce-cart-order-summary-fee-block\"><\/div>\n<div data-block-name=\"woocommerce\/cart-order-summary-shipping-block\" class=\"wp-block-woocommerce-cart-order-summary-shipping-block\"><\/div>\n<div data-block-name=\"woocommerce\/cart-order-summary-taxes-block\" class=\"wp-block-woocommerce-cart-order-summary-taxes-block\"><\/div><\/div>\n<\/div>\n\n\n\n<div data-block-name=\"woocommerce\/cart-express-payment-block\" class=\"wp-block-woocommerce-cart-express-payment-block\"><\/div>\n\n\n\n<div data-block-name=\"woocommerce\/proceed-to-checkout-block\" class=\"wp-block-woocommerce-proceed-to-checkout-block\"><\/div>\n\n\n\n<div data-block-name=\"woocommerce\/cart-accepted-payment-methods-block\" class=\"wp-block-woocommerce-cart-accepted-payment-methods-block\"><\/div>\n<\/div>\n<\/div>\n\n\n\n<div data-block-name=\"woocommerce\/empty-cart-block\" class=\"wp-block-woocommerce-empty-cart-block\">\n<h2 class=\"wp-block-heading has-text-align-center with-empty-cart-icon wc-block-cart__empty-cart__title\">Votre panier est actuellement vide\u00a0!<\/h2>\n\n\n\n<hr class=\"wp-block-separator has-alpha-channel-opacity is-style-dots\"\/>\n\n\n\n<h2 class=\"wp-block-heading has-text-align-center\">Nouveau dans la boutique<\/h2>\n\n\n<div data-block-name=\"woocommerce\/product-new\" data-columns=\"4\" data-rows=\"1\" class=\"wc-block-grid wp-block-product-new wp-block-woocommerce-product-new wc-block-product-new has-4-columns\"><ul class=\"wc-block-grid__products\"><li class=\"wc-block-grid__product\">\n\t\t\t\t<a href=\"https:\/\/tsukimigallery.com\/en\/product\/vase-cuivre-brun-takaoka\/\" class=\"wc-block-grid__product-link\">\n\t\t\t\t\t\n\t\t\t\t\t<div class=\"wc-block-grid__product-image\"><img loading=\"lazy\" decoding=\"async\" width=\"450\" height=\"450\" src=\"https:\/\/tsukimigallery.com\/wp-content\/uploads\/2025\/12\/214a-copie-450x450.webp\" class=\"attachment-woocommerce_thumbnail size-woocommerce_thumbnail\" alt=\"Vase Takaoka cuivre, patine brune et incrustations geom\u00e9triques\" srcset=\"https:\/\/tsukimigallery.com\/wp-content\/uploads\/2025\/12\/214a-copie-450x450.webp 450w, https:\/\/tsukimigallery.com\/wp-content\/uploads\/2025\/12\/214a-copie-150x150.webp 150w, https:\/\/tsukimigallery.com\/wp-content\/uploads\/2025\/12\/214a-copie-100x100.webp 100w\" sizes=\"auto, (max-width: 450px) 100vw, 450px\" \/><\/div>\n\t\t\t\t\t<div class=\"wc-block-grid__product-title\">Dark-brown, inlaid copper vase<\/div>\n\t\t\t\t<\/a>\n\t\t\t\t<div class=\"wc-block-grid__product-price price\"><span class=\"woocommerce-Price-amount amount\">420,00&nbsp;<span class=\"woocommerce-Price-currencySymbol\">&euro;<\/span><\/span><\/div>\n\t\t\t\t\n\t\t\t\t<div class=\"wp-block-button wc-block-grid__product-add-to-cart\"><a href=\"\/en\/wp-json\/wp\/v2\/pages\/8?add-to-cart=758\" aria-label=\"Add to basket: \u201cVase en cuivre \u00e0 patine brune, incrust\u00e9 et incis\u00e9\u201d\" data-quantity=\"1\" data-product_id=\"758\" data-product_sku=\"\" data-price=\"420\" rel=\"nofollow\" class=\"wp-block-button__link  add_to_cart_button ajax_add_to_cart\" data-no-translation=\"\" data-trp-gettext=\"\" data-no-translation-aria-label=\"\">Add to basket<\/a><\/div>\n\t\t\t<\/li><li class=\"wc-block-grid__product\">\n\t\t\t\t<a href=\"https:\/\/tsukimigallery.com\/en\/product\/vase-en-cuivre-incruste\/\" class=\"wc-block-grid__product-link\">\n\t\t\t\t\t\n\t\t\t\t\t<div class=\"wc-block-grid__product-image\"><img loading=\"lazy\" decoding=\"async\" width=\"450\" height=\"450\" src=\"https:\/\/tsukimigallery.com\/wp-content\/uploads\/2025\/07\/185a-scaled-1-450x450.webp\" class=\"attachment-woocommerce_thumbnail size-woocommerce_thumbnail\" alt=\"vase takaoka city patine rouge et incrustation geometriques\" srcset=\"https:\/\/tsukimigallery.com\/wp-content\/uploads\/2025\/07\/185a-scaled-1-450x450.webp 450w, https:\/\/tsukimigallery.com\/wp-content\/uploads\/2025\/07\/185a-scaled-1-100x100.webp 100w, https:\/\/tsukimigallery.com\/wp-content\/uploads\/2025\/07\/185a-scaled-1-150x150.webp 150w\" sizes=\"auto, (max-width: 450px) 100vw, 450px\" \/><\/div>\n\t\t\t\t\t<div class=\"wc-block-grid__product-title\">Inlaid red copper vase<\/div>\n\t\t\t\t<\/a>\n\t\t\t\t<div class=\"wc-block-grid__product-price price\"><span class=\"woocommerce-Price-amount amount\">450,00&nbsp;<span class=\"woocommerce-Price-currencySymbol\">&euro;<\/span><\/span><\/div>\n\t\t\t\t\n\t\t\t\t<div class=\"wp-block-button wc-block-grid__product-add-to-cart\"><a href=\"\/en\/wp-json\/wp\/v2\/pages\/8?add-to-cart=757\" aria-label=\"Add to basket: \u201cVase en cuivre rouge incrust\u00e9\u201d\" data-quantity=\"1\" data-product_id=\"757\" data-product_sku=\"\" data-price=\"450\" rel=\"nofollow\" class=\"wp-block-button__link  add_to_cart_button ajax_add_to_cart\" data-no-translation=\"\" data-trp-gettext=\"\" data-no-translation-aria-label=\"\">Add to basket<\/a><\/div>\n\t\t\t<\/li><li class=\"wc-block-grid__product\">\n\t\t\t\t<a href=\"https:\/\/tsukimigallery.com\/en\/product\/vase-en-cuivre-a-patine-verte\/\" class=\"wc-block-grid__product-link\">\n\t\t\t\t\t\n\t\t\t\t\t<div class=\"wc-block-grid__product-image\"><img loading=\"lazy\" decoding=\"async\" width=\"450\" height=\"450\" src=\"https:\/\/tsukimigallery.com\/wp-content\/uploads\/2025\/07\/186a-copie-450x450.webp\" class=\"attachment-woocommerce_thumbnail size-woocommerce_thumbnail\" alt=\"Vase cuivre patine verte oxyd\u00e9e, takaoka, japon\" srcset=\"https:\/\/tsukimigallery.com\/wp-content\/uploads\/2025\/07\/186a-copie-450x450.webp 450w, https:\/\/tsukimigallery.com\/wp-content\/uploads\/2025\/07\/186a-copie-100x100.webp 100w, https:\/\/tsukimigallery.com\/wp-content\/uploads\/2025\/07\/186a-copie-150x150.webp 150w\" sizes=\"auto, (max-width: 450px) 100vw, 450px\" \/><\/div>\n\t\t\t\t\t<div class=\"wc-block-grid__product-title\">Copper vase with green patina<\/div>\n\t\t\t\t<\/a>\n\t\t\t\t<div class=\"wc-block-grid__product-price price\"><span class=\"woocommerce-Price-amount amount\">620,00&nbsp;<span class=\"woocommerce-Price-currencySymbol\">&euro;<\/span><\/span><\/div>\n\t\t\t\t\n\t\t\t\t<div class=\"wp-block-button wc-block-grid__product-add-to-cart\"><a href=\"\/en\/wp-json\/wp\/v2\/pages\/8?add-to-cart=755\" aria-label=\"Add to basket: \u201cVase en cuivre \u00e0 patine verte\u201d\" data-quantity=\"1\" data-product_id=\"755\" data-product_sku=\"\" data-price=\"620\" rel=\"nofollow\" class=\"wp-block-button__link  add_to_cart_button ajax_add_to_cart\" data-no-translation=\"\" data-trp-gettext=\"\" data-no-translation-aria-label=\"\">Add to basket<\/a><\/div>\n\t\t\t<\/li><li class=\"wc-block-grid__product\">\n\t\t\t\t<a href=\"https:\/\/tsukimigallery.com\/en\/product\/vase-martele-gyokusend\/\" class=\"wc-block-grid__product-link\">\n\t\t\t\t\t\n\t\t\t\t\t<div class=\"wc-block-grid__product-image\"><img loading=\"lazy\" decoding=\"async\" width=\"450\" height=\"450\" src=\"https:\/\/tsukimigallery.com\/wp-content\/uploads\/2025\/07\/187a-450x450.webp\" class=\"attachment-woocommerce_thumbnail size-woocommerce_thumbnail\" alt=\"Gyokusendo vase en cuivre martel\u00e9 et patin\u00e9 rouge et dor\u00e9\" srcset=\"https:\/\/tsukimigallery.com\/wp-content\/uploads\/2025\/07\/187a-450x450.webp 450w, https:\/\/tsukimigallery.com\/wp-content\/uploads\/2025\/07\/187a-100x100.webp 100w, https:\/\/tsukimigallery.com\/wp-content\/uploads\/2025\/07\/187a-150x150.webp 150w\" sizes=\"auto, (max-width: 450px) 100vw, 450px\" \/><\/div>\n\t\t\t\t\t<div class=\"wc-block-grid__product-title\">Hammered copper vase<\/div>\n\t\t\t\t<\/a>\n\t\t\t\t<div class=\"wc-block-grid__product-price price\"><span class=\"woocommerce-Price-amount amount\">760,00&nbsp;<span class=\"woocommerce-Price-currencySymbol\">&euro;<\/span><\/span><\/div>\n\t\t\t\t\n\t\t\t\t<div class=\"wp-block-button wc-block-grid__product-add-to-cart\"><a href=\"\/en\/wp-json\/wp\/v2\/pages\/8?add-to-cart=754\" aria-label=\"Add to basket: \u201cVase en cuivre martel\u00e9\u201d\" data-quantity=\"1\" data-product_id=\"754\" data-product_sku=\"\" data-price=\"760\" rel=\"nofollow\" class=\"wp-block-button__link  add_to_cart_button ajax_add_to_cart\" data-no-translation=\"\" data-trp-gettext=\"\" data-no-translation-aria-label=\"\">Add to basket<\/a><\/div>\n\t\t\t<\/li><\/ul><\/div><\/div>\n<\/div>","protected":false},"excerpt":{"rendered":"","protected":false},"author":1,"featured_media":0,"parent":0,"menu_order":0,"comment_status":"closed","ping_status":"closed","template":"","meta":{"_editorskit_title_hidden":false,"_editorskit_reading_time":0,"_editorskit_is_block_options_detached":false,"_editorskit_block_options_position":"{}","_eb_attr":"","footnotes":""},"class_list":["post-8","page","type-page","status-publish","hentry"],"yoast_head":"<!-- This site is optimized with the Yoast SEO plugin v25.9 - https:\/\/yoast.com\/wordpress\/plugins\/seo\/ -->\n<title>Panier - Tsukimi Gallery<\/title>\n<meta name=\"robots\" content=\"index, follow, max-snippet:-1, max-image-preview:large, max-video-preview:-1\" \/>\n<link rel=\"canonical\" href=\"https:\/\/tsukimigallery.com\/en\/panier\/\" \/>\n<meta property=\"og:locale\" content=\"en_GB\" \/>\n<meta property=\"og:type\" content=\"article\" \/>\n<meta property=\"og:title\" content=\"Panier - Tsukimi Gallery\" \/>\n<meta property=\"og:url\" content=\"https:\/\/tsukimigallery.com\/en\/panier\/\" \/>\n<meta property=\"og:site_name\" content=\"Tsukimi Gallery\" \/>\n<meta property=\"article:modified_time\" content=\"2025-09-17T08:49:40+00:00\" \/>\n<meta name=\"twitter:card\" content=\"summary_large_image\" \/>\n<script type=\"application\/ld+json\" class=\"yoast-schema-graph\">{\"@context\":\"https:\/\/schema.org\",\"@graph\":[{\"@type\":\"WebPage\",\"@id\":\"https:\/\/tsukimigallery.com\/panier\/\",\"url\":\"https:\/\/tsukimigallery.com\/panier\/\",\"name\":\"Panier - Tsukimi Gallery\",\"isPartOf\":{\"@id\":\"https:\/\/tsukimigallery.com\/#website\"},\"datePublished\":\"2025-09-16T18:28:55+00:00\",\"dateModified\":\"2025-09-17T08:49:40+00:00\",\"breadcrumb\":{\"@id\":\"https:\/\/tsukimigallery.com\/panier\/#breadcrumb\"},\"inLanguage\":\"en-GB\",\"potentialAction\":[{\"@type\":\"ReadAction\",\"target\":[\"https:\/\/tsukimigallery.com\/panier\/\"]}]},{\"@type\":\"BreadcrumbList\",\"@id\":\"https:\/\/tsukimigallery.com\/panier\/#breadcrumb\",\"itemListElement\":[{\"@type\":\"ListItem\",\"position\":1,\"name\":\"Accueil\",\"item\":\"https:\/\/tsukimigallery.com\/\"},{\"@type\":\"ListItem\",\"position\":2,\"name\":\"Panier\"}]},{\"@type\":\"WebSite\",\"@id\":\"https:\/\/tsukimigallery.com\/#website\",\"url\":\"https:\/\/tsukimigallery.com\/\",\"name\":\"Tsukimi Gallery\",\"description\":\"\",\"publisher\":{\"@id\":\"https:\/\/tsukimigallery.com\/#organization\"},\"potentialAction\":[{\"@type\":\"SearchAction\",\"target\":{\"@type\":\"EntryPoint\",\"urlTemplate\":\"https:\/\/tsukimigallery.com\/?s={search_term_string}\"},\"query-input\":{\"@type\":\"PropertyValueSpecification\",\"valueRequired\":true,\"valueName\":\"search_term_string\"}}],\"inLanguage\":\"en-GB\"},{\"@type\":\"Organization\",\"@id\":\"https:\/\/tsukimigallery.com\/#organization\",\"name\":\"Tsukimi Gallery\",\"url\":\"https:\/\/tsukimigallery.com\/\",\"logo\":{\"@type\":\"ImageObject\",\"inLanguage\":\"en-GB\",\"@id\":\"https:\/\/tsukimigallery.com\/#\/schema\/logo\/image\/\",\"url\":\"https:\/\/tsukimigallery.com\/wp-content\/uploads\/2025\/04\/Logo-color.png\",\"contentUrl\":\"https:\/\/tsukimigallery.com\/wp-content\/uploads\/2025\/04\/Logo-color.png\",\"width\":363,\"height\":100,\"caption\":\"Tsukimi Gallery\"},\"image\":{\"@id\":\"https:\/\/tsukimigallery.com\/#\/schema\/logo\/image\/\"}}]}<\/script>\n<!-- \/ Yoast SEO plugin. -->","yoast_head_json":{"title":"Panier - Tsukimi Gallery","robots":{"index":"index","follow":"follow","max-snippet":"max-snippet:-1","max-image-preview":"max-image-preview:large","max-video-preview":"max-video-preview:-1"},"canonical":"https:\/\/tsukimigallery.com\/en\/panier\/","og_locale":"en_GB","og_type":"article","og_title":"Panier - Tsukimi Gallery","og_url":"https:\/\/tsukimigallery.com\/en\/panier\/","og_site_name":"Tsukimi Gallery","article_modified_time":"2025-09-17T08:49:40+00:00","twitter_card":"summary_large_image","schema":{"@context":"https:\/\/schema.org","@graph":[{"@type":"WebPage","@id":"https:\/\/tsukimigallery.com\/panier\/","url":"https:\/\/tsukimigallery.com\/panier\/","name":"Panier - Tsukimi Gallery","isPartOf":{"@id":"https:\/\/tsukimigallery.com\/#website"},"datePublished":"2025-09-16T18:28:55+00:00","dateModified":"2025-09-17T08:49:40+00:00","breadcrumb":{"@id":"https:\/\/tsukimigallery.com\/panier\/#breadcrumb"},"inLanguage":"en-GB","potentialAction":[{"@type":"ReadAction","target":["https:\/\/tsukimigallery.com\/panier\/"]}]},{"@type":"BreadcrumbList","@id":"https:\/\/tsukimigallery.com\/panier\/#breadcrumb","itemListElement":[{"@type":"ListItem","position":1,"name":"Accueil","item":"https:\/\/tsukimigallery.com\/"},{"@type":"ListItem","position":2,"name":"Panier"}]},{"@type":"WebSite","@id":"https:\/\/tsukimigallery.com\/#website","url":"https:\/\/tsukimigallery.com\/","name":"Tsukimi Gallery","description":"","publisher":{"@id":"https:\/\/tsukimigallery.com\/#organization"},"potentialAction":[{"@type":"SearchAction","target":{"@type":"EntryPoint","urlTemplate":"https:\/\/tsukimigallery.com\/?s={search_term_string}"},"query-input":{"@type":"PropertyValueSpecification","valueRequired":true,"valueName":"search_term_string"}}],"inLanguage":"en-GB"},{"@type":"Organization","@id":"https:\/\/tsukimigallery.com\/#organization","name":"Tsukimi Gallery","url":"https:\/\/tsukimigallery.com\/","logo":{"@type":"ImageObject","inLanguage":"en-GB","@id":"https:\/\/tsukimigallery.com\/#\/schema\/logo\/image\/","url":"https:\/\/tsukimigallery.com\/wp-content\/uploads\/2025\/04\/Logo-color.png","contentUrl":"https:\/\/tsukimigallery.com\/wp-content\/uploads\/2025\/04\/Logo-color.png","width":363,"height":100,"caption":"Tsukimi Gallery"},"image":{"@id":"https:\/\/tsukimigallery.com\/#\/schema\/logo\/image\/"}}]}},"_links":{"self":[{"href":"https:\/\/tsukimigallery.com\/en\/wp-json\/wp\/v2\/pages\/8","targetHints":{"allow":["GET"]}}],"collection":[{"href":"https:\/\/tsukimigallery.com\/en\/wp-json\/wp\/v2\/pages"}],"about":[{"href":"https:\/\/tsukimigallery.com\/en\/wp-json\/wp\/v2\/types\/page"}],"author":[{"embeddable":true,"href":"https:\/\/tsukimigallery.com\/en\/wp-json\/wp\/v2\/users\/1"}],"replies":[{"embeddable":true,"href":"https:\/\/tsukimigallery.com\/en\/wp-json\/wp\/v2\/comments?post=8"}],"version-history":[{"count":1,"href":"https:\/\/tsukimigallery.com\/en\/wp-json\/wp\/v2\/pages\/8\/revisions"}],"predecessor-version":[{"id":12,"href":"https:\/\/tsukimigallery.com\/en\/wp-json\/wp\/v2\/pages\/8\/revisions\/12"}],"wp:attachment":[{"href":"https:\/\/tsukimigallery.com\/en\/wp-json\/wp\/v2\/media?parent=8"}],"curies":[{"name":"wp","href":"https:\/\/api.w.org\/{rel}","templated":true}]}}