{"id":356,"date":"2025-04-13T14:52:45","date_gmt":"2025-04-13T13:52:45","guid":{"rendered":"https:\/\/seo.geoffroycrabieres.com\/?post_type=product&#038;p=356"},"modified":"2025-09-17T07:58:25","modified_gmt":"2025-09-17T07:58:25","slug":"chrysanthemums-ogawa-kazumasa","status":"publish","type":"product","link":"https:\/\/tsukimigallery.com\/en\/product\/chrysanthemums-ogawa-kazumasa\/","title":{"rendered":"Chrysanthemums"},"content":{"rendered":"<p><strong>About Ogawa Kazumasa<\/strong><\/p>\n\n\n\n<p>Born in Saitama prefecture, Ogawa Kazumasa apprenticed with the photographer Yoshiwara Hideo and opened his own portrait studio at the age of 17. In 1882, after two years spent in Tokyo, he traveled for the United States, living in Boston and Philadelphia. There, he acquired photography techniques including carbon printing and collotype. In 1884, he returned to Tokyo and opened a photographic studio and soon became the foremost photographic publisher in Japan. He revived in 1889 the first photography magazine Sashin Shimpo, and played a central part in the creation of the Japan Photographic Society. It is between 1894 and 1896 that Ogawa Kazumasa produced a series of hand painted collotypes featuring Japanese native flowers.<\/p>\n\n\n\n<div id=\"read-more\">Read more<\/div>","protected":false},"excerpt":{"rendered":"<p>Collotype with lithographic over printing in colour from the serie Some Japanese Flowers<\/p>\n<p>Circa 1896-1900<\/p>\n<p>H. 27,8 x W. 21,5 cm (image only)\u00a0<\/p>\n<p>Passe partout sur mesure inclus 40 x50 cm<\/p>","protected":false},"featured_media":358,"comment_status":"closed","ping_status":"closed","template":"","meta":{"_editorskit_title_hidden":false,"_editorskit_reading_time":0,"_editorskit_is_block_options_detached":false,"_editorskit_block_options_position":"{}","_eb_attr":""},"product_brand":[],"product_cat":[213],"product_tag":[203],"class_list":{"0":"post-356","1":"product","2":"type-product","3":"status-publish","4":"has-post-thumbnail","6":"product_cat-photographie","7":"product_tag-ogawa-kazumasa","9":"first","10":"instock","11":"shipping-taxable","12":"purchasable","13":"product-type-simple"},"yoast_head":"<!-- This site is optimized with the Yoast SEO plugin v25.9 - https:\/\/yoast.com\/wordpress\/plugins\/seo\/ -->\n<title>Chrysanthemums - Tsukimi Gallery<\/title>\n<meta name=\"description\" content=\"Ogawa Kazumasa, Epreuve de collotype color\u00e9es issue de la s\u00e9rie Fleurs Japonaises, repr\u00e9sentation de chrysanth\u00e8mes blanches\" \/>\n<meta name=\"robots\" content=\"index, follow, max-snippet:-1, max-image-preview:large, max-video-preview:-1\" \/>\n<link rel=\"canonical\" href=\"https:\/\/tsukimigallery.com\/en\/product\/chrysanthemums-ogawa-kazumasa\/\" \/>\n<meta property=\"og:locale\" content=\"en_GB\" \/>\n<meta property=\"og:type\" content=\"article\" \/>\n<meta property=\"og:title\" content=\"Chrysanthemums - Tsukimi Gallery\" \/>\n<meta property=\"og:description\" content=\"Ogawa Kazumasa, Epreuve de collotype color\u00e9es issue de la s\u00e9rie Fleurs Japonaises, repr\u00e9sentation de chrysanth\u00e8mes blanches\" \/>\n<meta property=\"og:url\" content=\"https:\/\/tsukimigallery.com\/en\/product\/chrysanthemums-ogawa-kazumasa\/\" \/>\n<meta property=\"og:site_name\" content=\"Tsukimi Gallery\" \/>\n<meta property=\"article:modified_time\" content=\"2025-09-17T07:58:25+00:00\" \/>\n<meta property=\"og:image\" content=\"https:\/\/tsukimigallery.com\/wp-content\/uploads\/2025\/04\/bd22f6ff4b36527f.jpg\" \/>\n\t<meta property=\"og:image:width\" content=\"720\" \/>\n\t<meta property=\"og:image:height\" content=\"720\" \/>\n\t<meta property=\"og:image:type\" content=\"image\/jpeg\" \/>\n<meta name=\"twitter:card\" content=\"summary_large_image\" \/>\n<meta name=\"twitter:label1\" content=\"Estimated reading time\" \/>\n\t<meta name=\"twitter:data1\" content=\"1 minute\" \/>\n<script type=\"application\/ld+json\" class=\"yoast-schema-graph\">{\"@context\":\"https:\/\/schema.org\",\"@graph\":[{\"@type\":\"WebPage\",\"@id\":\"https:\/\/tsukimigallery.com\/produit\/chrysanthemums-ogawa-kazumasa\/\",\"url\":\"https:\/\/tsukimigallery.com\/produit\/chrysanthemums-ogawa-kazumasa\/\",\"name\":\"Chrysanthemums - Tsukimi Gallery\",\"isPartOf\":{\"@id\":\"https:\/\/tsukimigallery.com\/#website\"},\"primaryImageOfPage\":{\"@id\":\"https:\/\/tsukimigallery.com\/produit\/chrysanthemums-ogawa-kazumasa\/#primaryimage\"},\"image\":{\"@id\":\"https:\/\/tsukimigallery.com\/produit\/chrysanthemums-ogawa-kazumasa\/#primaryimage\"},\"thumbnailUrl\":\"https:\/\/tsukimigallery.com\/wp-content\/uploads\/2025\/04\/bd22f6ff4b36527f.jpg\",\"datePublished\":\"2025-04-13T13:52:45+00:00\",\"dateModified\":\"2025-09-17T07:58:25+00:00\",\"description\":\"Ogawa Kazumasa, Epreuve de collotype color\u00e9es issue de la s\u00e9rie Fleurs Japonaises, repr\u00e9sentation de chrysanth\u00e8mes blanches\",\"breadcrumb\":{\"@id\":\"https:\/\/tsukimigallery.com\/produit\/chrysanthemums-ogawa-kazumasa\/#breadcrumb\"},\"inLanguage\":\"en-GB\",\"potentialAction\":[{\"@type\":\"ReadAction\",\"target\":[\"https:\/\/tsukimigallery.com\/produit\/chrysanthemums-ogawa-kazumasa\/\"]}]},{\"@type\":\"ImageObject\",\"inLanguage\":\"en-GB\",\"@id\":\"https:\/\/tsukimigallery.com\/produit\/chrysanthemums-ogawa-kazumasa\/#primaryimage\",\"url\":\"https:\/\/tsukimigallery.com\/wp-content\/uploads\/2025\/04\/bd22f6ff4b36527f.jpg\",\"contentUrl\":\"https:\/\/tsukimigallery.com\/wp-content\/uploads\/2025\/04\/bd22f6ff4b36527f.jpg\",\"width\":720,\"height\":720,\"caption\":\"Chrysanthemums by Ogawa Kazumasa\"},{\"@type\":\"BreadcrumbList\",\"@id\":\"https:\/\/tsukimigallery.com\/produit\/chrysanthemums-ogawa-kazumasa\/#breadcrumb\",\"itemListElement\":[{\"@type\":\"ListItem\",\"position\":1,\"name\":\"Accueil\",\"item\":\"https:\/\/tsukimigallery.com\/\"},{\"@type\":\"ListItem\",\"position\":2,\"name\":\"Boutique\",\"item\":\"https:\/\/tsukimigallery.com\/boutique\/\"},{\"@type\":\"ListItem\",\"position\":3,\"name\":\"Chrysanthemums\"}]},{\"@type\":\"WebSite\",\"@id\":\"https:\/\/tsukimigallery.com\/#website\",\"url\":\"https:\/\/tsukimigallery.com\/\",\"name\":\"Tsukimi Gallery\",\"description\":\"\",\"publisher\":{\"@id\":\"https:\/\/tsukimigallery.com\/#organization\"},\"potentialAction\":[{\"@type\":\"SearchAction\",\"target\":{\"@type\":\"EntryPoint\",\"urlTemplate\":\"https:\/\/tsukimigallery.com\/?s={search_term_string}\"},\"query-input\":{\"@type\":\"PropertyValueSpecification\",\"valueRequired\":true,\"valueName\":\"search_term_string\"}}],\"inLanguage\":\"en-GB\"},{\"@type\":\"Organization\",\"@id\":\"https:\/\/tsukimigallery.com\/#organization\",\"name\":\"Tsukimi Gallery\",\"url\":\"https:\/\/tsukimigallery.com\/\",\"logo\":{\"@type\":\"ImageObject\",\"inLanguage\":\"en-GB\",\"@id\":\"https:\/\/tsukimigallery.com\/#\/schema\/logo\/image\/\",\"url\":\"https:\/\/tsukimigallery.com\/wp-content\/uploads\/2025\/04\/Logo-color.png\",\"contentUrl\":\"https:\/\/tsukimigallery.com\/wp-content\/uploads\/2025\/04\/Logo-color.png\",\"width\":363,\"height\":100,\"caption\":\"Tsukimi Gallery\"},\"image\":{\"@id\":\"https:\/\/tsukimigallery.com\/#\/schema\/logo\/image\/\"}}]}<\/script>\n<!-- \/ Yoast SEO plugin. -->","yoast_head_json":{"title":"Chrysanthemums - Tsukimi Gallery","description":"Ogawa Kazumasa, Epreuve de collotype color\u00e9es issue de la s\u00e9rie Fleurs Japonaises, repr\u00e9sentation de chrysanth\u00e8mes blanches","robots":{"index":"index","follow":"follow","max-snippet":"max-snippet:-1","max-image-preview":"max-image-preview:large","max-video-preview":"max-video-preview:-1"},"canonical":"https:\/\/tsukimigallery.com\/en\/product\/chrysanthemums-ogawa-kazumasa\/","og_locale":"en_GB","og_type":"article","og_title":"Chrysanthemums - Tsukimi Gallery","og_description":"Ogawa Kazumasa, Epreuve de collotype color\u00e9es issue de la s\u00e9rie Fleurs Japonaises, repr\u00e9sentation de chrysanth\u00e8mes blanches","og_url":"https:\/\/tsukimigallery.com\/en\/product\/chrysanthemums-ogawa-kazumasa\/","og_site_name":"Tsukimi Gallery","article_modified_time":"2025-09-17T07:58:25+00:00","og_image":[{"width":720,"height":720,"url":"https:\/\/tsukimigallery.com\/wp-content\/uploads\/2025\/04\/bd22f6ff4b36527f.jpg","type":"image\/jpeg"}],"twitter_card":"summary_large_image","twitter_misc":{"Estimated reading time":"1 minute"},"schema":{"@context":"https:\/\/schema.org","@graph":[{"@type":"WebPage","@id":"https:\/\/tsukimigallery.com\/produit\/chrysanthemums-ogawa-kazumasa\/","url":"https:\/\/tsukimigallery.com\/produit\/chrysanthemums-ogawa-kazumasa\/","name":"Chrysanthemums - Tsukimi Gallery","isPartOf":{"@id":"https:\/\/tsukimigallery.com\/#website"},"primaryImageOfPage":{"@id":"https:\/\/tsukimigallery.com\/produit\/chrysanthemums-ogawa-kazumasa\/#primaryimage"},"image":{"@id":"https:\/\/tsukimigallery.com\/produit\/chrysanthemums-ogawa-kazumasa\/#primaryimage"},"thumbnailUrl":"https:\/\/tsukimigallery.com\/wp-content\/uploads\/2025\/04\/bd22f6ff4b36527f.jpg","datePublished":"2025-04-13T13:52:45+00:00","dateModified":"2025-09-17T07:58:25+00:00","description":"Ogawa Kazumasa, Epreuve de collotype color\u00e9es issue de la s\u00e9rie Fleurs Japonaises, repr\u00e9sentation de chrysanth\u00e8mes blanches","breadcrumb":{"@id":"https:\/\/tsukimigallery.com\/produit\/chrysanthemums-ogawa-kazumasa\/#breadcrumb"},"inLanguage":"en-GB","potentialAction":[{"@type":"ReadAction","target":["https:\/\/tsukimigallery.com\/produit\/chrysanthemums-ogawa-kazumasa\/"]}]},{"@type":"ImageObject","inLanguage":"en-GB","@id":"https:\/\/tsukimigallery.com\/produit\/chrysanthemums-ogawa-kazumasa\/#primaryimage","url":"https:\/\/tsukimigallery.com\/wp-content\/uploads\/2025\/04\/bd22f6ff4b36527f.jpg","contentUrl":"https:\/\/tsukimigallery.com\/wp-content\/uploads\/2025\/04\/bd22f6ff4b36527f.jpg","width":720,"height":720,"caption":"Chrysanthemums by Ogawa Kazumasa"},{"@type":"BreadcrumbList","@id":"https:\/\/tsukimigallery.com\/produit\/chrysanthemums-ogawa-kazumasa\/#breadcrumb","itemListElement":[{"@type":"ListItem","position":1,"name":"Accueil","item":"https:\/\/tsukimigallery.com\/"},{"@type":"ListItem","position":2,"name":"Boutique","item":"https:\/\/tsukimigallery.com\/boutique\/"},{"@type":"ListItem","position":3,"name":"Chrysanthemums"}]},{"@type":"WebSite","@id":"https:\/\/tsukimigallery.com\/#website","url":"https:\/\/tsukimigallery.com\/","name":"Tsukimi Gallery","description":"","publisher":{"@id":"https:\/\/tsukimigallery.com\/#organization"},"potentialAction":[{"@type":"SearchAction","target":{"@type":"EntryPoint","urlTemplate":"https:\/\/tsukimigallery.com\/?s={search_term_string}"},"query-input":{"@type":"PropertyValueSpecification","valueRequired":true,"valueName":"search_term_string"}}],"inLanguage":"en-GB"},{"@type":"Organization","@id":"https:\/\/tsukimigallery.com\/#organization","name":"Tsukimi Gallery","url":"https:\/\/tsukimigallery.com\/","logo":{"@type":"ImageObject","inLanguage":"en-GB","@id":"https:\/\/tsukimigallery.com\/#\/schema\/logo\/image\/","url":"https:\/\/tsukimigallery.com\/wp-content\/uploads\/2025\/04\/Logo-color.png","contentUrl":"https:\/\/tsukimigallery.com\/wp-content\/uploads\/2025\/04\/Logo-color.png","width":363,"height":100,"caption":"Tsukimi Gallery"},"image":{"@id":"https:\/\/tsukimigallery.com\/#\/schema\/logo\/image\/"}}]}},"_links":{"self":[{"href":"https:\/\/tsukimigallery.com\/en\/wp-json\/wp\/v2\/product\/356","targetHints":{"allow":["GET"]}}],"collection":[{"href":"https:\/\/tsukimigallery.com\/en\/wp-json\/wp\/v2\/product"}],"about":[{"href":"https:\/\/tsukimigallery.com\/en\/wp-json\/wp\/v2\/types\/product"}],"replies":[{"embeddable":true,"href":"https:\/\/tsukimigallery.com\/en\/wp-json\/wp\/v2\/comments?post=356"}],"wp:featuredmedia":[{"embeddable":true,"href":"https:\/\/tsukimigallery.com\/en\/wp-json\/wp\/v2\/media\/358"}],"wp:attachment":[{"href":"https:\/\/tsukimigallery.com\/en\/wp-json\/wp\/v2\/media?parent=356"}],"wp:term":[{"taxonomy":"product_brand","embeddable":true,"href":"https:\/\/tsukimigallery.com\/en\/wp-json\/wp\/v2\/product_brand?post=356"},{"taxonomy":"product_cat","embeddable":true,"href":"https:\/\/tsukimigallery.com\/en\/wp-json\/wp\/v2\/product_cat?post=356"},{"taxonomy":"product_tag","embeddable":true,"href":"https:\/\/tsukimigallery.com\/en\/wp-json\/wp\/v2\/product_tag?post=356"}],"curies":[{"name":"wp","href":"https:\/\/api.w.org\/{rel}","templated":true}]}}