{"id":468,"date":"2025-04-28T21:48:39","date_gmt":"2025-04-28T20:48:39","guid":{"rendered":"https:\/\/seo.geoffroycrabieres.com\/?post_type=product&amp;p=468"},"modified":"2025-04-28T21:48:39","modified_gmt":"2025-04-28T20:48:39","slug":"vase-porcelaine-tokuda-yasokichi","status":"publish","type":"product","link":"https:\/\/tsukimigallery.com\/en\/product\/vase-porcelaine-tokuda-yasokichi\/","title":{"rendered":"Kutani porcelain vase"},"content":{"rendered":"<p><strong>About Tokuda Yasokichi III<\/strong><\/p>\n\n\n\n<p>One of the world's famous Kutani ceramicist, Tokuda Yasokichi III (1933-2009) was born in Kaga city, Ishikawa prefecture in a family of Kutani potters. After training with both his grand-father and father. In the early 1970's, he developed a more personal style and a way to blend the Kutani traditional color glazes in a way that was never seen before, allowing him to crate fine shades and vivid contrasts, in a technique called Saiyu. He received multiple prizes along his career, including the Grand Prize of the International Pottery and porcelain Exhibition in 1990. In 1997, he was designated as Living National Treasure (holder of Intangible Cultural Property) for porcelain with colored glazes.<\/p>\n\n\n\n<div id=\"read-more\">Read more<\/div>","protected":false},"excerpt":{"rendered":"<p>Designated Living National Treasure in 1997<\/p>\n<p>Large Kutani porcelain vase covered with blended aubergine, dark and light blue glazes.<br \/>With original wood storage box.<\/p>\n<p>Signed on the base<\/p>\n<p>Heisei era, circa 1990-2000<\/p>\n<p>H. 32.6 cm, Diam 18 cm<\/p>\n<p>Public collection: <em>The Metropolitan Museum of Art | New York, The British Museum | London, Victoria &amp; Albert Museum | London, Smithsonian Institute | Washington D.C<\/em><\/p>","protected":false},"featured_media":451,"comment_status":"closed","ping_status":"closed","template":"","meta":{"_editorskit_title_hidden":false,"_editorskit_reading_time":0,"_editorskit_is_block_options_detached":false,"_editorskit_block_options_position":"{}","_eb_attr":""},"product_brand":[],"product_cat":[130],"product_tag":[238],"class_list":{"0":"post-468","1":"product","2":"type-product","3":"status-publish","4":"has-post-thumbnail","6":"product_cat-ceramique","7":"product_tag-tokuda-yasokichi-iii","9":"first","10":"instock","11":"shipping-taxable","12":"purchasable","13":"product-type-simple"},"yoast_head":"<!-- This site is optimized with the Yoast SEO plugin v25.9 - https:\/\/yoast.com\/wordpress\/plugins\/seo\/ -->\n<title>Vase en porcelaine de Kutani - Tsukimi Gallery<\/title>\n<meta name=\"description\" content=\"Tokuda Yasokichi III, Grand vase en porcelaine de Kutani, \u00e0 gla\u00e7ures aubergine, bleu clair et fonc\u00e9, hauteur 32.6cm, vers 1990-2000\" \/>\n<meta name=\"robots\" content=\"index, follow, max-snippet:-1, max-image-preview:large, max-video-preview:-1\" \/>\n<link rel=\"canonical\" href=\"https:\/\/tsukimigallery.com\/en\/?product=vase-porcelaine-tokuda-yasokichi\" \/>\n<meta property=\"og:locale\" content=\"en_GB\" \/>\n<meta property=\"og:type\" content=\"article\" \/>\n<meta property=\"og:title\" content=\"Vase en porcelaine de Kutani - Tsukimi Gallery\" \/>\n<meta property=\"og:description\" content=\"Tokuda Yasokichi III, Grand vase en porcelaine de Kutani, \u00e0 gla\u00e7ures aubergine, bleu clair et fonc\u00e9, hauteur 32.6cm, vers 1990-2000\" \/>\n<meta property=\"og:url\" content=\"https:\/\/tsukimigallery.com\/en\/?product=vase-porcelaine-tokuda-yasokichi\" \/>\n<meta property=\"og:site_name\" content=\"Tsukimi Gallery\" \/>\n<meta property=\"og:image\" content=\"https:\/\/tsukimigallery.com\/wp-content\/uploads\/2025\/04\/211b-copie-scaled-1.webp\" \/>\n\t<meta property=\"og:image:width\" content=\"2560\" \/>\n\t<meta property=\"og:image:height\" content=\"1828\" \/>\n\t<meta property=\"og:image:type\" content=\"image\/webp\" \/>\n<meta name=\"twitter:card\" content=\"summary_large_image\" \/>\n<meta name=\"twitter:label1\" content=\"Estimated reading time\" \/>\n\t<meta name=\"twitter:data1\" content=\"1 minute\" \/>\n<script type=\"application\/ld+json\" class=\"yoast-schema-graph\">{\"@context\":\"https:\/\/schema.org\",\"@graph\":[{\"@type\":\"WebPage\",\"@id\":\"https:\/\/tsukimigallery.com\/?product=vase-porcelaine-tokuda-yasokichi\",\"url\":\"https:\/\/tsukimigallery.com\/?product=vase-porcelaine-tokuda-yasokichi\",\"name\":\"Vase en porcelaine de Kutani - Tsukimi Gallery\",\"isPartOf\":{\"@id\":\"https:\/\/tsukimigallery.com\/#website\"},\"primaryImageOfPage\":{\"@id\":\"https:\/\/tsukimigallery.com\/?product=vase-porcelaine-tokuda-yasokichi#primaryimage\"},\"image\":{\"@id\":\"https:\/\/tsukimigallery.com\/?product=vase-porcelaine-tokuda-yasokichi#primaryimage\"},\"thumbnailUrl\":\"https:\/\/tsukimigallery.com\/wp-content\/uploads\/2025\/04\/211b-copie-scaled-1.webp\",\"datePublished\":\"2025-04-28T20:48:39+00:00\",\"description\":\"Tokuda Yasokichi III, Grand vase en porcelaine de Kutani, \u00e0 gla\u00e7ures aubergine, bleu clair et fonc\u00e9, hauteur 32.6cm, vers 1990-2000\",\"breadcrumb\":{\"@id\":\"https:\/\/tsukimigallery.com\/?product=vase-porcelaine-tokuda-yasokichi#breadcrumb\"},\"inLanguage\":\"en-GB\",\"potentialAction\":[{\"@type\":\"ReadAction\",\"target\":[\"https:\/\/tsukimigallery.com\/?product=vase-porcelaine-tokuda-yasokichi\"]}]},{\"@type\":\"ImageObject\",\"inLanguage\":\"en-GB\",\"@id\":\"https:\/\/tsukimigallery.com\/?product=vase-porcelaine-tokuda-yasokichi#primaryimage\",\"url\":\"https:\/\/tsukimigallery.com\/wp-content\/uploads\/2025\/04\/211b-copie-scaled-1.webp\",\"contentUrl\":\"https:\/\/tsukimigallery.com\/wp-content\/uploads\/2025\/04\/211b-copie-scaled-1.webp\",\"width\":2560,\"height\":1828,\"caption\":\"Tokuda Yasokichi III, Arita Porcelain vase\"},{\"@type\":\"BreadcrumbList\",\"@id\":\"https:\/\/tsukimigallery.com\/?product=vase-porcelaine-tokuda-yasokichi#breadcrumb\",\"itemListElement\":[{\"@type\":\"ListItem\",\"position\":1,\"name\":\"Accueil\",\"item\":\"https:\/\/tsukimigallery.com\/\"},{\"@type\":\"ListItem\",\"position\":2,\"name\":\"Boutique\",\"item\":\"https:\/\/tsukimigallery.com\/boutique\/\"},{\"@type\":\"ListItem\",\"position\":3,\"name\":\"Vase en porcelaine de Kutani\"}]},{\"@type\":\"WebSite\",\"@id\":\"https:\/\/tsukimigallery.com\/#website\",\"url\":\"https:\/\/tsukimigallery.com\/\",\"name\":\"Tsukimi Gallery\",\"description\":\"\",\"publisher\":{\"@id\":\"https:\/\/tsukimigallery.com\/#organization\"},\"potentialAction\":[{\"@type\":\"SearchAction\",\"target\":{\"@type\":\"EntryPoint\",\"urlTemplate\":\"https:\/\/tsukimigallery.com\/?s={search_term_string}\"},\"query-input\":{\"@type\":\"PropertyValueSpecification\",\"valueRequired\":true,\"valueName\":\"search_term_string\"}}],\"inLanguage\":\"en-GB\"},{\"@type\":\"Organization\",\"@id\":\"https:\/\/tsukimigallery.com\/#organization\",\"name\":\"Tsukimi Gallery\",\"url\":\"https:\/\/tsukimigallery.com\/\",\"logo\":{\"@type\":\"ImageObject\",\"inLanguage\":\"en-GB\",\"@id\":\"https:\/\/tsukimigallery.com\/#\/schema\/logo\/image\/\",\"url\":\"https:\/\/tsukimigallery.com\/wp-content\/uploads\/2025\/04\/Logo-color.png\",\"contentUrl\":\"https:\/\/tsukimigallery.com\/wp-content\/uploads\/2025\/04\/Logo-color.png\",\"width\":363,\"height\":100,\"caption\":\"Tsukimi Gallery\"},\"image\":{\"@id\":\"https:\/\/tsukimigallery.com\/#\/schema\/logo\/image\/\"}}]}<\/script>\n<!-- \/ Yoast SEO plugin. -->","yoast_head_json":{"title":"Vase en porcelaine de Kutani - Tsukimi Gallery","description":"Tokuda Yasokichi III, Grand vase en porcelaine de Kutani, \u00e0 gla\u00e7ures aubergine, bleu clair et fonc\u00e9, hauteur 32.6cm, vers 1990-2000","robots":{"index":"index","follow":"follow","max-snippet":"max-snippet:-1","max-image-preview":"max-image-preview:large","max-video-preview":"max-video-preview:-1"},"canonical":"https:\/\/tsukimigallery.com\/en\/?product=vase-porcelaine-tokuda-yasokichi","og_locale":"en_GB","og_type":"article","og_title":"Vase en porcelaine de Kutani - Tsukimi Gallery","og_description":"Tokuda Yasokichi III, Grand vase en porcelaine de Kutani, \u00e0 gla\u00e7ures aubergine, bleu clair et fonc\u00e9, hauteur 32.6cm, vers 1990-2000","og_url":"https:\/\/tsukimigallery.com\/en\/?product=vase-porcelaine-tokuda-yasokichi","og_site_name":"Tsukimi Gallery","og_image":[{"width":2560,"height":1828,"url":"https:\/\/tsukimigallery.com\/wp-content\/uploads\/2025\/04\/211b-copie-scaled-1.webp","type":"image\/webp"}],"twitter_card":"summary_large_image","twitter_misc":{"Estimated reading time":"1 minute"},"schema":{"@context":"https:\/\/schema.org","@graph":[{"@type":"WebPage","@id":"https:\/\/tsukimigallery.com\/?product=vase-porcelaine-tokuda-yasokichi","url":"https:\/\/tsukimigallery.com\/?product=vase-porcelaine-tokuda-yasokichi","name":"Vase en porcelaine de Kutani - Tsukimi Gallery","isPartOf":{"@id":"https:\/\/tsukimigallery.com\/#website"},"primaryImageOfPage":{"@id":"https:\/\/tsukimigallery.com\/?product=vase-porcelaine-tokuda-yasokichi#primaryimage"},"image":{"@id":"https:\/\/tsukimigallery.com\/?product=vase-porcelaine-tokuda-yasokichi#primaryimage"},"thumbnailUrl":"https:\/\/tsukimigallery.com\/wp-content\/uploads\/2025\/04\/211b-copie-scaled-1.webp","datePublished":"2025-04-28T20:48:39+00:00","description":"Tokuda Yasokichi III, Grand vase en porcelaine de Kutani, \u00e0 gla\u00e7ures aubergine, bleu clair et fonc\u00e9, hauteur 32.6cm, vers 1990-2000","breadcrumb":{"@id":"https:\/\/tsukimigallery.com\/?product=vase-porcelaine-tokuda-yasokichi#breadcrumb"},"inLanguage":"en-GB","potentialAction":[{"@type":"ReadAction","target":["https:\/\/tsukimigallery.com\/?product=vase-porcelaine-tokuda-yasokichi"]}]},{"@type":"ImageObject","inLanguage":"en-GB","@id":"https:\/\/tsukimigallery.com\/?product=vase-porcelaine-tokuda-yasokichi#primaryimage","url":"https:\/\/tsukimigallery.com\/wp-content\/uploads\/2025\/04\/211b-copie-scaled-1.webp","contentUrl":"https:\/\/tsukimigallery.com\/wp-content\/uploads\/2025\/04\/211b-copie-scaled-1.webp","width":2560,"height":1828,"caption":"Tokuda Yasokichi III, Arita Porcelain vase"},{"@type":"BreadcrumbList","@id":"https:\/\/tsukimigallery.com\/?product=vase-porcelaine-tokuda-yasokichi#breadcrumb","itemListElement":[{"@type":"ListItem","position":1,"name":"Accueil","item":"https:\/\/tsukimigallery.com\/"},{"@type":"ListItem","position":2,"name":"Boutique","item":"https:\/\/tsukimigallery.com\/boutique\/"},{"@type":"ListItem","position":3,"name":"Vase en porcelaine de Kutani"}]},{"@type":"WebSite","@id":"https:\/\/tsukimigallery.com\/#website","url":"https:\/\/tsukimigallery.com\/","name":"Tsukimi Gallery","description":"","publisher":{"@id":"https:\/\/tsukimigallery.com\/#organization"},"potentialAction":[{"@type":"SearchAction","target":{"@type":"EntryPoint","urlTemplate":"https:\/\/tsukimigallery.com\/?s={search_term_string}"},"query-input":{"@type":"PropertyValueSpecification","valueRequired":true,"valueName":"search_term_string"}}],"inLanguage":"en-GB"},{"@type":"Organization","@id":"https:\/\/tsukimigallery.com\/#organization","name":"Tsukimi Gallery","url":"https:\/\/tsukimigallery.com\/","logo":{"@type":"ImageObject","inLanguage":"en-GB","@id":"https:\/\/tsukimigallery.com\/#\/schema\/logo\/image\/","url":"https:\/\/tsukimigallery.com\/wp-content\/uploads\/2025\/04\/Logo-color.png","contentUrl":"https:\/\/tsukimigallery.com\/wp-content\/uploads\/2025\/04\/Logo-color.png","width":363,"height":100,"caption":"Tsukimi Gallery"},"image":{"@id":"https:\/\/tsukimigallery.com\/#\/schema\/logo\/image\/"}}]}},"_links":{"self":[{"href":"https:\/\/tsukimigallery.com\/en\/wp-json\/wp\/v2\/product\/468","targetHints":{"allow":["GET"]}}],"collection":[{"href":"https:\/\/tsukimigallery.com\/en\/wp-json\/wp\/v2\/product"}],"about":[{"href":"https:\/\/tsukimigallery.com\/en\/wp-json\/wp\/v2\/types\/product"}],"replies":[{"embeddable":true,"href":"https:\/\/tsukimigallery.com\/en\/wp-json\/wp\/v2\/comments?post=468"}],"wp:featuredmedia":[{"embeddable":true,"href":"https:\/\/tsukimigallery.com\/en\/wp-json\/wp\/v2\/media\/451"}],"wp:attachment":[{"href":"https:\/\/tsukimigallery.com\/en\/wp-json\/wp\/v2\/media?parent=468"}],"wp:term":[{"taxonomy":"product_brand","embeddable":true,"href":"https:\/\/tsukimigallery.com\/en\/wp-json\/wp\/v2\/product_brand?post=468"},{"taxonomy":"product_cat","embeddable":true,"href":"https:\/\/tsukimigallery.com\/en\/wp-json\/wp\/v2\/product_cat?post=468"},{"taxonomy":"product_tag","embeddable":true,"href":"https:\/\/tsukimigallery.com\/en\/wp-json\/wp\/v2\/product_tag?post=468"}],"curies":[{"name":"wp","href":"https:\/\/api.w.org\/{rel}","templated":true}]}}