{"id":469,"date":"2025-04-28T21:50:10","date_gmt":"2025-04-28T20:50:10","guid":{"rendered":"https:\/\/seo.geoffroycrabieres.com\/?post_type=product&amp;p=469"},"modified":"2025-04-28T21:50:10","modified_gmt":"2025-04-28T20:50:10","slug":"mizusachi-porcelaine-hakuko-ono","status":"publish","type":"product","link":"https:\/\/tsukimigallery.com\/en\/product\/mizusachi-porcelaine-hakuko-ono\/","title":{"rendered":"Porcelain mizusashi"},"content":{"rendered":"<p><strong>About Hakuko Ono<\/strong><\/p>\n\n\n\n<p>Born in Saga Prefecture, Hahuko Ono received her training from her father Kozan Ono, and then became in charge of design and painting in the family workshop. Fascinated by the very Japanese technique of underglaze gold leaf called y\u016bri-kinzan, she developed and perfected this very delicate process, associating it with abstract and geometric designs. Frequently exhibiting her pieces in Japan and abroad, she became a full member of the Japanese Crafts Associatio (Kogei) in 1973 and was the second woman to won the Japan Ceramic Society award in 1981. In 1992, she was designated Important Intangible Cultural Asset of Saga Prefecture for her y\u016bri-kinzan technique.<\/p>\n\n\n\n<div id=\"read-more\">Read more<\/div>","protected":false},"excerpt":{"rendered":"<p>Porcelain Mizusachi (cold water pot), decorated in y\u016bri-kinzai technique, gold foil under a blue glaze\nWith original wood storage box.<br \/>With original wood storage box.<\/p>\n<p>Signed on the base<\/p>\n<p>Sh\u014dwa era, circa 1985<\/p>\n<p>H. 15 cm, Diam. 15.7 cm<\/p>\n<p>Public collections: <em>Minneapolis Institute of Art, Mus\u00e9e National des Arts asiatiques (Paris), National museum of Modern Art in Tokyo.<\/em><\/p>","protected":false},"featured_media":447,"comment_status":"closed","ping_status":"closed","template":"","meta":{"_editorskit_title_hidden":false,"_editorskit_reading_time":0,"_editorskit_is_block_options_detached":false,"_editorskit_block_options_position":"{}","_eb_attr":""},"product_brand":[],"product_cat":[130],"product_tag":[163],"class_list":{"0":"post-469","1":"product","2":"type-product","3":"status-publish","4":"has-post-thumbnail","6":"product_cat-ceramique","7":"product_tag-hakuko-ono","9":"first","10":"instock","11":"shipping-taxable","12":"purchasable","13":"product-type-simple"},"yoast_head":"<!-- This site is optimized with the Yoast SEO plugin v25.9 - https:\/\/yoast.com\/wordpress\/plugins\/seo\/ -->\n<title>Mizusachi en porcelaine - Tsukimi Gallery<\/title>\n<meta name=\"description\" content=\"Hakuko Ono, Mizusachi (r\u00e9cipient \u00e0 eau froide) en porcelaine, d\u00e9cor\u00e9 de feuille d&#039;or sous gla\u00e7ure selon la technique y\u016bri-kinzai.\" \/>\n<meta name=\"robots\" content=\"index, follow, max-snippet:-1, max-image-preview:large, max-video-preview:-1\" \/>\n<link rel=\"canonical\" href=\"https:\/\/tsukimigallery.com\/en\/?product=mizusachi-porcelaine-hakuko-ono\" \/>\n<meta property=\"og:locale\" content=\"en_GB\" \/>\n<meta property=\"og:type\" content=\"article\" \/>\n<meta property=\"og:title\" content=\"Mizusachi en porcelaine - Tsukimi Gallery\" \/>\n<meta property=\"og:description\" content=\"Hakuko Ono, Mizusachi (r\u00e9cipient \u00e0 eau froide) en porcelaine, d\u00e9cor\u00e9 de feuille d&#039;or sous gla\u00e7ure selon la technique y\u016bri-kinzai.\" \/>\n<meta property=\"og:url\" content=\"https:\/\/tsukimigallery.com\/en\/?product=mizusachi-porcelaine-hakuko-ono\" \/>\n<meta property=\"og:site_name\" content=\"Tsukimi Gallery\" \/>\n<meta property=\"og:image\" content=\"https:\/\/tsukimigallery.com\/wp-content\/uploads\/2025\/04\/207a-copie-scaled-1.webp\" \/>\n\t<meta property=\"og:image:width\" content=\"2560\" \/>\n\t<meta property=\"og:image:height\" content=\"1829\" \/>\n\t<meta property=\"og:image:type\" content=\"image\/webp\" \/>\n<meta name=\"twitter:card\" content=\"summary_large_image\" \/>\n<meta name=\"twitter:label1\" content=\"Estimated reading time\" \/>\n\t<meta name=\"twitter:data1\" content=\"1 minute\" \/>\n<script type=\"application\/ld+json\" class=\"yoast-schema-graph\">{\"@context\":\"https:\/\/schema.org\",\"@graph\":[{\"@type\":\"WebPage\",\"@id\":\"https:\/\/tsukimigallery.com\/?product=mizusachi-porcelaine-hakuko-ono\",\"url\":\"https:\/\/tsukimigallery.com\/?product=mizusachi-porcelaine-hakuko-ono\",\"name\":\"Mizusachi en porcelaine - Tsukimi Gallery\",\"isPartOf\":{\"@id\":\"https:\/\/tsukimigallery.com\/#website\"},\"primaryImageOfPage\":{\"@id\":\"https:\/\/tsukimigallery.com\/?product=mizusachi-porcelaine-hakuko-ono#primaryimage\"},\"image\":{\"@id\":\"https:\/\/tsukimigallery.com\/?product=mizusachi-porcelaine-hakuko-ono#primaryimage\"},\"thumbnailUrl\":\"https:\/\/tsukimigallery.com\/wp-content\/uploads\/2025\/04\/207a-copie-scaled-1.webp\",\"datePublished\":\"2025-04-28T20:50:10+00:00\",\"description\":\"Hakuko Ono, Mizusachi (r\u00e9cipient \u00e0 eau froide) en porcelaine, d\u00e9cor\u00e9 de feuille d'or sous gla\u00e7ure selon la technique y\u016bri-kinzai.\",\"breadcrumb\":{\"@id\":\"https:\/\/tsukimigallery.com\/?product=mizusachi-porcelaine-hakuko-ono#breadcrumb\"},\"inLanguage\":\"en-GB\",\"potentialAction\":[{\"@type\":\"ReadAction\",\"target\":[\"https:\/\/tsukimigallery.com\/?product=mizusachi-porcelaine-hakuko-ono\"]}]},{\"@type\":\"ImageObject\",\"inLanguage\":\"en-GB\",\"@id\":\"https:\/\/tsukimigallery.com\/?product=mizusachi-porcelaine-hakuko-ono#primaryimage\",\"url\":\"https:\/\/tsukimigallery.com\/wp-content\/uploads\/2025\/04\/207a-copie-scaled-1.webp\",\"contentUrl\":\"https:\/\/tsukimigallery.com\/wp-content\/uploads\/2025\/04\/207a-copie-scaled-1.webp\",\"width\":2560,\"height\":1829},{\"@type\":\"BreadcrumbList\",\"@id\":\"https:\/\/tsukimigallery.com\/?product=mizusachi-porcelaine-hakuko-ono#breadcrumb\",\"itemListElement\":[{\"@type\":\"ListItem\",\"position\":1,\"name\":\"Accueil\",\"item\":\"https:\/\/tsukimigallery.com\/\"},{\"@type\":\"ListItem\",\"position\":2,\"name\":\"Boutique\",\"item\":\"https:\/\/tsukimigallery.com\/boutique\/\"},{\"@type\":\"ListItem\",\"position\":3,\"name\":\"Mizusachi en porcelaine\"}]},{\"@type\":\"WebSite\",\"@id\":\"https:\/\/tsukimigallery.com\/#website\",\"url\":\"https:\/\/tsukimigallery.com\/\",\"name\":\"Tsukimi Gallery\",\"description\":\"\",\"publisher\":{\"@id\":\"https:\/\/tsukimigallery.com\/#organization\"},\"potentialAction\":[{\"@type\":\"SearchAction\",\"target\":{\"@type\":\"EntryPoint\",\"urlTemplate\":\"https:\/\/tsukimigallery.com\/?s={search_term_string}\"},\"query-input\":{\"@type\":\"PropertyValueSpecification\",\"valueRequired\":true,\"valueName\":\"search_term_string\"}}],\"inLanguage\":\"en-GB\"},{\"@type\":\"Organization\",\"@id\":\"https:\/\/tsukimigallery.com\/#organization\",\"name\":\"Tsukimi Gallery\",\"url\":\"https:\/\/tsukimigallery.com\/\",\"logo\":{\"@type\":\"ImageObject\",\"inLanguage\":\"en-GB\",\"@id\":\"https:\/\/tsukimigallery.com\/#\/schema\/logo\/image\/\",\"url\":\"https:\/\/tsukimigallery.com\/wp-content\/uploads\/2025\/04\/Logo-color.png\",\"contentUrl\":\"https:\/\/tsukimigallery.com\/wp-content\/uploads\/2025\/04\/Logo-color.png\",\"width\":363,\"height\":100,\"caption\":\"Tsukimi Gallery\"},\"image\":{\"@id\":\"https:\/\/tsukimigallery.com\/#\/schema\/logo\/image\/\"}}]}<\/script>\n<!-- \/ Yoast SEO plugin. -->","yoast_head_json":{"title":"Mizusachi en porcelaine - Tsukimi Gallery","description":"Hakuko Ono, Mizusachi (r\u00e9cipient \u00e0 eau froide) en porcelaine, d\u00e9cor\u00e9 de feuille d'or sous gla\u00e7ure selon la technique y\u016bri-kinzai.","robots":{"index":"index","follow":"follow","max-snippet":"max-snippet:-1","max-image-preview":"max-image-preview:large","max-video-preview":"max-video-preview:-1"},"canonical":"https:\/\/tsukimigallery.com\/en\/?product=mizusachi-porcelaine-hakuko-ono","og_locale":"en_GB","og_type":"article","og_title":"Mizusachi en porcelaine - Tsukimi Gallery","og_description":"Hakuko Ono, Mizusachi (r\u00e9cipient \u00e0 eau froide) en porcelaine, d\u00e9cor\u00e9 de feuille d'or sous gla\u00e7ure selon la technique y\u016bri-kinzai.","og_url":"https:\/\/tsukimigallery.com\/en\/?product=mizusachi-porcelaine-hakuko-ono","og_site_name":"Tsukimi Gallery","og_image":[{"width":2560,"height":1829,"url":"https:\/\/tsukimigallery.com\/wp-content\/uploads\/2025\/04\/207a-copie-scaled-1.webp","type":"image\/webp"}],"twitter_card":"summary_large_image","twitter_misc":{"Estimated reading time":"1 minute"},"schema":{"@context":"https:\/\/schema.org","@graph":[{"@type":"WebPage","@id":"https:\/\/tsukimigallery.com\/?product=mizusachi-porcelaine-hakuko-ono","url":"https:\/\/tsukimigallery.com\/?product=mizusachi-porcelaine-hakuko-ono","name":"Mizusachi en porcelaine - Tsukimi Gallery","isPartOf":{"@id":"https:\/\/tsukimigallery.com\/#website"},"primaryImageOfPage":{"@id":"https:\/\/tsukimigallery.com\/?product=mizusachi-porcelaine-hakuko-ono#primaryimage"},"image":{"@id":"https:\/\/tsukimigallery.com\/?product=mizusachi-porcelaine-hakuko-ono#primaryimage"},"thumbnailUrl":"https:\/\/tsukimigallery.com\/wp-content\/uploads\/2025\/04\/207a-copie-scaled-1.webp","datePublished":"2025-04-28T20:50:10+00:00","description":"Hakuko Ono, Mizusachi (r\u00e9cipient \u00e0 eau froide) en porcelaine, d\u00e9cor\u00e9 de feuille d'or sous gla\u00e7ure selon la technique y\u016bri-kinzai.","breadcrumb":{"@id":"https:\/\/tsukimigallery.com\/?product=mizusachi-porcelaine-hakuko-ono#breadcrumb"},"inLanguage":"en-GB","potentialAction":[{"@type":"ReadAction","target":["https:\/\/tsukimigallery.com\/?product=mizusachi-porcelaine-hakuko-ono"]}]},{"@type":"ImageObject","inLanguage":"en-GB","@id":"https:\/\/tsukimigallery.com\/?product=mizusachi-porcelaine-hakuko-ono#primaryimage","url":"https:\/\/tsukimigallery.com\/wp-content\/uploads\/2025\/04\/207a-copie-scaled-1.webp","contentUrl":"https:\/\/tsukimigallery.com\/wp-content\/uploads\/2025\/04\/207a-copie-scaled-1.webp","width":2560,"height":1829},{"@type":"BreadcrumbList","@id":"https:\/\/tsukimigallery.com\/?product=mizusachi-porcelaine-hakuko-ono#breadcrumb","itemListElement":[{"@type":"ListItem","position":1,"name":"Accueil","item":"https:\/\/tsukimigallery.com\/"},{"@type":"ListItem","position":2,"name":"Boutique","item":"https:\/\/tsukimigallery.com\/boutique\/"},{"@type":"ListItem","position":3,"name":"Mizusachi en porcelaine"}]},{"@type":"WebSite","@id":"https:\/\/tsukimigallery.com\/#website","url":"https:\/\/tsukimigallery.com\/","name":"Tsukimi Gallery","description":"","publisher":{"@id":"https:\/\/tsukimigallery.com\/#organization"},"potentialAction":[{"@type":"SearchAction","target":{"@type":"EntryPoint","urlTemplate":"https:\/\/tsukimigallery.com\/?s={search_term_string}"},"query-input":{"@type":"PropertyValueSpecification","valueRequired":true,"valueName":"search_term_string"}}],"inLanguage":"en-GB"},{"@type":"Organization","@id":"https:\/\/tsukimigallery.com\/#organization","name":"Tsukimi Gallery","url":"https:\/\/tsukimigallery.com\/","logo":{"@type":"ImageObject","inLanguage":"en-GB","@id":"https:\/\/tsukimigallery.com\/#\/schema\/logo\/image\/","url":"https:\/\/tsukimigallery.com\/wp-content\/uploads\/2025\/04\/Logo-color.png","contentUrl":"https:\/\/tsukimigallery.com\/wp-content\/uploads\/2025\/04\/Logo-color.png","width":363,"height":100,"caption":"Tsukimi Gallery"},"image":{"@id":"https:\/\/tsukimigallery.com\/#\/schema\/logo\/image\/"}}]}},"_links":{"self":[{"href":"https:\/\/tsukimigallery.com\/en\/wp-json\/wp\/v2\/product\/469","targetHints":{"allow":["GET"]}}],"collection":[{"href":"https:\/\/tsukimigallery.com\/en\/wp-json\/wp\/v2\/product"}],"about":[{"href":"https:\/\/tsukimigallery.com\/en\/wp-json\/wp\/v2\/types\/product"}],"replies":[{"embeddable":true,"href":"https:\/\/tsukimigallery.com\/en\/wp-json\/wp\/v2\/comments?post=469"}],"wp:featuredmedia":[{"embeddable":true,"href":"https:\/\/tsukimigallery.com\/en\/wp-json\/wp\/v2\/media\/447"}],"wp:attachment":[{"href":"https:\/\/tsukimigallery.com\/en\/wp-json\/wp\/v2\/media?parent=469"}],"wp:term":[{"taxonomy":"product_brand","embeddable":true,"href":"https:\/\/tsukimigallery.com\/en\/wp-json\/wp\/v2\/product_brand?post=469"},{"taxonomy":"product_cat","embeddable":true,"href":"https:\/\/tsukimigallery.com\/en\/wp-json\/wp\/v2\/product_cat?post=469"},{"taxonomy":"product_tag","embeddable":true,"href":"https:\/\/tsukimigallery.com\/en\/wp-json\/wp\/v2\/product_tag?post=469"}],"curies":[{"name":"wp","href":"https:\/\/api.w.org\/{rel}","templated":true}]}}