{"id":470,"date":"2025-04-28T21:51:33","date_gmt":"2025-04-28T20:51:33","guid":{"rendered":"https:\/\/seo.geoffroycrabieres.com\/?post_type=product&amp;p=470"},"modified":"2025-04-28T21:51:33","modified_gmt":"2025-04-28T20:51:33","slug":"vase-arita-blanc-fujii-shumei","status":"publish","type":"product","link":"https:\/\/tsukimigallery.com\/en\/product\/vase-arita-blanc-fujii-shumei\/","title":{"rendered":"Porcelain vase with a fine celadon glaze"},"content":{"rendered":"<p><strong>About Fujii Shumei (1936-2017)<\/strong><\/p>\n\n\n\n<p>Born in Arita, Fujii Shumei began working as an apprentice in a pottery studio at the age of 15. In 1964, he exhibited his work for the first time at the Nitten Exhibition, where he won his first prize a year later. In 1977, he opened his own kiln in Arita. He became a highly successful artist who won many awards at the Japan Ceramic Art Exhibition, the Kyushu Yamaguchi Ceramic Exhibition, and received the Minister of Education Award. He is particularly well known for his original technique consisting in creating the decoration on his pieces by applying dyed leaves on the surface of the porcelain, and for his gracefull carved curvilinar design.<\/p>\n\n\n\n<div id=\"read-more\">Read more<\/div>","protected":false},"excerpt":{"rendered":"<p>Porcelain vase featuring finely carved curved lines, covered with a delicate celadon glaze.<\/p>\n<p>Signed on the base<\/p>\n<p>Heisei era, circa 2000<\/p>\n<p>H. 29 cm, Diam. 22.5 cm<\/p>\n<p>Public collection: <em>British Museum<\/em><\/p>","protected":false},"featured_media":590,"comment_status":"closed","ping_status":"closed","template":"","meta":{"_editorskit_title_hidden":false,"_editorskit_reading_time":0,"_editorskit_is_block_options_detached":false,"_editorskit_block_options_position":"{}","_eb_attr":""},"product_brand":[],"product_cat":[130],"product_tag":[160],"class_list":{"0":"post-470","1":"product","2":"type-product","3":"status-publish","4":"has-post-thumbnail","6":"product_cat-ceramique","7":"product_tag-fujii-shumei","9":"first","10":"instock","11":"shipping-taxable","12":"purchasable","13":"product-type-simple"},"yoast_head":"<!-- This site is optimized with the Yoast SEO plugin v25.9 - https:\/\/yoast.com\/wordpress\/plugins\/seo\/ -->\n<title>Vase en porcelaine \u00e0 gla\u00e7ure c\u00e9ladon - Tsukimi Gallery<\/title>\n<meta name=\"description\" content=\"Fujii Shumei (1936-2017) Vase en porcelaine de lignes courbes finement incis\u00e9es, couvert d\u2019une d\u00e9licate gla\u00e7ure c\u00e9ladon, vers 2000, H. 29 cm\" \/>\n<meta name=\"robots\" content=\"index, follow, max-snippet:-1, max-image-preview:large, max-video-preview:-1\" \/>\n<link rel=\"canonical\" href=\"https:\/\/tsukimigallery.com\/en\/?product=vase-arita-blanc-fujii-shumei\" \/>\n<meta property=\"og:locale\" content=\"en_GB\" \/>\n<meta property=\"og:type\" content=\"article\" \/>\n<meta property=\"og:title\" content=\"Vase en porcelaine \u00e0 gla\u00e7ure c\u00e9ladon - Tsukimi Gallery\" \/>\n<meta property=\"og:description\" content=\"Fujii Shumei (1936-2017) Vase en porcelaine de lignes courbes finement incis\u00e9es, couvert d\u2019une d\u00e9licate gla\u00e7ure c\u00e9ladon, vers 2000, H. 29 cm\" \/>\n<meta property=\"og:url\" content=\"https:\/\/tsukimigallery.com\/en\/?product=vase-arita-blanc-fujii-shumei\" \/>\n<meta property=\"og:site_name\" content=\"Tsukimi Gallery\" \/>\n<meta property=\"og:image\" content=\"https:\/\/tsukimigallery.com\/wp-content\/uploads\/2025\/04\/217-Fujii-Shumei-blanc-b-scaled-1.webp\" \/>\n\t<meta property=\"og:image:width\" content=\"2560\" \/>\n\t<meta property=\"og:image:height\" content=\"2048\" \/>\n\t<meta property=\"og:image:type\" content=\"image\/webp\" \/>\n<meta name=\"twitter:card\" content=\"summary_large_image\" \/>\n<meta name=\"twitter:label1\" content=\"Estimated reading time\" \/>\n\t<meta name=\"twitter:data1\" content=\"1 minute\" \/>\n<script type=\"application\/ld+json\" class=\"yoast-schema-graph\">{\"@context\":\"https:\/\/schema.org\",\"@graph\":[{\"@type\":\"WebPage\",\"@id\":\"https:\/\/tsukimigallery.com\/?product=vase-arita-blanc-fujii-shumei\",\"url\":\"https:\/\/tsukimigallery.com\/?product=vase-arita-blanc-fujii-shumei\",\"name\":\"Vase en porcelaine \u00e0 gla\u00e7ure c\u00e9ladon - Tsukimi Gallery\",\"isPartOf\":{\"@id\":\"https:\/\/tsukimigallery.com\/#website\"},\"primaryImageOfPage\":{\"@id\":\"https:\/\/tsukimigallery.com\/?product=vase-arita-blanc-fujii-shumei#primaryimage\"},\"image\":{\"@id\":\"https:\/\/tsukimigallery.com\/?product=vase-arita-blanc-fujii-shumei#primaryimage\"},\"thumbnailUrl\":\"https:\/\/tsukimigallery.com\/wp-content\/uploads\/2025\/04\/217-Fujii-Shumei-blanc-b-scaled-1.webp\",\"datePublished\":\"2025-04-28T20:51:33+00:00\",\"description\":\"Fujii Shumei (1936-2017) Vase en porcelaine de lignes courbes finement incis\u00e9es, couvert d\u2019une d\u00e9licate gla\u00e7ure c\u00e9ladon, vers 2000, H. 29 cm\",\"breadcrumb\":{\"@id\":\"https:\/\/tsukimigallery.com\/?product=vase-arita-blanc-fujii-shumei#breadcrumb\"},\"inLanguage\":\"en-GB\",\"potentialAction\":[{\"@type\":\"ReadAction\",\"target\":[\"https:\/\/tsukimigallery.com\/?product=vase-arita-blanc-fujii-shumei\"]}]},{\"@type\":\"ImageObject\",\"inLanguage\":\"en-GB\",\"@id\":\"https:\/\/tsukimigallery.com\/?product=vase-arita-blanc-fujii-shumei#primaryimage\",\"url\":\"https:\/\/tsukimigallery.com\/wp-content\/uploads\/2025\/04\/217-Fujii-Shumei-blanc-b-scaled-1.webp\",\"contentUrl\":\"https:\/\/tsukimigallery.com\/wp-content\/uploads\/2025\/04\/217-Fujii-Shumei-blanc-b-scaled-1.webp\",\"width\":2560,\"height\":2048,\"caption\":\"Pale celadon porcelain vase featuring finely carved lines by Fujii Shumei\"},{\"@type\":\"BreadcrumbList\",\"@id\":\"https:\/\/tsukimigallery.com\/?product=vase-arita-blanc-fujii-shumei#breadcrumb\",\"itemListElement\":[{\"@type\":\"ListItem\",\"position\":1,\"name\":\"Accueil\",\"item\":\"https:\/\/tsukimigallery.com\/\"},{\"@type\":\"ListItem\",\"position\":2,\"name\":\"Boutique\",\"item\":\"https:\/\/tsukimigallery.com\/boutique\/\"},{\"@type\":\"ListItem\",\"position\":3,\"name\":\"Vase en porcelaine \u00e0 gla\u00e7ure c\u00e9ladon\"}]},{\"@type\":\"WebSite\",\"@id\":\"https:\/\/tsukimigallery.com\/#website\",\"url\":\"https:\/\/tsukimigallery.com\/\",\"name\":\"Tsukimi Gallery\",\"description\":\"\",\"publisher\":{\"@id\":\"https:\/\/tsukimigallery.com\/#organization\"},\"potentialAction\":[{\"@type\":\"SearchAction\",\"target\":{\"@type\":\"EntryPoint\",\"urlTemplate\":\"https:\/\/tsukimigallery.com\/?s={search_term_string}\"},\"query-input\":{\"@type\":\"PropertyValueSpecification\",\"valueRequired\":true,\"valueName\":\"search_term_string\"}}],\"inLanguage\":\"en-GB\"},{\"@type\":\"Organization\",\"@id\":\"https:\/\/tsukimigallery.com\/#organization\",\"name\":\"Tsukimi Gallery\",\"url\":\"https:\/\/tsukimigallery.com\/\",\"logo\":{\"@type\":\"ImageObject\",\"inLanguage\":\"en-GB\",\"@id\":\"https:\/\/tsukimigallery.com\/#\/schema\/logo\/image\/\",\"url\":\"https:\/\/tsukimigallery.com\/wp-content\/uploads\/2025\/04\/Logo-color.png\",\"contentUrl\":\"https:\/\/tsukimigallery.com\/wp-content\/uploads\/2025\/04\/Logo-color.png\",\"width\":363,\"height\":100,\"caption\":\"Tsukimi Gallery\"},\"image\":{\"@id\":\"https:\/\/tsukimigallery.com\/#\/schema\/logo\/image\/\"}}]}<\/script>\n<!-- \/ Yoast SEO plugin. -->","yoast_head_json":{"title":"Vase en porcelaine \u00e0 gla\u00e7ure c\u00e9ladon - Tsukimi Gallery","description":"Fujii Shumei (1936-2017) Vase en porcelaine de lignes courbes finement incis\u00e9es, couvert d\u2019une d\u00e9licate gla\u00e7ure c\u00e9ladon, vers 2000, H. 29 cm","robots":{"index":"index","follow":"follow","max-snippet":"max-snippet:-1","max-image-preview":"max-image-preview:large","max-video-preview":"max-video-preview:-1"},"canonical":"https:\/\/tsukimigallery.com\/en\/?product=vase-arita-blanc-fujii-shumei","og_locale":"en_GB","og_type":"article","og_title":"Vase en porcelaine \u00e0 gla\u00e7ure c\u00e9ladon - Tsukimi Gallery","og_description":"Fujii Shumei (1936-2017) Vase en porcelaine de lignes courbes finement incis\u00e9es, couvert d\u2019une d\u00e9licate gla\u00e7ure c\u00e9ladon, vers 2000, H. 29 cm","og_url":"https:\/\/tsukimigallery.com\/en\/?product=vase-arita-blanc-fujii-shumei","og_site_name":"Tsukimi Gallery","og_image":[{"width":2560,"height":2048,"url":"https:\/\/tsukimigallery.com\/wp-content\/uploads\/2025\/04\/217-Fujii-Shumei-blanc-b-scaled-1.webp","type":"image\/webp"}],"twitter_card":"summary_large_image","twitter_misc":{"Estimated reading time":"1 minute"},"schema":{"@context":"https:\/\/schema.org","@graph":[{"@type":"WebPage","@id":"https:\/\/tsukimigallery.com\/?product=vase-arita-blanc-fujii-shumei","url":"https:\/\/tsukimigallery.com\/?product=vase-arita-blanc-fujii-shumei","name":"Vase en porcelaine \u00e0 gla\u00e7ure c\u00e9ladon - Tsukimi Gallery","isPartOf":{"@id":"https:\/\/tsukimigallery.com\/#website"},"primaryImageOfPage":{"@id":"https:\/\/tsukimigallery.com\/?product=vase-arita-blanc-fujii-shumei#primaryimage"},"image":{"@id":"https:\/\/tsukimigallery.com\/?product=vase-arita-blanc-fujii-shumei#primaryimage"},"thumbnailUrl":"https:\/\/tsukimigallery.com\/wp-content\/uploads\/2025\/04\/217-Fujii-Shumei-blanc-b-scaled-1.webp","datePublished":"2025-04-28T20:51:33+00:00","description":"Fujii Shumei (1936-2017) Vase en porcelaine de lignes courbes finement incis\u00e9es, couvert d\u2019une d\u00e9licate gla\u00e7ure c\u00e9ladon, vers 2000, H. 29 cm","breadcrumb":{"@id":"https:\/\/tsukimigallery.com\/?product=vase-arita-blanc-fujii-shumei#breadcrumb"},"inLanguage":"en-GB","potentialAction":[{"@type":"ReadAction","target":["https:\/\/tsukimigallery.com\/?product=vase-arita-blanc-fujii-shumei"]}]},{"@type":"ImageObject","inLanguage":"en-GB","@id":"https:\/\/tsukimigallery.com\/?product=vase-arita-blanc-fujii-shumei#primaryimage","url":"https:\/\/tsukimigallery.com\/wp-content\/uploads\/2025\/04\/217-Fujii-Shumei-blanc-b-scaled-1.webp","contentUrl":"https:\/\/tsukimigallery.com\/wp-content\/uploads\/2025\/04\/217-Fujii-Shumei-blanc-b-scaled-1.webp","width":2560,"height":2048,"caption":"Pale celadon porcelain vase featuring finely carved lines by Fujii Shumei"},{"@type":"BreadcrumbList","@id":"https:\/\/tsukimigallery.com\/?product=vase-arita-blanc-fujii-shumei#breadcrumb","itemListElement":[{"@type":"ListItem","position":1,"name":"Accueil","item":"https:\/\/tsukimigallery.com\/"},{"@type":"ListItem","position":2,"name":"Boutique","item":"https:\/\/tsukimigallery.com\/boutique\/"},{"@type":"ListItem","position":3,"name":"Vase en porcelaine \u00e0 gla\u00e7ure c\u00e9ladon"}]},{"@type":"WebSite","@id":"https:\/\/tsukimigallery.com\/#website","url":"https:\/\/tsukimigallery.com\/","name":"Tsukimi Gallery","description":"","publisher":{"@id":"https:\/\/tsukimigallery.com\/#organization"},"potentialAction":[{"@type":"SearchAction","target":{"@type":"EntryPoint","urlTemplate":"https:\/\/tsukimigallery.com\/?s={search_term_string}"},"query-input":{"@type":"PropertyValueSpecification","valueRequired":true,"valueName":"search_term_string"}}],"inLanguage":"en-GB"},{"@type":"Organization","@id":"https:\/\/tsukimigallery.com\/#organization","name":"Tsukimi Gallery","url":"https:\/\/tsukimigallery.com\/","logo":{"@type":"ImageObject","inLanguage":"en-GB","@id":"https:\/\/tsukimigallery.com\/#\/schema\/logo\/image\/","url":"https:\/\/tsukimigallery.com\/wp-content\/uploads\/2025\/04\/Logo-color.png","contentUrl":"https:\/\/tsukimigallery.com\/wp-content\/uploads\/2025\/04\/Logo-color.png","width":363,"height":100,"caption":"Tsukimi Gallery"},"image":{"@id":"https:\/\/tsukimigallery.com\/#\/schema\/logo\/image\/"}}]}},"_links":{"self":[{"href":"https:\/\/tsukimigallery.com\/en\/wp-json\/wp\/v2\/product\/470","targetHints":{"allow":["GET"]}}],"collection":[{"href":"https:\/\/tsukimigallery.com\/en\/wp-json\/wp\/v2\/product"}],"about":[{"href":"https:\/\/tsukimigallery.com\/en\/wp-json\/wp\/v2\/types\/product"}],"replies":[{"embeddable":true,"href":"https:\/\/tsukimigallery.com\/en\/wp-json\/wp\/v2\/comments?post=470"}],"wp:featuredmedia":[{"embeddable":true,"href":"https:\/\/tsukimigallery.com\/en\/wp-json\/wp\/v2\/media\/590"}],"wp:attachment":[{"href":"https:\/\/tsukimigallery.com\/en\/wp-json\/wp\/v2\/media?parent=470"}],"wp:term":[{"taxonomy":"product_brand","embeddable":true,"href":"https:\/\/tsukimigallery.com\/en\/wp-json\/wp\/v2\/product_brand?post=470"},{"taxonomy":"product_cat","embeddable":true,"href":"https:\/\/tsukimigallery.com\/en\/wp-json\/wp\/v2\/product_cat?post=470"},{"taxonomy":"product_tag","embeddable":true,"href":"https:\/\/tsukimigallery.com\/en\/wp-json\/wp\/v2\/product_tag?post=470"}],"curies":[{"name":"wp","href":"https:\/\/api.w.org\/{rel}","templated":true}]}}