{"id":471,"date":"2025-04-28T21:53:53","date_gmt":"2025-04-28T20:53:53","guid":{"rendered":"https:\/\/seo.geoffroycrabieres.com\/?post_type=product&amp;p=471"},"modified":"2025-04-28T21:53:53","modified_gmt":"2025-04-28T20:53:53","slug":"vase-poissons-bronze","status":"publish","type":"product","link":"https:\/\/tsukimigallery.com\/en\/product\/vase-poissons-bronze\/","title":{"rendered":"Bronze vase with fish"},"content":{"rendered":"<p><strong>About Shobido Jewelry Co.<\/strong><\/p>\n\n\n\n<p>The Shobido Jewelry Co. was founded in 1900 in the Yodoyabashi district of Osaka by Eikichiro Eto. This important luxury store was selling clocks and watches as well as jewelry, art and crafts, silverware and precious metals. The company is known as retailer for high-end giftware including cloisonn\u00e9 enamel pieces and metalworks.<\/p>\n\n\n\n<div id=\"read-more\">Read more<\/div>","protected":false},"excerpt":{"rendered":"<p>Rare cast bronze vase depicting fish. The design of this vase originally created by Ren\u00e9 Lalique in 1921 (Vase Poissons)<\/p>\n<p>Sealed on the vase, with inscribed tomobako<\/p>\n<p>Showa era, circa 1930-1940<\/p>\n<p>H. 23.5 cm, Diam. 25 cm<\/p>","protected":false},"featured_media":458,"comment_status":"closed","ping_status":"closed","template":"","meta":{"_editorskit_title_hidden":false,"_editorskit_reading_time":0,"_editorskit_is_block_options_detached":false,"_editorskit_block_options_position":"{}","_eb_attr":""},"product_brand":[],"product_cat":[188],"product_tag":[225],"class_list":{"0":"post-471","1":"product","2":"type-product","3":"status-publish","4":"has-post-thumbnail","6":"product_cat-metal","7":"product_tag-shobido-jewelry-co","9":"first","10":"instock","11":"shipping-taxable","12":"purchasable","13":"product-type-simple"},"yoast_head":"<!-- This site is optimized with the Yoast SEO plugin v25.9 - https:\/\/yoast.com\/wordpress\/plugins\/seo\/ -->\n<title>Vase en bronze \u00e0 d\u00e9cor de poissons - Tsukimi Gallery<\/title>\n<meta name=\"description\" content=\"Shobido Company, rare vase en bronze repr\u00e9sentant des poissons, reprenant la forme et les motifs du &#039;&#039;Vase Poissons&#039;&#039; originellement cr\u00e9\u00e9 par Ren\u00e9 Lalique\" \/>\n<meta name=\"robots\" content=\"index, follow, max-snippet:-1, max-image-preview:large, max-video-preview:-1\" \/>\n<link rel=\"canonical\" href=\"https:\/\/tsukimigallery.com\/en\/?product=vase-poissons-bronze\" \/>\n<meta property=\"og:locale\" content=\"en_GB\" \/>\n<meta property=\"og:type\" content=\"article\" \/>\n<meta property=\"og:title\" content=\"Vase en bronze \u00e0 d\u00e9cor de poissons - Tsukimi Gallery\" \/>\n<meta property=\"og:description\" content=\"Shobido Company, rare vase en bronze repr\u00e9sentant des poissons, reprenant la forme et les motifs du &#039;&#039;Vase Poissons&#039;&#039; originellement cr\u00e9\u00e9 par Ren\u00e9 Lalique\" \/>\n<meta property=\"og:url\" content=\"https:\/\/tsukimigallery.com\/en\/?product=vase-poissons-bronze\" \/>\n<meta property=\"og:site_name\" content=\"Tsukimi Gallery\" \/>\n<meta property=\"og:image\" content=\"https:\/\/tsukimigallery.com\/wp-content\/uploads\/2025\/04\/206d-copie-scaled-1.webp\" \/>\n\t<meta property=\"og:image:width\" content=\"2560\" \/>\n\t<meta property=\"og:image:height\" content=\"1828\" \/>\n\t<meta property=\"og:image:type\" content=\"image\/webp\" \/>\n<meta name=\"twitter:card\" content=\"summary_large_image\" \/>\n<meta name=\"twitter:label1\" content=\"Estimated reading time\" \/>\n\t<meta name=\"twitter:data1\" content=\"1 minute\" \/>\n<script type=\"application\/ld+json\" class=\"yoast-schema-graph\">{\"@context\":\"https:\/\/schema.org\",\"@graph\":[{\"@type\":\"WebPage\",\"@id\":\"https:\/\/tsukimigallery.com\/?product=vase-poissons-bronze\",\"url\":\"https:\/\/tsukimigallery.com\/?product=vase-poissons-bronze\",\"name\":\"Vase en bronze \u00e0 d\u00e9cor de poissons - Tsukimi Gallery\",\"isPartOf\":{\"@id\":\"https:\/\/tsukimigallery.com\/#website\"},\"primaryImageOfPage\":{\"@id\":\"https:\/\/tsukimigallery.com\/?product=vase-poissons-bronze#primaryimage\"},\"image\":{\"@id\":\"https:\/\/tsukimigallery.com\/?product=vase-poissons-bronze#primaryimage\"},\"thumbnailUrl\":\"https:\/\/tsukimigallery.com\/wp-content\/uploads\/2025\/04\/206d-copie-scaled-1.webp\",\"datePublished\":\"2025-04-28T20:53:53+00:00\",\"description\":\"Shobido Company, rare vase en bronze repr\u00e9sentant des poissons, reprenant la forme et les motifs du ''Vase Poissons'' originellement cr\u00e9\u00e9 par Ren\u00e9 Lalique\",\"breadcrumb\":{\"@id\":\"https:\/\/tsukimigallery.com\/?product=vase-poissons-bronze#breadcrumb\"},\"inLanguage\":\"en-GB\",\"potentialAction\":[{\"@type\":\"ReadAction\",\"target\":[\"https:\/\/tsukimigallery.com\/?product=vase-poissons-bronze\"]}]},{\"@type\":\"ImageObject\",\"inLanguage\":\"en-GB\",\"@id\":\"https:\/\/tsukimigallery.com\/?product=vase-poissons-bronze#primaryimage\",\"url\":\"https:\/\/tsukimigallery.com\/wp-content\/uploads\/2025\/04\/206d-copie-scaled-1.webp\",\"contentUrl\":\"https:\/\/tsukimigallery.com\/wp-content\/uploads\/2025\/04\/206d-copie-scaled-1.webp\",\"width\":2560,\"height\":1828,\"caption\":\"Rare cast bronze vase depicting fish. The design of this vase originally created by Ren\u00e9 Lalique in 1921 (Vase Poissons) by the Shobido Company\"},{\"@type\":\"BreadcrumbList\",\"@id\":\"https:\/\/tsukimigallery.com\/?product=vase-poissons-bronze#breadcrumb\",\"itemListElement\":[{\"@type\":\"ListItem\",\"position\":1,\"name\":\"Accueil\",\"item\":\"https:\/\/tsukimigallery.com\/\"},{\"@type\":\"ListItem\",\"position\":2,\"name\":\"Boutique\",\"item\":\"https:\/\/tsukimigallery.com\/boutique\/\"},{\"@type\":\"ListItem\",\"position\":3,\"name\":\"Vase en bronze \u00e0 d\u00e9cor de poissons\"}]},{\"@type\":\"WebSite\",\"@id\":\"https:\/\/tsukimigallery.com\/#website\",\"url\":\"https:\/\/tsukimigallery.com\/\",\"name\":\"Tsukimi Gallery\",\"description\":\"\",\"publisher\":{\"@id\":\"https:\/\/tsukimigallery.com\/#organization\"},\"potentialAction\":[{\"@type\":\"SearchAction\",\"target\":{\"@type\":\"EntryPoint\",\"urlTemplate\":\"https:\/\/tsukimigallery.com\/?s={search_term_string}\"},\"query-input\":{\"@type\":\"PropertyValueSpecification\",\"valueRequired\":true,\"valueName\":\"search_term_string\"}}],\"inLanguage\":\"en-GB\"},{\"@type\":\"Organization\",\"@id\":\"https:\/\/tsukimigallery.com\/#organization\",\"name\":\"Tsukimi Gallery\",\"url\":\"https:\/\/tsukimigallery.com\/\",\"logo\":{\"@type\":\"ImageObject\",\"inLanguage\":\"en-GB\",\"@id\":\"https:\/\/tsukimigallery.com\/#\/schema\/logo\/image\/\",\"url\":\"https:\/\/tsukimigallery.com\/wp-content\/uploads\/2025\/04\/Logo-color.png\",\"contentUrl\":\"https:\/\/tsukimigallery.com\/wp-content\/uploads\/2025\/04\/Logo-color.png\",\"width\":363,\"height\":100,\"caption\":\"Tsukimi Gallery\"},\"image\":{\"@id\":\"https:\/\/tsukimigallery.com\/#\/schema\/logo\/image\/\"}}]}<\/script>\n<!-- \/ Yoast SEO plugin. -->","yoast_head_json":{"title":"Vase en bronze \u00e0 d\u00e9cor de poissons - Tsukimi Gallery","description":"Shobido Company, rare vase en bronze repr\u00e9sentant des poissons, reprenant la forme et les motifs du ''Vase Poissons'' originellement cr\u00e9\u00e9 par Ren\u00e9 Lalique","robots":{"index":"index","follow":"follow","max-snippet":"max-snippet:-1","max-image-preview":"max-image-preview:large","max-video-preview":"max-video-preview:-1"},"canonical":"https:\/\/tsukimigallery.com\/en\/?product=vase-poissons-bronze","og_locale":"en_GB","og_type":"article","og_title":"Vase en bronze \u00e0 d\u00e9cor de poissons - Tsukimi Gallery","og_description":"Shobido Company, rare vase en bronze repr\u00e9sentant des poissons, reprenant la forme et les motifs du ''Vase Poissons'' originellement cr\u00e9\u00e9 par Ren\u00e9 Lalique","og_url":"https:\/\/tsukimigallery.com\/en\/?product=vase-poissons-bronze","og_site_name":"Tsukimi Gallery","og_image":[{"width":2560,"height":1828,"url":"https:\/\/tsukimigallery.com\/wp-content\/uploads\/2025\/04\/206d-copie-scaled-1.webp","type":"image\/webp"}],"twitter_card":"summary_large_image","twitter_misc":{"Estimated reading time":"1 minute"},"schema":{"@context":"https:\/\/schema.org","@graph":[{"@type":"WebPage","@id":"https:\/\/tsukimigallery.com\/?product=vase-poissons-bronze","url":"https:\/\/tsukimigallery.com\/?product=vase-poissons-bronze","name":"Vase en bronze \u00e0 d\u00e9cor de poissons - Tsukimi Gallery","isPartOf":{"@id":"https:\/\/tsukimigallery.com\/#website"},"primaryImageOfPage":{"@id":"https:\/\/tsukimigallery.com\/?product=vase-poissons-bronze#primaryimage"},"image":{"@id":"https:\/\/tsukimigallery.com\/?product=vase-poissons-bronze#primaryimage"},"thumbnailUrl":"https:\/\/tsukimigallery.com\/wp-content\/uploads\/2025\/04\/206d-copie-scaled-1.webp","datePublished":"2025-04-28T20:53:53+00:00","description":"Shobido Company, rare vase en bronze repr\u00e9sentant des poissons, reprenant la forme et les motifs du ''Vase Poissons'' originellement cr\u00e9\u00e9 par Ren\u00e9 Lalique","breadcrumb":{"@id":"https:\/\/tsukimigallery.com\/?product=vase-poissons-bronze#breadcrumb"},"inLanguage":"en-GB","potentialAction":[{"@type":"ReadAction","target":["https:\/\/tsukimigallery.com\/?product=vase-poissons-bronze"]}]},{"@type":"ImageObject","inLanguage":"en-GB","@id":"https:\/\/tsukimigallery.com\/?product=vase-poissons-bronze#primaryimage","url":"https:\/\/tsukimigallery.com\/wp-content\/uploads\/2025\/04\/206d-copie-scaled-1.webp","contentUrl":"https:\/\/tsukimigallery.com\/wp-content\/uploads\/2025\/04\/206d-copie-scaled-1.webp","width":2560,"height":1828,"caption":"Rare cast bronze vase depicting fish. The design of this vase originally created by Ren\u00e9 Lalique in 1921 (Vase Poissons) by the Shobido Company"},{"@type":"BreadcrumbList","@id":"https:\/\/tsukimigallery.com\/?product=vase-poissons-bronze#breadcrumb","itemListElement":[{"@type":"ListItem","position":1,"name":"Accueil","item":"https:\/\/tsukimigallery.com\/"},{"@type":"ListItem","position":2,"name":"Boutique","item":"https:\/\/tsukimigallery.com\/boutique\/"},{"@type":"ListItem","position":3,"name":"Vase en bronze \u00e0 d\u00e9cor de poissons"}]},{"@type":"WebSite","@id":"https:\/\/tsukimigallery.com\/#website","url":"https:\/\/tsukimigallery.com\/","name":"Tsukimi Gallery","description":"","publisher":{"@id":"https:\/\/tsukimigallery.com\/#organization"},"potentialAction":[{"@type":"SearchAction","target":{"@type":"EntryPoint","urlTemplate":"https:\/\/tsukimigallery.com\/?s={search_term_string}"},"query-input":{"@type":"PropertyValueSpecification","valueRequired":true,"valueName":"search_term_string"}}],"inLanguage":"en-GB"},{"@type":"Organization","@id":"https:\/\/tsukimigallery.com\/#organization","name":"Tsukimi Gallery","url":"https:\/\/tsukimigallery.com\/","logo":{"@type":"ImageObject","inLanguage":"en-GB","@id":"https:\/\/tsukimigallery.com\/#\/schema\/logo\/image\/","url":"https:\/\/tsukimigallery.com\/wp-content\/uploads\/2025\/04\/Logo-color.png","contentUrl":"https:\/\/tsukimigallery.com\/wp-content\/uploads\/2025\/04\/Logo-color.png","width":363,"height":100,"caption":"Tsukimi Gallery"},"image":{"@id":"https:\/\/tsukimigallery.com\/#\/schema\/logo\/image\/"}}]}},"_links":{"self":[{"href":"https:\/\/tsukimigallery.com\/en\/wp-json\/wp\/v2\/product\/471","targetHints":{"allow":["GET"]}}],"collection":[{"href":"https:\/\/tsukimigallery.com\/en\/wp-json\/wp\/v2\/product"}],"about":[{"href":"https:\/\/tsukimigallery.com\/en\/wp-json\/wp\/v2\/types\/product"}],"replies":[{"embeddable":true,"href":"https:\/\/tsukimigallery.com\/en\/wp-json\/wp\/v2\/comments?post=471"}],"wp:featuredmedia":[{"embeddable":true,"href":"https:\/\/tsukimigallery.com\/en\/wp-json\/wp\/v2\/media\/458"}],"wp:attachment":[{"href":"https:\/\/tsukimigallery.com\/en\/wp-json\/wp\/v2\/media?parent=471"}],"wp:term":[{"taxonomy":"product_brand","embeddable":true,"href":"https:\/\/tsukimigallery.com\/en\/wp-json\/wp\/v2\/product_brand?post=471"},{"taxonomy":"product_cat","embeddable":true,"href":"https:\/\/tsukimigallery.com\/en\/wp-json\/wp\/v2\/product_cat?post=471"},{"taxonomy":"product_tag","embeddable":true,"href":"https:\/\/tsukimigallery.com\/en\/wp-json\/wp\/v2\/product_tag?post=471"}],"curies":[{"name":"wp","href":"https:\/\/api.w.org\/{rel}","templated":true}]}}