{"id":472,"date":"2025-04-28T21:55:34","date_gmt":"2025-04-28T20:55:34","guid":{"rendered":"https:\/\/seo.geoffroycrabieres.com\/?post_type=product&amp;p=472"},"modified":"2025-04-28T21:55:34","modified_gmt":"2025-04-28T20:55:34","slug":"vase-bronze-kanamori-eiichi","status":"publish","type":"product","link":"https:\/\/tsukimigallery.com\/en\/product\/vase-bronze-kanamori-eiichi\/","title":{"rendered":"Bronze and gold vase"},"content":{"rendered":"<p><strong>About Kanamori Eiichi<\/strong><\/p>\n\n\n\n<p>Born in Takaoka in 1908, Kanamori Eiichi graduated from the Toyoma Arts School in metalworking in 1928 and became an independent artist 3 years later after his training. In 1933, he exhibited his work for the first time in the 14th Teiten and then, from 1946, took part several times to the Nitten. He was a teacher at the Takaoka Industrial Art School between 1941 and 1966. He received several official achievement awards, particularly the Order of the Sacred Treasure (4th class) from the Emperor.<br>In 1989, he was designated Living National Treasure (Holder of Important Intangible Cultural Property), especially for his impressive metal inlay techniques. A special exhibition was held in Takaoka Art Museum in 2003 to pay tribute to his eminent career.<\/p>\n\n\n\n<div id=\"read-more\">Read more<\/div>","protected":false},"excerpt":{"rendered":"<p>Designated Living National Treasure in 1989<\/p>\n<p>Patinated bronze vase in shinny and mat finish, inlaid with geometric motfs in silver and red bronze.<\/p>\n<p>Showa era, circa 1960-1970<\/p>\n<p>H. 22.5 cm, Diam. 27 cm<\/p>\n<p>Public collections: <em><a href=\"https:\/\/www.momat.go.jp\/craft-museum\/en\/collection\/mt0351\">National Crafts Museum Kanazawa<\/a>, Tokyo National Museum, Ishikawa Prefectural Museum of Art, <a href=\"https:\/\/collections.vam.ac.uk\/item\/O23367\/vase-kanemori-eiichi\/\">Victoria and Albert Museum<\/a> London<\/em><\/p>","protected":false},"featured_media":460,"comment_status":"closed","ping_status":"closed","template":"","meta":{"_editorskit_title_hidden":false,"_editorskit_reading_time":0,"_editorskit_is_block_options_detached":false,"_editorskit_block_options_position":"{}","_eb_attr":""},"product_brand":[],"product_cat":[188],"product_tag":[172],"class_list":{"0":"post-472","1":"product","2":"type-product","3":"status-publish","4":"has-post-thumbnail","6":"product_cat-metal","7":"product_tag-kanamori-eiichi","9":"first","10":"instock","11":"shipping-taxable","12":"purchasable","13":"product-type-simple"},"yoast_head":"<!-- This site is optimized with the Yoast SEO plugin v25.9 - https:\/\/yoast.com\/wordpress\/plugins\/seo\/ -->\n<title>Vase en bronze - Tsukimi Gallery<\/title>\n<meta name=\"description\" content=\"Kanamori Eiichi, Vase en bronze patin\u00e9 \u00e0 la surface matte et polie, incrust\u00e9 de motifs g\u00e9om\u00e9triques en bronze rouge et en argent.\" \/>\n<meta name=\"robots\" content=\"index, follow, max-snippet:-1, max-image-preview:large, max-video-preview:-1\" \/>\n<link rel=\"canonical\" href=\"https:\/\/tsukimigallery.com\/en\/?product=vase-bronze-kanamori-eiichi\" \/>\n<meta property=\"og:locale\" content=\"en_GB\" \/>\n<meta property=\"og:type\" content=\"article\" \/>\n<meta property=\"og:title\" content=\"Vase en bronze - Tsukimi Gallery\" \/>\n<meta property=\"og:description\" content=\"Kanamori Eiichi, Vase en bronze patin\u00e9 \u00e0 la surface matte et polie, incrust\u00e9 de motifs g\u00e9om\u00e9triques en bronze rouge et en argent.\" \/>\n<meta property=\"og:url\" content=\"https:\/\/tsukimigallery.com\/en\/?product=vase-bronze-kanamori-eiichi\" \/>\n<meta property=\"og:site_name\" content=\"Tsukimi Gallery\" \/>\n<meta property=\"og:image\" content=\"https:\/\/tsukimigallery.com\/wp-content\/uploads\/2025\/04\/210a-copie-scaled-1.webp\" \/>\n\t<meta property=\"og:image:width\" content=\"2560\" \/>\n\t<meta property=\"og:image:height\" content=\"1828\" \/>\n\t<meta property=\"og:image:type\" content=\"image\/webp\" \/>\n<meta name=\"twitter:card\" content=\"summary_large_image\" \/>\n<meta name=\"twitter:label1\" content=\"Estimated reading time\" \/>\n\t<meta name=\"twitter:data1\" content=\"1 minute\" \/>\n<script type=\"application\/ld+json\" class=\"yoast-schema-graph\">{\"@context\":\"https:\/\/schema.org\",\"@graph\":[{\"@type\":\"WebPage\",\"@id\":\"https:\/\/tsukimigallery.com\/?product=vase-bronze-kanamori-eiichi\",\"url\":\"https:\/\/tsukimigallery.com\/?product=vase-bronze-kanamori-eiichi\",\"name\":\"Vase en bronze - Tsukimi Gallery\",\"isPartOf\":{\"@id\":\"https:\/\/tsukimigallery.com\/#website\"},\"primaryImageOfPage\":{\"@id\":\"https:\/\/tsukimigallery.com\/?product=vase-bronze-kanamori-eiichi#primaryimage\"},\"image\":{\"@id\":\"https:\/\/tsukimigallery.com\/?product=vase-bronze-kanamori-eiichi#primaryimage\"},\"thumbnailUrl\":\"https:\/\/tsukimigallery.com\/wp-content\/uploads\/2025\/04\/210a-copie-scaled-1.webp\",\"datePublished\":\"2025-04-28T20:55:34+00:00\",\"description\":\"Kanamori Eiichi, Vase en bronze patin\u00e9 \u00e0 la surface matte et polie, incrust\u00e9 de motifs g\u00e9om\u00e9triques en bronze rouge et en argent.\",\"breadcrumb\":{\"@id\":\"https:\/\/tsukimigallery.com\/?product=vase-bronze-kanamori-eiichi#breadcrumb\"},\"inLanguage\":\"en-GB\",\"potentialAction\":[{\"@type\":\"ReadAction\",\"target\":[\"https:\/\/tsukimigallery.com\/?product=vase-bronze-kanamori-eiichi\"]}]},{\"@type\":\"ImageObject\",\"inLanguage\":\"en-GB\",\"@id\":\"https:\/\/tsukimigallery.com\/?product=vase-bronze-kanamori-eiichi#primaryimage\",\"url\":\"https:\/\/tsukimigallery.com\/wp-content\/uploads\/2025\/04\/210a-copie-scaled-1.webp\",\"contentUrl\":\"https:\/\/tsukimigallery.com\/wp-content\/uploads\/2025\/04\/210a-copie-scaled-1.webp\",\"width\":2560,\"height\":1828,\"caption\":\"Patinated bronze vase in shiny and mat finish, inlaid with geometric motifs in silver and red bronze, by Kanamori Eiichi (1908-2001)\"},{\"@type\":\"BreadcrumbList\",\"@id\":\"https:\/\/tsukimigallery.com\/?product=vase-bronze-kanamori-eiichi#breadcrumb\",\"itemListElement\":[{\"@type\":\"ListItem\",\"position\":1,\"name\":\"Accueil\",\"item\":\"https:\/\/tsukimigallery.com\/\"},{\"@type\":\"ListItem\",\"position\":2,\"name\":\"Boutique\",\"item\":\"https:\/\/tsukimigallery.com\/boutique\/\"},{\"@type\":\"ListItem\",\"position\":3,\"name\":\"Vase en bronze\"}]},{\"@type\":\"WebSite\",\"@id\":\"https:\/\/tsukimigallery.com\/#website\",\"url\":\"https:\/\/tsukimigallery.com\/\",\"name\":\"Tsukimi Gallery\",\"description\":\"\",\"publisher\":{\"@id\":\"https:\/\/tsukimigallery.com\/#organization\"},\"potentialAction\":[{\"@type\":\"SearchAction\",\"target\":{\"@type\":\"EntryPoint\",\"urlTemplate\":\"https:\/\/tsukimigallery.com\/?s={search_term_string}\"},\"query-input\":{\"@type\":\"PropertyValueSpecification\",\"valueRequired\":true,\"valueName\":\"search_term_string\"}}],\"inLanguage\":\"en-GB\"},{\"@type\":\"Organization\",\"@id\":\"https:\/\/tsukimigallery.com\/#organization\",\"name\":\"Tsukimi Gallery\",\"url\":\"https:\/\/tsukimigallery.com\/\",\"logo\":{\"@type\":\"ImageObject\",\"inLanguage\":\"en-GB\",\"@id\":\"https:\/\/tsukimigallery.com\/#\/schema\/logo\/image\/\",\"url\":\"https:\/\/tsukimigallery.com\/wp-content\/uploads\/2025\/04\/Logo-color.png\",\"contentUrl\":\"https:\/\/tsukimigallery.com\/wp-content\/uploads\/2025\/04\/Logo-color.png\",\"width\":363,\"height\":100,\"caption\":\"Tsukimi Gallery\"},\"image\":{\"@id\":\"https:\/\/tsukimigallery.com\/#\/schema\/logo\/image\/\"}}]}<\/script>\n<!-- \/ Yoast SEO plugin. -->","yoast_head_json":{"title":"Vase en bronze - Tsukimi Gallery","description":"Kanamori Eiichi, Vase en bronze patin\u00e9 \u00e0 la surface matte et polie, incrust\u00e9 de motifs g\u00e9om\u00e9triques en bronze rouge et en argent.","robots":{"index":"index","follow":"follow","max-snippet":"max-snippet:-1","max-image-preview":"max-image-preview:large","max-video-preview":"max-video-preview:-1"},"canonical":"https:\/\/tsukimigallery.com\/en\/?product=vase-bronze-kanamori-eiichi","og_locale":"en_GB","og_type":"article","og_title":"Vase en bronze - Tsukimi Gallery","og_description":"Kanamori Eiichi, Vase en bronze patin\u00e9 \u00e0 la surface matte et polie, incrust\u00e9 de motifs g\u00e9om\u00e9triques en bronze rouge et en argent.","og_url":"https:\/\/tsukimigallery.com\/en\/?product=vase-bronze-kanamori-eiichi","og_site_name":"Tsukimi Gallery","og_image":[{"width":2560,"height":1828,"url":"https:\/\/tsukimigallery.com\/wp-content\/uploads\/2025\/04\/210a-copie-scaled-1.webp","type":"image\/webp"}],"twitter_card":"summary_large_image","twitter_misc":{"Estimated reading time":"1 minute"},"schema":{"@context":"https:\/\/schema.org","@graph":[{"@type":"WebPage","@id":"https:\/\/tsukimigallery.com\/?product=vase-bronze-kanamori-eiichi","url":"https:\/\/tsukimigallery.com\/?product=vase-bronze-kanamori-eiichi","name":"Vase en bronze - Tsukimi Gallery","isPartOf":{"@id":"https:\/\/tsukimigallery.com\/#website"},"primaryImageOfPage":{"@id":"https:\/\/tsukimigallery.com\/?product=vase-bronze-kanamori-eiichi#primaryimage"},"image":{"@id":"https:\/\/tsukimigallery.com\/?product=vase-bronze-kanamori-eiichi#primaryimage"},"thumbnailUrl":"https:\/\/tsukimigallery.com\/wp-content\/uploads\/2025\/04\/210a-copie-scaled-1.webp","datePublished":"2025-04-28T20:55:34+00:00","description":"Kanamori Eiichi, Vase en bronze patin\u00e9 \u00e0 la surface matte et polie, incrust\u00e9 de motifs g\u00e9om\u00e9triques en bronze rouge et en argent.","breadcrumb":{"@id":"https:\/\/tsukimigallery.com\/?product=vase-bronze-kanamori-eiichi#breadcrumb"},"inLanguage":"en-GB","potentialAction":[{"@type":"ReadAction","target":["https:\/\/tsukimigallery.com\/?product=vase-bronze-kanamori-eiichi"]}]},{"@type":"ImageObject","inLanguage":"en-GB","@id":"https:\/\/tsukimigallery.com\/?product=vase-bronze-kanamori-eiichi#primaryimage","url":"https:\/\/tsukimigallery.com\/wp-content\/uploads\/2025\/04\/210a-copie-scaled-1.webp","contentUrl":"https:\/\/tsukimigallery.com\/wp-content\/uploads\/2025\/04\/210a-copie-scaled-1.webp","width":2560,"height":1828,"caption":"Patinated bronze vase in shiny and mat finish, inlaid with geometric motifs in silver and red bronze, by Kanamori Eiichi (1908-2001)"},{"@type":"BreadcrumbList","@id":"https:\/\/tsukimigallery.com\/?product=vase-bronze-kanamori-eiichi#breadcrumb","itemListElement":[{"@type":"ListItem","position":1,"name":"Accueil","item":"https:\/\/tsukimigallery.com\/"},{"@type":"ListItem","position":2,"name":"Boutique","item":"https:\/\/tsukimigallery.com\/boutique\/"},{"@type":"ListItem","position":3,"name":"Vase en bronze"}]},{"@type":"WebSite","@id":"https:\/\/tsukimigallery.com\/#website","url":"https:\/\/tsukimigallery.com\/","name":"Tsukimi Gallery","description":"","publisher":{"@id":"https:\/\/tsukimigallery.com\/#organization"},"potentialAction":[{"@type":"SearchAction","target":{"@type":"EntryPoint","urlTemplate":"https:\/\/tsukimigallery.com\/?s={search_term_string}"},"query-input":{"@type":"PropertyValueSpecification","valueRequired":true,"valueName":"search_term_string"}}],"inLanguage":"en-GB"},{"@type":"Organization","@id":"https:\/\/tsukimigallery.com\/#organization","name":"Tsukimi Gallery","url":"https:\/\/tsukimigallery.com\/","logo":{"@type":"ImageObject","inLanguage":"en-GB","@id":"https:\/\/tsukimigallery.com\/#\/schema\/logo\/image\/","url":"https:\/\/tsukimigallery.com\/wp-content\/uploads\/2025\/04\/Logo-color.png","contentUrl":"https:\/\/tsukimigallery.com\/wp-content\/uploads\/2025\/04\/Logo-color.png","width":363,"height":100,"caption":"Tsukimi Gallery"},"image":{"@id":"https:\/\/tsukimigallery.com\/#\/schema\/logo\/image\/"}}]}},"_links":{"self":[{"href":"https:\/\/tsukimigallery.com\/en\/wp-json\/wp\/v2\/product\/472","targetHints":{"allow":["GET"]}}],"collection":[{"href":"https:\/\/tsukimigallery.com\/en\/wp-json\/wp\/v2\/product"}],"about":[{"href":"https:\/\/tsukimigallery.com\/en\/wp-json\/wp\/v2\/types\/product"}],"replies":[{"embeddable":true,"href":"https:\/\/tsukimigallery.com\/en\/wp-json\/wp\/v2\/comments?post=472"}],"wp:featuredmedia":[{"embeddable":true,"href":"https:\/\/tsukimigallery.com\/en\/wp-json\/wp\/v2\/media\/460"}],"wp:attachment":[{"href":"https:\/\/tsukimigallery.com\/en\/wp-json\/wp\/v2\/media?parent=472"}],"wp:term":[{"taxonomy":"product_brand","embeddable":true,"href":"https:\/\/tsukimigallery.com\/en\/wp-json\/wp\/v2\/product_brand?post=472"},{"taxonomy":"product_cat","embeddable":true,"href":"https:\/\/tsukimigallery.com\/en\/wp-json\/wp\/v2\/product_cat?post=472"},{"taxonomy":"product_tag","embeddable":true,"href":"https:\/\/tsukimigallery.com\/en\/wp-json\/wp\/v2\/product_tag?post=472"}],"curies":[{"name":"wp","href":"https:\/\/api.w.org\/{rel}","templated":true}]}}