{"id":473,"date":"2025-04-28T21:56:56","date_gmt":"2025-04-28T20:56:56","guid":{"rendered":"https:\/\/seo.geoffroycrabieres.com\/?post_type=product&amp;p=473"},"modified":"2025-04-28T21:56:56","modified_gmt":"2025-04-28T20:56:56","slug":"vase-bronze-hannya-kankei","status":"publish","type":"product","link":"https:\/\/tsukimigallery.com\/en\/product\/vase-bronze-hannya-kankei\/","title":{"rendered":"Bronze and gold vase"},"content":{"rendered":"<p><strong>About Hannya Kankei<\/strong><\/p>\n\n\n\n<p>Hannya Kankei is a regular member of the Kogei Association. Born in Takaoka, he is the fourth generation of the Hannya family foundry, which has been producing high-quality copper works since 1870. He studied metal casting under Living National Treasure Katori Masahiko (1899\u20131988) and joined the family workshop in 1950. He began exhibiting his work in 1969 at the Kogei (Japanese Traditional Crafts) Exhibition, where he won first prize in 1973 and went on to receive multiple awards thereafter. In 2001 and 2005, at the request of the Imperial Household Agency, he created replicas of ancient bronzes from the Shosoin, the treasure house of Todai-ji Temple in Nara.<\/p>\n\n\n\n<div id=\"read-more\">Read more<\/div>","protected":false},"excerpt":{"rendered":"<p>Patinated bronze bottle vase covered with a dark brown patina, inlaid with silver and gold geometric patterns, the gold surface finely chiseled With original inscribed tomobako.<\/p>\n<p>Signed Kankei in silver seal on the base<\/p>\n<p>Showa era, circa 1985<\/p>\n<p>H.20.6 cm, Diam. 13.1 cm<\/p>\n<p>Public collections: <em>Takaoka Art Museum, Tokyo national museum<\/em><\/p>","protected":false},"featured_media":567,"comment_status":"closed","ping_status":"closed","template":"","meta":{"_editorskit_title_hidden":false,"_editorskit_reading_time":0,"_editorskit_is_block_options_detached":false,"_editorskit_block_options_position":"{}","_eb_attr":""},"product_brand":[],"product_cat":[188],"product_tag":[164],"class_list":{"0":"post-473","1":"product","2":"type-product","3":"status-publish","4":"has-post-thumbnail","6":"product_cat-metal","7":"product_tag-hannya-kankei","9":"first","10":"instock","11":"shipping-taxable","12":"purchasable","13":"product-type-simple"},"yoast_head":"<!-- This site is optimized with the Yoast SEO plugin v25.9 - https:\/\/yoast.com\/wordpress\/plugins\/seo\/ -->\n<title>Vase en bronze et or - Tsukimi Gallery<\/title>\n<meta name=\"description\" content=\"Vase en bronze patin\u00e9, incrust\u00e9 d&#039;un d\u00e9cor g\u00e9om\u00e9trique en argent et en or, les surfaces en or finement cisel\u00e9es, \u00c8re Showa, vers 1985, H. 20.6 cm\" \/>\n<meta name=\"robots\" content=\"index, follow, max-snippet:-1, max-image-preview:large, max-video-preview:-1\" \/>\n<link rel=\"canonical\" href=\"https:\/\/tsukimigallery.com\/en\/?product=vase-bronze-hannya-kankei\" \/>\n<meta property=\"og:locale\" content=\"en_GB\" \/>\n<meta property=\"og:type\" content=\"article\" \/>\n<meta property=\"og:title\" content=\"Vase en bronze et or - Tsukimi Gallery\" \/>\n<meta property=\"og:description\" content=\"Vase en bronze patin\u00e9, incrust\u00e9 d&#039;un d\u00e9cor g\u00e9om\u00e9trique en argent et en or, les surfaces en or finement cisel\u00e9es, \u00c8re Showa, vers 1985, H. 20.6 cm\" \/>\n<meta property=\"og:url\" content=\"https:\/\/tsukimigallery.com\/en\/?product=vase-bronze-hannya-kankei\" \/>\n<meta property=\"og:site_name\" content=\"Tsukimi Gallery\" \/>\n<meta property=\"og:image\" content=\"https:\/\/tsukimigallery.com\/wp-content\/uploads\/2025\/04\/334557c024e2b669.jpg\" \/>\n\t<meta property=\"og:image:width\" content=\"720\" \/>\n\t<meta property=\"og:image:height\" content=\"514\" \/>\n\t<meta property=\"og:image:type\" content=\"image\/jpeg\" \/>\n<meta name=\"twitter:card\" content=\"summary_large_image\" \/>\n<meta name=\"twitter:label1\" content=\"Estimated reading time\" \/>\n\t<meta name=\"twitter:data1\" content=\"1 minute\" \/>\n<script type=\"application\/ld+json\" class=\"yoast-schema-graph\">{\"@context\":\"https:\/\/schema.org\",\"@graph\":[{\"@type\":\"WebPage\",\"@id\":\"https:\/\/tsukimigallery.com\/?product=vase-bronze-hannya-kankei\",\"url\":\"https:\/\/tsukimigallery.com\/?product=vase-bronze-hannya-kankei\",\"name\":\"Vase en bronze et or - Tsukimi Gallery\",\"isPartOf\":{\"@id\":\"https:\/\/tsukimigallery.com\/#website\"},\"primaryImageOfPage\":{\"@id\":\"https:\/\/tsukimigallery.com\/?product=vase-bronze-hannya-kankei#primaryimage\"},\"image\":{\"@id\":\"https:\/\/tsukimigallery.com\/?product=vase-bronze-hannya-kankei#primaryimage\"},\"thumbnailUrl\":\"https:\/\/tsukimigallery.com\/wp-content\/uploads\/2025\/04\/334557c024e2b669.jpg\",\"datePublished\":\"2025-04-28T20:56:56+00:00\",\"description\":\"Vase en bronze patin\u00e9, incrust\u00e9 d'un d\u00e9cor g\u00e9om\u00e9trique en argent et en or, les surfaces en or finement cisel\u00e9es, \u00c8re Showa, vers 1985, H. 20.6 cm\",\"breadcrumb\":{\"@id\":\"https:\/\/tsukimigallery.com\/?product=vase-bronze-hannya-kankei#breadcrumb\"},\"inLanguage\":\"en-GB\",\"potentialAction\":[{\"@type\":\"ReadAction\",\"target\":[\"https:\/\/tsukimigallery.com\/?product=vase-bronze-hannya-kankei\"]}]},{\"@type\":\"ImageObject\",\"inLanguage\":\"en-GB\",\"@id\":\"https:\/\/tsukimigallery.com\/?product=vase-bronze-hannya-kankei#primaryimage\",\"url\":\"https:\/\/tsukimigallery.com\/wp-content\/uploads\/2025\/04\/334557c024e2b669.jpg\",\"contentUrl\":\"https:\/\/tsukimigallery.com\/wp-content\/uploads\/2025\/04\/334557c024e2b669.jpg\",\"width\":720,\"height\":514,\"caption\":\"Hannya Kankei Patinated bronze bottle vase covered with a dark brown patina, inlaid with silver and gold geometric patterns\"},{\"@type\":\"BreadcrumbList\",\"@id\":\"https:\/\/tsukimigallery.com\/?product=vase-bronze-hannya-kankei#breadcrumb\",\"itemListElement\":[{\"@type\":\"ListItem\",\"position\":1,\"name\":\"Accueil\",\"item\":\"https:\/\/tsukimigallery.com\/\"},{\"@type\":\"ListItem\",\"position\":2,\"name\":\"Boutique\",\"item\":\"https:\/\/tsukimigallery.com\/boutique\/\"},{\"@type\":\"ListItem\",\"position\":3,\"name\":\"Vase en bronze et or\"}]},{\"@type\":\"WebSite\",\"@id\":\"https:\/\/tsukimigallery.com\/#website\",\"url\":\"https:\/\/tsukimigallery.com\/\",\"name\":\"Tsukimi Gallery\",\"description\":\"\",\"publisher\":{\"@id\":\"https:\/\/tsukimigallery.com\/#organization\"},\"potentialAction\":[{\"@type\":\"SearchAction\",\"target\":{\"@type\":\"EntryPoint\",\"urlTemplate\":\"https:\/\/tsukimigallery.com\/?s={search_term_string}\"},\"query-input\":{\"@type\":\"PropertyValueSpecification\",\"valueRequired\":true,\"valueName\":\"search_term_string\"}}],\"inLanguage\":\"en-GB\"},{\"@type\":\"Organization\",\"@id\":\"https:\/\/tsukimigallery.com\/#organization\",\"name\":\"Tsukimi Gallery\",\"url\":\"https:\/\/tsukimigallery.com\/\",\"logo\":{\"@type\":\"ImageObject\",\"inLanguage\":\"en-GB\",\"@id\":\"https:\/\/tsukimigallery.com\/#\/schema\/logo\/image\/\",\"url\":\"https:\/\/tsukimigallery.com\/wp-content\/uploads\/2025\/04\/Logo-color.png\",\"contentUrl\":\"https:\/\/tsukimigallery.com\/wp-content\/uploads\/2025\/04\/Logo-color.png\",\"width\":363,\"height\":100,\"caption\":\"Tsukimi Gallery\"},\"image\":{\"@id\":\"https:\/\/tsukimigallery.com\/#\/schema\/logo\/image\/\"}}]}<\/script>\n<!-- \/ Yoast SEO plugin. -->","yoast_head_json":{"title":"Vase en bronze et or - Tsukimi Gallery","description":"Vase en bronze patin\u00e9, incrust\u00e9 d'un d\u00e9cor g\u00e9om\u00e9trique en argent et en or, les surfaces en or finement cisel\u00e9es, \u00c8re Showa, vers 1985, H. 20.6 cm","robots":{"index":"index","follow":"follow","max-snippet":"max-snippet:-1","max-image-preview":"max-image-preview:large","max-video-preview":"max-video-preview:-1"},"canonical":"https:\/\/tsukimigallery.com\/en\/?product=vase-bronze-hannya-kankei","og_locale":"en_GB","og_type":"article","og_title":"Vase en bronze et or - Tsukimi Gallery","og_description":"Vase en bronze patin\u00e9, incrust\u00e9 d'un d\u00e9cor g\u00e9om\u00e9trique en argent et en or, les surfaces en or finement cisel\u00e9es, \u00c8re Showa, vers 1985, H. 20.6 cm","og_url":"https:\/\/tsukimigallery.com\/en\/?product=vase-bronze-hannya-kankei","og_site_name":"Tsukimi Gallery","og_image":[{"width":720,"height":514,"url":"https:\/\/tsukimigallery.com\/wp-content\/uploads\/2025\/04\/334557c024e2b669.jpg","type":"image\/jpeg"}],"twitter_card":"summary_large_image","twitter_misc":{"Estimated reading time":"1 minute"},"schema":{"@context":"https:\/\/schema.org","@graph":[{"@type":"WebPage","@id":"https:\/\/tsukimigallery.com\/?product=vase-bronze-hannya-kankei","url":"https:\/\/tsukimigallery.com\/?product=vase-bronze-hannya-kankei","name":"Vase en bronze et or - Tsukimi Gallery","isPartOf":{"@id":"https:\/\/tsukimigallery.com\/#website"},"primaryImageOfPage":{"@id":"https:\/\/tsukimigallery.com\/?product=vase-bronze-hannya-kankei#primaryimage"},"image":{"@id":"https:\/\/tsukimigallery.com\/?product=vase-bronze-hannya-kankei#primaryimage"},"thumbnailUrl":"https:\/\/tsukimigallery.com\/wp-content\/uploads\/2025\/04\/334557c024e2b669.jpg","datePublished":"2025-04-28T20:56:56+00:00","description":"Vase en bronze patin\u00e9, incrust\u00e9 d'un d\u00e9cor g\u00e9om\u00e9trique en argent et en or, les surfaces en or finement cisel\u00e9es, \u00c8re Showa, vers 1985, H. 20.6 cm","breadcrumb":{"@id":"https:\/\/tsukimigallery.com\/?product=vase-bronze-hannya-kankei#breadcrumb"},"inLanguage":"en-GB","potentialAction":[{"@type":"ReadAction","target":["https:\/\/tsukimigallery.com\/?product=vase-bronze-hannya-kankei"]}]},{"@type":"ImageObject","inLanguage":"en-GB","@id":"https:\/\/tsukimigallery.com\/?product=vase-bronze-hannya-kankei#primaryimage","url":"https:\/\/tsukimigallery.com\/wp-content\/uploads\/2025\/04\/334557c024e2b669.jpg","contentUrl":"https:\/\/tsukimigallery.com\/wp-content\/uploads\/2025\/04\/334557c024e2b669.jpg","width":720,"height":514,"caption":"Hannya Kankei Patinated bronze bottle vase covered with a dark brown patina, inlaid with silver and gold geometric patterns"},{"@type":"BreadcrumbList","@id":"https:\/\/tsukimigallery.com\/?product=vase-bronze-hannya-kankei#breadcrumb","itemListElement":[{"@type":"ListItem","position":1,"name":"Accueil","item":"https:\/\/tsukimigallery.com\/"},{"@type":"ListItem","position":2,"name":"Boutique","item":"https:\/\/tsukimigallery.com\/boutique\/"},{"@type":"ListItem","position":3,"name":"Vase en bronze et or"}]},{"@type":"WebSite","@id":"https:\/\/tsukimigallery.com\/#website","url":"https:\/\/tsukimigallery.com\/","name":"Tsukimi Gallery","description":"","publisher":{"@id":"https:\/\/tsukimigallery.com\/#organization"},"potentialAction":[{"@type":"SearchAction","target":{"@type":"EntryPoint","urlTemplate":"https:\/\/tsukimigallery.com\/?s={search_term_string}"},"query-input":{"@type":"PropertyValueSpecification","valueRequired":true,"valueName":"search_term_string"}}],"inLanguage":"en-GB"},{"@type":"Organization","@id":"https:\/\/tsukimigallery.com\/#organization","name":"Tsukimi Gallery","url":"https:\/\/tsukimigallery.com\/","logo":{"@type":"ImageObject","inLanguage":"en-GB","@id":"https:\/\/tsukimigallery.com\/#\/schema\/logo\/image\/","url":"https:\/\/tsukimigallery.com\/wp-content\/uploads\/2025\/04\/Logo-color.png","contentUrl":"https:\/\/tsukimigallery.com\/wp-content\/uploads\/2025\/04\/Logo-color.png","width":363,"height":100,"caption":"Tsukimi Gallery"},"image":{"@id":"https:\/\/tsukimigallery.com\/#\/schema\/logo\/image\/"}}]}},"_links":{"self":[{"href":"https:\/\/tsukimigallery.com\/en\/wp-json\/wp\/v2\/product\/473","targetHints":{"allow":["GET"]}}],"collection":[{"href":"https:\/\/tsukimigallery.com\/en\/wp-json\/wp\/v2\/product"}],"about":[{"href":"https:\/\/tsukimigallery.com\/en\/wp-json\/wp\/v2\/types\/product"}],"replies":[{"embeddable":true,"href":"https:\/\/tsukimigallery.com\/en\/wp-json\/wp\/v2\/comments?post=473"}],"wp:featuredmedia":[{"embeddable":true,"href":"https:\/\/tsukimigallery.com\/en\/wp-json\/wp\/v2\/media\/567"}],"wp:attachment":[{"href":"https:\/\/tsukimigallery.com\/en\/wp-json\/wp\/v2\/media?parent=473"}],"wp:term":[{"taxonomy":"product_brand","embeddable":true,"href":"https:\/\/tsukimigallery.com\/en\/wp-json\/wp\/v2\/product_brand?post=473"},{"taxonomy":"product_cat","embeddable":true,"href":"https:\/\/tsukimigallery.com\/en\/wp-json\/wp\/v2\/product_cat?post=473"},{"taxonomy":"product_tag","embeddable":true,"href":"https:\/\/tsukimigallery.com\/en\/wp-json\/wp\/v2\/product_tag?post=473"}],"curies":[{"name":"wp","href":"https:\/\/api.w.org\/{rel}","templated":true}]}}