{"id":475,"date":"2025-04-28T21:59:53","date_gmt":"2025-04-28T20:59:53","guid":{"rendered":"https:\/\/seo.geoffroycrabieres.com\/?post_type=product&amp;p=475"},"modified":"2025-04-28T21:59:53","modified_gmt":"2025-04-28T20:59:53","slug":"brule-encens-takashi-kaishu","status":"publish","type":"product","link":"https:\/\/tsukimigallery.com\/en\/product\/brule-encens-takashi-kaishu\/","title":{"rendered":"Bronze incense burner"},"content":{"rendered":"<p><strong>About Takashi Kaishu<\/strong><\/p>\n\n\n\n<p>Born in Kanazawa, Ishikawa prefecture, Takashi Kaishu (1905-2004) graduated from Tokyo Art School of Fine Art and trained under the Living National Treasure Unno Kiyoshi. After his first participation to the Teiten, he was awarded at the Belgium World Exhibition (1930) and at the Chicago International Exposition (1933), After the War, in exhibited multiples times in the Nitten where he became later a council member and then an advisor, He served as the director of Ishikawa Prefectural Museum of Art and founded in 1976 the Kaga Metalworkers Association. Among his student, he taught as an apprentice Nagawa Mamoru who later became Living National Treasure. In 1982, he was designated Important Intangible Cultural Asset of Ishikawa Prefecture for his Kaga Zogan (metal inlay) technique.<\/p>\n\n\n\n<div id=\"read-more\">Read more<\/div>","protected":false},"excerpt":{"rendered":"<p>Bronze incense burner inlaid in silver, decorated with intertwined circles, the pierced cover with stylized bird.<\/p>\n<p>Signed Shu on the base<\/p>\n<p>Showa era, circa 1980<\/p>\n<p>H. 15.5 cm, Diam. 11.2 cm<\/p>\n<p>Public collection: <em>Ishikawa Prefectural Museum<\/em><\/p>","protected":false},"featured_media":571,"comment_status":"closed","ping_status":"closed","template":"","meta":{"_editorskit_title_hidden":false,"_editorskit_reading_time":0,"_editorskit_is_block_options_detached":false,"_editorskit_block_options_position":"{}","_eb_attr":""},"product_brand":[],"product_cat":[188],"product_tag":[228],"class_list":{"0":"post-475","1":"product","2":"type-product","3":"status-publish","4":"has-post-thumbnail","6":"product_cat-metal","7":"product_tag-takahashi-kaishu","9":"first","10":"instock","11":"shipping-taxable","12":"purchasable","13":"product-type-simple"},"yoast_head":"<!-- This site is optimized with the Yoast SEO plugin v25.9 - https:\/\/yoast.com\/wordpress\/plugins\/seo\/ -->\n<title>Br\u00fble-encens en bronze - Tsukimi Gallery<\/title>\n<meta name=\"description\" content=\"Takashi Kaishu, br\u00fble encens en bronze patin\u00e9, d\u00e9cor\u00e9 de cercles entrelac\u00e9s, le couvercle perc\u00e9 surmont\u00e9 d&#039;un oiseau stylis\u00e9\" \/>\n<meta name=\"robots\" content=\"index, follow, max-snippet:-1, max-image-preview:large, max-video-preview:-1\" \/>\n<link rel=\"canonical\" href=\"https:\/\/tsukimigallery.com\/en\/?product=brule-encens-takashi-kaishu\" \/>\n<meta property=\"og:locale\" content=\"en_GB\" \/>\n<meta property=\"og:type\" content=\"article\" \/>\n<meta property=\"og:title\" content=\"Br\u00fble-encens en bronze - Tsukimi Gallery\" \/>\n<meta property=\"og:description\" content=\"Takashi Kaishu, br\u00fble encens en bronze patin\u00e9, d\u00e9cor\u00e9 de cercles entrelac\u00e9s, le couvercle perc\u00e9 surmont\u00e9 d&#039;un oiseau stylis\u00e9\" \/>\n<meta property=\"og:url\" content=\"https:\/\/tsukimigallery.com\/en\/?product=brule-encens-takashi-kaishu\" \/>\n<meta property=\"og:site_name\" content=\"Tsukimi Gallery\" \/>\n<meta property=\"og:image\" content=\"https:\/\/tsukimigallery.com\/wp-content\/uploads\/2025\/04\/213a-copie-scaled-1.webp\" \/>\n\t<meta property=\"og:image:width\" content=\"2560\" \/>\n\t<meta property=\"og:image:height\" content=\"1829\" \/>\n\t<meta property=\"og:image:type\" content=\"image\/webp\" \/>\n<meta name=\"twitter:card\" content=\"summary_large_image\" \/>\n<meta name=\"twitter:label1\" content=\"Estimated reading time\" \/>\n\t<meta name=\"twitter:data1\" content=\"1 minute\" \/>\n<script type=\"application\/ld+json\" class=\"yoast-schema-graph\">{\"@context\":\"https:\/\/schema.org\",\"@graph\":[{\"@type\":\"WebPage\",\"@id\":\"https:\/\/tsukimigallery.com\/?product=brule-encens-takashi-kaishu\",\"url\":\"https:\/\/tsukimigallery.com\/?product=brule-encens-takashi-kaishu\",\"name\":\"Br\u00fble-encens en bronze - Tsukimi Gallery\",\"isPartOf\":{\"@id\":\"https:\/\/tsukimigallery.com\/#website\"},\"primaryImageOfPage\":{\"@id\":\"https:\/\/tsukimigallery.com\/?product=brule-encens-takashi-kaishu#primaryimage\"},\"image\":{\"@id\":\"https:\/\/tsukimigallery.com\/?product=brule-encens-takashi-kaishu#primaryimage\"},\"thumbnailUrl\":\"https:\/\/tsukimigallery.com\/wp-content\/uploads\/2025\/04\/213a-copie-scaled-1.webp\",\"datePublished\":\"2025-04-28T20:59:53+00:00\",\"description\":\"Takashi Kaishu, br\u00fble encens en bronze patin\u00e9, d\u00e9cor\u00e9 de cercles entrelac\u00e9s, le couvercle perc\u00e9 surmont\u00e9 d'un oiseau stylis\u00e9\",\"breadcrumb\":{\"@id\":\"https:\/\/tsukimigallery.com\/?product=brule-encens-takashi-kaishu#breadcrumb\"},\"inLanguage\":\"en-GB\",\"potentialAction\":[{\"@type\":\"ReadAction\",\"target\":[\"https:\/\/tsukimigallery.com\/?product=brule-encens-takashi-kaishu\"]}]},{\"@type\":\"ImageObject\",\"inLanguage\":\"en-GB\",\"@id\":\"https:\/\/tsukimigallery.com\/?product=brule-encens-takashi-kaishu#primaryimage\",\"url\":\"https:\/\/tsukimigallery.com\/wp-content\/uploads\/2025\/04\/213a-copie-scaled-1.webp\",\"contentUrl\":\"https:\/\/tsukimigallery.com\/wp-content\/uploads\/2025\/04\/213a-copie-scaled-1.webp\",\"width\":2560,\"height\":1829,\"caption\":\"Br\u00fble encens en bronze patin\u00e9, d\u00e9cor\u00e9 de cercles entrelac\u00e9s, le couvercle perc\u00e9 surmont\u00e9 d\u2019un oiseau stylis\u00e9 par Takahashi Kaishu\"},{\"@type\":\"BreadcrumbList\",\"@id\":\"https:\/\/tsukimigallery.com\/?product=brule-encens-takashi-kaishu#breadcrumb\",\"itemListElement\":[{\"@type\":\"ListItem\",\"position\":1,\"name\":\"Accueil\",\"item\":\"https:\/\/tsukimigallery.com\/\"},{\"@type\":\"ListItem\",\"position\":2,\"name\":\"Boutique\",\"item\":\"https:\/\/tsukimigallery.com\/boutique\/\"},{\"@type\":\"ListItem\",\"position\":3,\"name\":\"Br\u00fble-encens en bronze\"}]},{\"@type\":\"WebSite\",\"@id\":\"https:\/\/tsukimigallery.com\/#website\",\"url\":\"https:\/\/tsukimigallery.com\/\",\"name\":\"Tsukimi Gallery\",\"description\":\"\",\"publisher\":{\"@id\":\"https:\/\/tsukimigallery.com\/#organization\"},\"potentialAction\":[{\"@type\":\"SearchAction\",\"target\":{\"@type\":\"EntryPoint\",\"urlTemplate\":\"https:\/\/tsukimigallery.com\/?s={search_term_string}\"},\"query-input\":{\"@type\":\"PropertyValueSpecification\",\"valueRequired\":true,\"valueName\":\"search_term_string\"}}],\"inLanguage\":\"en-GB\"},{\"@type\":\"Organization\",\"@id\":\"https:\/\/tsukimigallery.com\/#organization\",\"name\":\"Tsukimi Gallery\",\"url\":\"https:\/\/tsukimigallery.com\/\",\"logo\":{\"@type\":\"ImageObject\",\"inLanguage\":\"en-GB\",\"@id\":\"https:\/\/tsukimigallery.com\/#\/schema\/logo\/image\/\",\"url\":\"https:\/\/tsukimigallery.com\/wp-content\/uploads\/2025\/04\/Logo-color.png\",\"contentUrl\":\"https:\/\/tsukimigallery.com\/wp-content\/uploads\/2025\/04\/Logo-color.png\",\"width\":363,\"height\":100,\"caption\":\"Tsukimi Gallery\"},\"image\":{\"@id\":\"https:\/\/tsukimigallery.com\/#\/schema\/logo\/image\/\"}}]}<\/script>\n<!-- \/ Yoast SEO plugin. -->","yoast_head_json":{"title":"Br\u00fble-encens en bronze - Tsukimi Gallery","description":"Takashi Kaishu, br\u00fble encens en bronze patin\u00e9, d\u00e9cor\u00e9 de cercles entrelac\u00e9s, le couvercle perc\u00e9 surmont\u00e9 d'un oiseau stylis\u00e9","robots":{"index":"index","follow":"follow","max-snippet":"max-snippet:-1","max-image-preview":"max-image-preview:large","max-video-preview":"max-video-preview:-1"},"canonical":"https:\/\/tsukimigallery.com\/en\/?product=brule-encens-takashi-kaishu","og_locale":"en_GB","og_type":"article","og_title":"Br\u00fble-encens en bronze - Tsukimi Gallery","og_description":"Takashi Kaishu, br\u00fble encens en bronze patin\u00e9, d\u00e9cor\u00e9 de cercles entrelac\u00e9s, le couvercle perc\u00e9 surmont\u00e9 d'un oiseau stylis\u00e9","og_url":"https:\/\/tsukimigallery.com\/en\/?product=brule-encens-takashi-kaishu","og_site_name":"Tsukimi Gallery","og_image":[{"width":2560,"height":1829,"url":"https:\/\/tsukimigallery.com\/wp-content\/uploads\/2025\/04\/213a-copie-scaled-1.webp","type":"image\/webp"}],"twitter_card":"summary_large_image","twitter_misc":{"Estimated reading time":"1 minute"},"schema":{"@context":"https:\/\/schema.org","@graph":[{"@type":"WebPage","@id":"https:\/\/tsukimigallery.com\/?product=brule-encens-takashi-kaishu","url":"https:\/\/tsukimigallery.com\/?product=brule-encens-takashi-kaishu","name":"Br\u00fble-encens en bronze - Tsukimi Gallery","isPartOf":{"@id":"https:\/\/tsukimigallery.com\/#website"},"primaryImageOfPage":{"@id":"https:\/\/tsukimigallery.com\/?product=brule-encens-takashi-kaishu#primaryimage"},"image":{"@id":"https:\/\/tsukimigallery.com\/?product=brule-encens-takashi-kaishu#primaryimage"},"thumbnailUrl":"https:\/\/tsukimigallery.com\/wp-content\/uploads\/2025\/04\/213a-copie-scaled-1.webp","datePublished":"2025-04-28T20:59:53+00:00","description":"Takashi Kaishu, br\u00fble encens en bronze patin\u00e9, d\u00e9cor\u00e9 de cercles entrelac\u00e9s, le couvercle perc\u00e9 surmont\u00e9 d'un oiseau stylis\u00e9","breadcrumb":{"@id":"https:\/\/tsukimigallery.com\/?product=brule-encens-takashi-kaishu#breadcrumb"},"inLanguage":"en-GB","potentialAction":[{"@type":"ReadAction","target":["https:\/\/tsukimigallery.com\/?product=brule-encens-takashi-kaishu"]}]},{"@type":"ImageObject","inLanguage":"en-GB","@id":"https:\/\/tsukimigallery.com\/?product=brule-encens-takashi-kaishu#primaryimage","url":"https:\/\/tsukimigallery.com\/wp-content\/uploads\/2025\/04\/213a-copie-scaled-1.webp","contentUrl":"https:\/\/tsukimigallery.com\/wp-content\/uploads\/2025\/04\/213a-copie-scaled-1.webp","width":2560,"height":1829,"caption":"Br\u00fble encens en bronze patin\u00e9, d\u00e9cor\u00e9 de cercles entrelac\u00e9s, le couvercle perc\u00e9 surmont\u00e9 d\u2019un oiseau stylis\u00e9 par Takahashi Kaishu"},{"@type":"BreadcrumbList","@id":"https:\/\/tsukimigallery.com\/?product=brule-encens-takashi-kaishu#breadcrumb","itemListElement":[{"@type":"ListItem","position":1,"name":"Accueil","item":"https:\/\/tsukimigallery.com\/"},{"@type":"ListItem","position":2,"name":"Boutique","item":"https:\/\/tsukimigallery.com\/boutique\/"},{"@type":"ListItem","position":3,"name":"Br\u00fble-encens en bronze"}]},{"@type":"WebSite","@id":"https:\/\/tsukimigallery.com\/#website","url":"https:\/\/tsukimigallery.com\/","name":"Tsukimi Gallery","description":"","publisher":{"@id":"https:\/\/tsukimigallery.com\/#organization"},"potentialAction":[{"@type":"SearchAction","target":{"@type":"EntryPoint","urlTemplate":"https:\/\/tsukimigallery.com\/?s={search_term_string}"},"query-input":{"@type":"PropertyValueSpecification","valueRequired":true,"valueName":"search_term_string"}}],"inLanguage":"en-GB"},{"@type":"Organization","@id":"https:\/\/tsukimigallery.com\/#organization","name":"Tsukimi Gallery","url":"https:\/\/tsukimigallery.com\/","logo":{"@type":"ImageObject","inLanguage":"en-GB","@id":"https:\/\/tsukimigallery.com\/#\/schema\/logo\/image\/","url":"https:\/\/tsukimigallery.com\/wp-content\/uploads\/2025\/04\/Logo-color.png","contentUrl":"https:\/\/tsukimigallery.com\/wp-content\/uploads\/2025\/04\/Logo-color.png","width":363,"height":100,"caption":"Tsukimi Gallery"},"image":{"@id":"https:\/\/tsukimigallery.com\/#\/schema\/logo\/image\/"}}]}},"_links":{"self":[{"href":"https:\/\/tsukimigallery.com\/en\/wp-json\/wp\/v2\/product\/475","targetHints":{"allow":["GET"]}}],"collection":[{"href":"https:\/\/tsukimigallery.com\/en\/wp-json\/wp\/v2\/product"}],"about":[{"href":"https:\/\/tsukimigallery.com\/en\/wp-json\/wp\/v2\/types\/product"}],"replies":[{"embeddable":true,"href":"https:\/\/tsukimigallery.com\/en\/wp-json\/wp\/v2\/comments?post=475"}],"wp:featuredmedia":[{"embeddable":true,"href":"https:\/\/tsukimigallery.com\/en\/wp-json\/wp\/v2\/media\/571"}],"wp:attachment":[{"href":"https:\/\/tsukimigallery.com\/en\/wp-json\/wp\/v2\/media?parent=475"}],"wp:term":[{"taxonomy":"product_brand","embeddable":true,"href":"https:\/\/tsukimigallery.com\/en\/wp-json\/wp\/v2\/product_brand?post=475"},{"taxonomy":"product_cat","embeddable":true,"href":"https:\/\/tsukimigallery.com\/en\/wp-json\/wp\/v2\/product_cat?post=475"},{"taxonomy":"product_tag","embeddable":true,"href":"https:\/\/tsukimigallery.com\/en\/wp-json\/wp\/v2\/product_tag?post=475"}],"curies":[{"name":"wp","href":"https:\/\/api.w.org\/{rel}","templated":true}]}}