{"id":476,"date":"2025-04-28T22:01:04","date_gmt":"2025-04-28T21:01:04","guid":{"rendered":"https:\/\/seo.geoffroycrabieres.com\/?post_type=product&amp;p=476"},"modified":"2025-04-28T22:01:04","modified_gmt":"2025-04-28T21:01:04","slug":"vase-email-cloisonne-ota-hiroaki","status":"publish","type":"product","link":"https:\/\/tsukimigallery.com\/en\/product\/vase-email-cloisonne-ota-hiroaki\/","title":{"rendered":"Vase in cloisonn\u00e9 enamel"},"content":{"rendered":"<p><strong>About Ota Hiroaki<\/strong><\/p>\n\n\n\n<p>Ota Hiroaki (1913-1991) was born in Nagoya City, Aichi prefecture. He is considered as one of the leading cloisonn\u00e9 artists of the Showa era and participated frequently in the Nitten exhibition. Ota Hiroaki is the third generation of enamellers in his family. His father, Ota Yoshisaburo, active during the Meiji period, won an award for his work exhibited at the 1889 Paris Exposition Universelle.<\/p>\n\n\n\n<div id=\"read-more\">Read more<\/div>","protected":false},"excerpt":{"rendered":"<p>A cloisonn\u00e9 enamel vase of pale blue background decorated with bands of geometric patterns and stylized vegetal design in translucent golden brown and yellow enamel.<\/p>\n<p>Marked with artist seal<\/p>\n<p>Showa era, mid 20th century<\/p>\n<p>H. 18.3 cm, Diam. 17.3 cm<\/p>","protected":false},"featured_media":453,"comment_status":"closed","ping_status":"closed","template":"","meta":{"_editorskit_title_hidden":false,"_editorskit_reading_time":0,"_editorskit_is_block_options_detached":false,"_editorskit_block_options_position":"{}","_eb_attr":""},"product_brand":[],"product_cat":[154],"product_tag":[206],"class_list":{"0":"post-476","1":"product","2":"type-product","3":"status-publish","4":"has-post-thumbnail","6":"product_cat-email","7":"product_tag-ota-hiroaki","9":"first","10":"instock","11":"shipping-taxable","12":"purchasable","13":"product-type-simple"},"yoast_head":"<!-- This site is optimized with the Yoast SEO plugin v25.9 - https:\/\/yoast.com\/wordpress\/plugins\/seo\/ -->\n<title>Vase en \u00e9mail cloisonn\u00e9 - Tsukimi Gallery<\/title>\n<meta name=\"description\" content=\"Vase en \u00e9mail cloisonn\u00e9 bleu clair, d\u00e9cor\u00e9 de frises g\u00e9om\u00e9triques et de motifs v\u00e9g\u00e9taux en \u00e9mail jaune et brun dor\u00e9 translucide.\" \/>\n<meta name=\"robots\" content=\"index, follow, max-snippet:-1, max-image-preview:large, max-video-preview:-1\" \/>\n<link rel=\"canonical\" href=\"https:\/\/tsukimigallery.com\/en\/?product=vase-email-cloisonne-ota-hiroaki\" \/>\n<meta property=\"og:locale\" content=\"en_GB\" \/>\n<meta property=\"og:type\" content=\"article\" \/>\n<meta property=\"og:title\" content=\"Vase en \u00e9mail cloisonn\u00e9 - Tsukimi Gallery\" \/>\n<meta property=\"og:description\" content=\"Vase en \u00e9mail cloisonn\u00e9 bleu clair, d\u00e9cor\u00e9 de frises g\u00e9om\u00e9triques et de motifs v\u00e9g\u00e9taux en \u00e9mail jaune et brun dor\u00e9 translucide.\" \/>\n<meta property=\"og:url\" content=\"https:\/\/tsukimigallery.com\/en\/?product=vase-email-cloisonne-ota-hiroaki\" \/>\n<meta property=\"og:site_name\" content=\"Tsukimi Gallery\" \/>\n<meta property=\"og:image\" content=\"https:\/\/tsukimigallery.com\/wp-content\/uploads\/2025\/04\/201A-copie.webp\" \/>\n\t<meta property=\"og:image:width\" content=\"2441\" \/>\n\t<meta property=\"og:image:height\" content=\"1744\" \/>\n\t<meta property=\"og:image:type\" content=\"image\/webp\" \/>\n<meta name=\"twitter:card\" content=\"summary_large_image\" \/>\n<meta name=\"twitter:label1\" content=\"Estimated reading time\" \/>\n\t<meta name=\"twitter:data1\" content=\"1 minute\" \/>\n<script type=\"application\/ld+json\" class=\"yoast-schema-graph\">{\"@context\":\"https:\/\/schema.org\",\"@graph\":[{\"@type\":\"WebPage\",\"@id\":\"https:\/\/tsukimigallery.com\/?product=vase-email-cloisonne-ota-hiroaki\",\"url\":\"https:\/\/tsukimigallery.com\/?product=vase-email-cloisonne-ota-hiroaki\",\"name\":\"Vase en \u00e9mail cloisonn\u00e9 - Tsukimi Gallery\",\"isPartOf\":{\"@id\":\"https:\/\/tsukimigallery.com\/#website\"},\"primaryImageOfPage\":{\"@id\":\"https:\/\/tsukimigallery.com\/?product=vase-email-cloisonne-ota-hiroaki#primaryimage\"},\"image\":{\"@id\":\"https:\/\/tsukimigallery.com\/?product=vase-email-cloisonne-ota-hiroaki#primaryimage\"},\"thumbnailUrl\":\"https:\/\/tsukimigallery.com\/wp-content\/uploads\/2025\/04\/201A-copie.webp\",\"datePublished\":\"2025-04-28T21:01:04+00:00\",\"description\":\"Vase en \u00e9mail cloisonn\u00e9 bleu clair, d\u00e9cor\u00e9 de frises g\u00e9om\u00e9triques et de motifs v\u00e9g\u00e9taux en \u00e9mail jaune et brun dor\u00e9 translucide.\",\"breadcrumb\":{\"@id\":\"https:\/\/tsukimigallery.com\/?product=vase-email-cloisonne-ota-hiroaki#breadcrumb\"},\"inLanguage\":\"en-GB\",\"potentialAction\":[{\"@type\":\"ReadAction\",\"target\":[\"https:\/\/tsukimigallery.com\/?product=vase-email-cloisonne-ota-hiroaki\"]}]},{\"@type\":\"ImageObject\",\"inLanguage\":\"en-GB\",\"@id\":\"https:\/\/tsukimigallery.com\/?product=vase-email-cloisonne-ota-hiroaki#primaryimage\",\"url\":\"https:\/\/tsukimigallery.com\/wp-content\/uploads\/2025\/04\/201A-copie.webp\",\"contentUrl\":\"https:\/\/tsukimigallery.com\/wp-content\/uploads\/2025\/04\/201A-copie.webp\",\"width\":2441,\"height\":1744},{\"@type\":\"BreadcrumbList\",\"@id\":\"https:\/\/tsukimigallery.com\/?product=vase-email-cloisonne-ota-hiroaki#breadcrumb\",\"itemListElement\":[{\"@type\":\"ListItem\",\"position\":1,\"name\":\"Accueil\",\"item\":\"https:\/\/tsukimigallery.com\/\"},{\"@type\":\"ListItem\",\"position\":2,\"name\":\"Boutique\",\"item\":\"https:\/\/tsukimigallery.com\/boutique\/\"},{\"@type\":\"ListItem\",\"position\":3,\"name\":\"Vase en \u00e9mail cloisonn\u00e9\"}]},{\"@type\":\"WebSite\",\"@id\":\"https:\/\/tsukimigallery.com\/#website\",\"url\":\"https:\/\/tsukimigallery.com\/\",\"name\":\"Tsukimi Gallery\",\"description\":\"\",\"publisher\":{\"@id\":\"https:\/\/tsukimigallery.com\/#organization\"},\"potentialAction\":[{\"@type\":\"SearchAction\",\"target\":{\"@type\":\"EntryPoint\",\"urlTemplate\":\"https:\/\/tsukimigallery.com\/?s={search_term_string}\"},\"query-input\":{\"@type\":\"PropertyValueSpecification\",\"valueRequired\":true,\"valueName\":\"search_term_string\"}}],\"inLanguage\":\"en-GB\"},{\"@type\":\"Organization\",\"@id\":\"https:\/\/tsukimigallery.com\/#organization\",\"name\":\"Tsukimi Gallery\",\"url\":\"https:\/\/tsukimigallery.com\/\",\"logo\":{\"@type\":\"ImageObject\",\"inLanguage\":\"en-GB\",\"@id\":\"https:\/\/tsukimigallery.com\/#\/schema\/logo\/image\/\",\"url\":\"https:\/\/tsukimigallery.com\/wp-content\/uploads\/2025\/04\/Logo-color.png\",\"contentUrl\":\"https:\/\/tsukimigallery.com\/wp-content\/uploads\/2025\/04\/Logo-color.png\",\"width\":363,\"height\":100,\"caption\":\"Tsukimi Gallery\"},\"image\":{\"@id\":\"https:\/\/tsukimigallery.com\/#\/schema\/logo\/image\/\"}}]}<\/script>\n<!-- \/ Yoast SEO plugin. -->","yoast_head_json":{"title":"Vase en \u00e9mail cloisonn\u00e9 - Tsukimi Gallery","description":"Vase en \u00e9mail cloisonn\u00e9 bleu clair, d\u00e9cor\u00e9 de frises g\u00e9om\u00e9triques et de motifs v\u00e9g\u00e9taux en \u00e9mail jaune et brun dor\u00e9 translucide.","robots":{"index":"index","follow":"follow","max-snippet":"max-snippet:-1","max-image-preview":"max-image-preview:large","max-video-preview":"max-video-preview:-1"},"canonical":"https:\/\/tsukimigallery.com\/en\/?product=vase-email-cloisonne-ota-hiroaki","og_locale":"en_GB","og_type":"article","og_title":"Vase en \u00e9mail cloisonn\u00e9 - Tsukimi Gallery","og_description":"Vase en \u00e9mail cloisonn\u00e9 bleu clair, d\u00e9cor\u00e9 de frises g\u00e9om\u00e9triques et de motifs v\u00e9g\u00e9taux en \u00e9mail jaune et brun dor\u00e9 translucide.","og_url":"https:\/\/tsukimigallery.com\/en\/?product=vase-email-cloisonne-ota-hiroaki","og_site_name":"Tsukimi Gallery","og_image":[{"width":2441,"height":1744,"url":"https:\/\/tsukimigallery.com\/wp-content\/uploads\/2025\/04\/201A-copie.webp","type":"image\/webp"}],"twitter_card":"summary_large_image","twitter_misc":{"Estimated reading time":"1 minute"},"schema":{"@context":"https:\/\/schema.org","@graph":[{"@type":"WebPage","@id":"https:\/\/tsukimigallery.com\/?product=vase-email-cloisonne-ota-hiroaki","url":"https:\/\/tsukimigallery.com\/?product=vase-email-cloisonne-ota-hiroaki","name":"Vase en \u00e9mail cloisonn\u00e9 - Tsukimi Gallery","isPartOf":{"@id":"https:\/\/tsukimigallery.com\/#website"},"primaryImageOfPage":{"@id":"https:\/\/tsukimigallery.com\/?product=vase-email-cloisonne-ota-hiroaki#primaryimage"},"image":{"@id":"https:\/\/tsukimigallery.com\/?product=vase-email-cloisonne-ota-hiroaki#primaryimage"},"thumbnailUrl":"https:\/\/tsukimigallery.com\/wp-content\/uploads\/2025\/04\/201A-copie.webp","datePublished":"2025-04-28T21:01:04+00:00","description":"Vase en \u00e9mail cloisonn\u00e9 bleu clair, d\u00e9cor\u00e9 de frises g\u00e9om\u00e9triques et de motifs v\u00e9g\u00e9taux en \u00e9mail jaune et brun dor\u00e9 translucide.","breadcrumb":{"@id":"https:\/\/tsukimigallery.com\/?product=vase-email-cloisonne-ota-hiroaki#breadcrumb"},"inLanguage":"en-GB","potentialAction":[{"@type":"ReadAction","target":["https:\/\/tsukimigallery.com\/?product=vase-email-cloisonne-ota-hiroaki"]}]},{"@type":"ImageObject","inLanguage":"en-GB","@id":"https:\/\/tsukimigallery.com\/?product=vase-email-cloisonne-ota-hiroaki#primaryimage","url":"https:\/\/tsukimigallery.com\/wp-content\/uploads\/2025\/04\/201A-copie.webp","contentUrl":"https:\/\/tsukimigallery.com\/wp-content\/uploads\/2025\/04\/201A-copie.webp","width":2441,"height":1744},{"@type":"BreadcrumbList","@id":"https:\/\/tsukimigallery.com\/?product=vase-email-cloisonne-ota-hiroaki#breadcrumb","itemListElement":[{"@type":"ListItem","position":1,"name":"Accueil","item":"https:\/\/tsukimigallery.com\/"},{"@type":"ListItem","position":2,"name":"Boutique","item":"https:\/\/tsukimigallery.com\/boutique\/"},{"@type":"ListItem","position":3,"name":"Vase en \u00e9mail cloisonn\u00e9"}]},{"@type":"WebSite","@id":"https:\/\/tsukimigallery.com\/#website","url":"https:\/\/tsukimigallery.com\/","name":"Tsukimi Gallery","description":"","publisher":{"@id":"https:\/\/tsukimigallery.com\/#organization"},"potentialAction":[{"@type":"SearchAction","target":{"@type":"EntryPoint","urlTemplate":"https:\/\/tsukimigallery.com\/?s={search_term_string}"},"query-input":{"@type":"PropertyValueSpecification","valueRequired":true,"valueName":"search_term_string"}}],"inLanguage":"en-GB"},{"@type":"Organization","@id":"https:\/\/tsukimigallery.com\/#organization","name":"Tsukimi Gallery","url":"https:\/\/tsukimigallery.com\/","logo":{"@type":"ImageObject","inLanguage":"en-GB","@id":"https:\/\/tsukimigallery.com\/#\/schema\/logo\/image\/","url":"https:\/\/tsukimigallery.com\/wp-content\/uploads\/2025\/04\/Logo-color.png","contentUrl":"https:\/\/tsukimigallery.com\/wp-content\/uploads\/2025\/04\/Logo-color.png","width":363,"height":100,"caption":"Tsukimi Gallery"},"image":{"@id":"https:\/\/tsukimigallery.com\/#\/schema\/logo\/image\/"}}]}},"_links":{"self":[{"href":"https:\/\/tsukimigallery.com\/en\/wp-json\/wp\/v2\/product\/476","targetHints":{"allow":["GET"]}}],"collection":[{"href":"https:\/\/tsukimigallery.com\/en\/wp-json\/wp\/v2\/product"}],"about":[{"href":"https:\/\/tsukimigallery.com\/en\/wp-json\/wp\/v2\/types\/product"}],"replies":[{"embeddable":true,"href":"https:\/\/tsukimigallery.com\/en\/wp-json\/wp\/v2\/comments?post=476"}],"wp:featuredmedia":[{"embeddable":true,"href":"https:\/\/tsukimigallery.com\/en\/wp-json\/wp\/v2\/media\/453"}],"wp:attachment":[{"href":"https:\/\/tsukimigallery.com\/en\/wp-json\/wp\/v2\/media?parent=476"}],"wp:term":[{"taxonomy":"product_brand","embeddable":true,"href":"https:\/\/tsukimigallery.com\/en\/wp-json\/wp\/v2\/product_brand?post=476"},{"taxonomy":"product_cat","embeddable":true,"href":"https:\/\/tsukimigallery.com\/en\/wp-json\/wp\/v2\/product_cat?post=476"},{"taxonomy":"product_tag","embeddable":true,"href":"https:\/\/tsukimigallery.com\/en\/wp-json\/wp\/v2\/product_tag?post=476"}],"curies":[{"name":"wp","href":"https:\/\/api.w.org\/{rel}","templated":true}]}}