{"id":574,"date":"2025-06-14T14:43:26","date_gmt":"2025-06-14T13:43:26","guid":{"rendered":"https:\/\/seo.geoffroycrabieres.com\/?post_type=product&amp;p=574"},"modified":"2025-06-14T14:43:26","modified_gmt":"2025-06-14T13:43:26","slug":"vase-ceramiqe-celadon-mineigishi-seiko","status":"publish","type":"product","link":"https:\/\/tsukimigallery.com\/en\/product\/vase-ceramiqe-celadon-mineigishi-seiko\/","title":{"rendered":"Large cracked celadon bottle vase"},"content":{"rendered":"<p><strong>About Minegishi Seik\u014d (b. 1952 \u2013 2023)<\/strong><\/p>\n\n\n\n<p>Born in Misato, Saitama Prefecture, Minegishi Seik\u014d established his first kiln in the city in 1974, before relocating to Nasu, Tochigi Prefecture, in 1993. He was strongly drawn to the celadon from China's Song dynasty and the Korean Goryeo celadon, and therefore primarily focused on firing celadon pottery. With the goal of creating something unique, he dedicated about 20 years to research, and after numerous trials, he succeeded in mastering several firing and glazing technique. His highly sought-after creations were exhibited both in Japan and internationally, including at the Nihon K\u014dgeikai (Japanese Traditional Crafts Exhibition) and the Japan Ceramic Art Exhibition. He became a full member of the K\u014dgei Association in 2000.<\/p>\n\n\n\n<p>Minegishi Seik\u014d is particularly renowned for developing and perfecting a highly complex cracked celadon glaze technique, producing a distinctive scale-like effect formed by deep crackling within a thick layer of glaze.<\/p>\n\n\n\n<div id=\"read-more\">Read more<\/div>","protected":false},"excerpt":{"rendered":"<p>Large tapered bottle vase flanked by two small handles under flaring neck, resting on a wide cylindrical base. The surface covered with a splendid cracked celadon glaze.<\/p>\n<p>Signed on the base<\/p>\n<p>Japan, Heisei era, circa 2000-2010<\/p>\n<p>H. 39 cm, Diam. 29 cm<\/p>\n<p>In public collections : Mashiko Museum of Ceramic Art \u2013 Yukado Museum of Art \u2013 New Orleans Museum of Art \u2013 Phoenix Museum of Art \u2013 Feinberg Collection of Japanese Art \u2013 Ceramic Art Museum of Shizuoka<\/p>","protected":false},"featured_media":577,"comment_status":"closed","ping_status":"closed","template":"","meta":{"_editorskit_title_hidden":false,"_editorskit_reading_time":0,"_editorskit_is_block_options_detached":false,"_editorskit_block_options_position":"{}","_eb_attr":""},"product_brand":[],"product_cat":[130,198],"product_tag":[189],"class_list":{"0":"post-574","1":"product","2":"type-product","3":"status-publish","4":"has-post-thumbnail","6":"product_cat-ceramique","7":"product_cat-nouveautes","8":"product_tag-minegishi-seiko","10":"first","11":"instock","12":"shipping-taxable","13":"purchasable","14":"product-type-simple"},"yoast_head":"<!-- This site is optimized with the Yoast SEO plugin v25.9 - https:\/\/yoast.com\/wordpress\/plugins\/seo\/ -->\n<title>Grand vase bouteille en c\u00e9ramique c\u00e9ladon - Tsukimi Gallery % %<\/title>\n<meta name=\"description\" content=\"Grand vase bouteille reposant sur une large base cylindrique. La surface recouverte d&#039;une splendide gla\u00e7ure c\u00e9ladon craquel\u00e9e.\" \/>\n<meta name=\"robots\" content=\"index, follow, max-snippet:-1, max-image-preview:large, max-video-preview:-1\" \/>\n<link rel=\"canonical\" href=\"https:\/\/tsukimigallery.com\/en\/?product=vase-ceramiqe-celadon-mineigishi-seiko\" \/>\n<meta property=\"og:locale\" content=\"en_GB\" \/>\n<meta property=\"og:type\" content=\"article\" \/>\n<meta property=\"og:title\" content=\"Grand vase bouteille en c\u00e9ramique c\u00e9ladon - Tsukimi Gallery % %\" \/>\n<meta property=\"og:description\" content=\"Grand vase bouteille reposant sur une large base cylindrique. La surface recouverte d&#039;une splendide gla\u00e7ure c\u00e9ladon craquel\u00e9e.\" \/>\n<meta property=\"og:url\" content=\"https:\/\/tsukimigallery.com\/en\/?product=vase-ceramiqe-celadon-mineigishi-seiko\" \/>\n<meta property=\"og:site_name\" content=\"Tsukimi Gallery\" \/>\n<meta property=\"og:image\" content=\"https:\/\/tsukimigallery.com\/wp-content\/uploads\/2025\/06\/221a-copie-scaled-1.webp\" \/>\n\t<meta property=\"og:image:width\" content=\"2560\" \/>\n\t<meta property=\"og:image:height\" content=\"1829\" \/>\n\t<meta property=\"og:image:type\" content=\"image\/webp\" \/>\n<meta name=\"twitter:card\" content=\"summary_large_image\" \/>\n<meta name=\"twitter:label1\" content=\"Estimated reading time\" \/>\n\t<meta name=\"twitter:data1\" content=\"2 minutes\" \/>\n<script type=\"application\/ld+json\" class=\"yoast-schema-graph\">{\"@context\":\"https:\/\/schema.org\",\"@graph\":[{\"@type\":\"WebPage\",\"@id\":\"https:\/\/tsukimigallery.com\/?product=vase-ceramiqe-celadon-mineigishi-seiko\",\"url\":\"https:\/\/tsukimigallery.com\/?product=vase-ceramiqe-celadon-mineigishi-seiko\",\"name\":\"Grand vase bouteille en c\u00e9ramique c\u00e9ladon - Tsukimi Gallery % %\",\"isPartOf\":{\"@id\":\"https:\/\/tsukimigallery.com\/#website\"},\"primaryImageOfPage\":{\"@id\":\"https:\/\/tsukimigallery.com\/?product=vase-ceramiqe-celadon-mineigishi-seiko#primaryimage\"},\"image\":{\"@id\":\"https:\/\/tsukimigallery.com\/?product=vase-ceramiqe-celadon-mineigishi-seiko#primaryimage\"},\"thumbnailUrl\":\"https:\/\/tsukimigallery.com\/wp-content\/uploads\/2025\/06\/221a-copie-scaled-1.webp\",\"datePublished\":\"2025-06-14T13:43:26+00:00\",\"description\":\"Grand vase bouteille reposant sur une large base cylindrique. La surface recouverte d'une splendide gla\u00e7ure c\u00e9ladon craquel\u00e9e.\",\"breadcrumb\":{\"@id\":\"https:\/\/tsukimigallery.com\/?product=vase-ceramiqe-celadon-mineigishi-seiko#breadcrumb\"},\"inLanguage\":\"en-GB\",\"potentialAction\":[{\"@type\":\"ReadAction\",\"target\":[\"https:\/\/tsukimigallery.com\/?product=vase-ceramiqe-celadon-mineigishi-seiko\"]}]},{\"@type\":\"ImageObject\",\"inLanguage\":\"en-GB\",\"@id\":\"https:\/\/tsukimigallery.com\/?product=vase-ceramiqe-celadon-mineigishi-seiko#primaryimage\",\"url\":\"https:\/\/tsukimigallery.com\/wp-content\/uploads\/2025\/06\/221a-copie-scaled-1.webp\",\"contentUrl\":\"https:\/\/tsukimigallery.com\/wp-content\/uploads\/2025\/06\/221a-copie-scaled-1.webp\",\"width\":2560,\"height\":1829,\"caption\":\"Large ceramic vase by Minegishi Seiko, resting on a large cylindrical base, the surface covered with a splendid cracked celadon glaze\"},{\"@type\":\"BreadcrumbList\",\"@id\":\"https:\/\/tsukimigallery.com\/?product=vase-ceramiqe-celadon-mineigishi-seiko#breadcrumb\",\"itemListElement\":[{\"@type\":\"ListItem\",\"position\":1,\"name\":\"Accueil\",\"item\":\"https:\/\/tsukimigallery.com\/\"},{\"@type\":\"ListItem\",\"position\":2,\"name\":\"Boutique\",\"item\":\"https:\/\/tsukimigallery.com\/boutique\/\"},{\"@type\":\"ListItem\",\"position\":3,\"name\":\"Grand vase bouteille en c\u00e9ramique c\u00e9ladon\"}]},{\"@type\":\"WebSite\",\"@id\":\"https:\/\/tsukimigallery.com\/#website\",\"url\":\"https:\/\/tsukimigallery.com\/\",\"name\":\"Tsukimi Gallery\",\"description\":\"\",\"publisher\":{\"@id\":\"https:\/\/tsukimigallery.com\/#organization\"},\"potentialAction\":[{\"@type\":\"SearchAction\",\"target\":{\"@type\":\"EntryPoint\",\"urlTemplate\":\"https:\/\/tsukimigallery.com\/?s={search_term_string}\"},\"query-input\":{\"@type\":\"PropertyValueSpecification\",\"valueRequired\":true,\"valueName\":\"search_term_string\"}}],\"inLanguage\":\"en-GB\"},{\"@type\":\"Organization\",\"@id\":\"https:\/\/tsukimigallery.com\/#organization\",\"name\":\"Tsukimi Gallery\",\"url\":\"https:\/\/tsukimigallery.com\/\",\"logo\":{\"@type\":\"ImageObject\",\"inLanguage\":\"en-GB\",\"@id\":\"https:\/\/tsukimigallery.com\/#\/schema\/logo\/image\/\",\"url\":\"https:\/\/tsukimigallery.com\/wp-content\/uploads\/2025\/04\/Logo-color.png\",\"contentUrl\":\"https:\/\/tsukimigallery.com\/wp-content\/uploads\/2025\/04\/Logo-color.png\",\"width\":363,\"height\":100,\"caption\":\"Tsukimi Gallery\"},\"image\":{\"@id\":\"https:\/\/tsukimigallery.com\/#\/schema\/logo\/image\/\"}}]}<\/script>\n<!-- \/ Yoast SEO plugin. -->","yoast_head_json":{"title":"Grand vase bouteille en c\u00e9ramique c\u00e9ladon - Tsukimi Gallery % %","description":"Grand vase bouteille reposant sur une large base cylindrique. La surface recouverte d'une splendide gla\u00e7ure c\u00e9ladon craquel\u00e9e.","robots":{"index":"index","follow":"follow","max-snippet":"max-snippet:-1","max-image-preview":"max-image-preview:large","max-video-preview":"max-video-preview:-1"},"canonical":"https:\/\/tsukimigallery.com\/en\/?product=vase-ceramiqe-celadon-mineigishi-seiko","og_locale":"en_GB","og_type":"article","og_title":"Grand vase bouteille en c\u00e9ramique c\u00e9ladon - Tsukimi Gallery % %","og_description":"Grand vase bouteille reposant sur une large base cylindrique. La surface recouverte d'une splendide gla\u00e7ure c\u00e9ladon craquel\u00e9e.","og_url":"https:\/\/tsukimigallery.com\/en\/?product=vase-ceramiqe-celadon-mineigishi-seiko","og_site_name":"Tsukimi Gallery","og_image":[{"width":2560,"height":1829,"url":"https:\/\/tsukimigallery.com\/wp-content\/uploads\/2025\/06\/221a-copie-scaled-1.webp","type":"image\/webp"}],"twitter_card":"summary_large_image","twitter_misc":{"Estimated reading time":"2 minutes"},"schema":{"@context":"https:\/\/schema.org","@graph":[{"@type":"WebPage","@id":"https:\/\/tsukimigallery.com\/?product=vase-ceramiqe-celadon-mineigishi-seiko","url":"https:\/\/tsukimigallery.com\/?product=vase-ceramiqe-celadon-mineigishi-seiko","name":"Grand vase bouteille en c\u00e9ramique c\u00e9ladon - Tsukimi Gallery % %","isPartOf":{"@id":"https:\/\/tsukimigallery.com\/#website"},"primaryImageOfPage":{"@id":"https:\/\/tsukimigallery.com\/?product=vase-ceramiqe-celadon-mineigishi-seiko#primaryimage"},"image":{"@id":"https:\/\/tsukimigallery.com\/?product=vase-ceramiqe-celadon-mineigishi-seiko#primaryimage"},"thumbnailUrl":"https:\/\/tsukimigallery.com\/wp-content\/uploads\/2025\/06\/221a-copie-scaled-1.webp","datePublished":"2025-06-14T13:43:26+00:00","description":"Grand vase bouteille reposant sur une large base cylindrique. La surface recouverte d'une splendide gla\u00e7ure c\u00e9ladon craquel\u00e9e.","breadcrumb":{"@id":"https:\/\/tsukimigallery.com\/?product=vase-ceramiqe-celadon-mineigishi-seiko#breadcrumb"},"inLanguage":"en-GB","potentialAction":[{"@type":"ReadAction","target":["https:\/\/tsukimigallery.com\/?product=vase-ceramiqe-celadon-mineigishi-seiko"]}]},{"@type":"ImageObject","inLanguage":"en-GB","@id":"https:\/\/tsukimigallery.com\/?product=vase-ceramiqe-celadon-mineigishi-seiko#primaryimage","url":"https:\/\/tsukimigallery.com\/wp-content\/uploads\/2025\/06\/221a-copie-scaled-1.webp","contentUrl":"https:\/\/tsukimigallery.com\/wp-content\/uploads\/2025\/06\/221a-copie-scaled-1.webp","width":2560,"height":1829,"caption":"Large ceramic vase by Minegishi Seiko, resting on a large cylindrical base, the surface covered with a splendid cracked celadon glaze"},{"@type":"BreadcrumbList","@id":"https:\/\/tsukimigallery.com\/?product=vase-ceramiqe-celadon-mineigishi-seiko#breadcrumb","itemListElement":[{"@type":"ListItem","position":1,"name":"Accueil","item":"https:\/\/tsukimigallery.com\/"},{"@type":"ListItem","position":2,"name":"Boutique","item":"https:\/\/tsukimigallery.com\/boutique\/"},{"@type":"ListItem","position":3,"name":"Grand vase bouteille en c\u00e9ramique c\u00e9ladon"}]},{"@type":"WebSite","@id":"https:\/\/tsukimigallery.com\/#website","url":"https:\/\/tsukimigallery.com\/","name":"Tsukimi Gallery","description":"","publisher":{"@id":"https:\/\/tsukimigallery.com\/#organization"},"potentialAction":[{"@type":"SearchAction","target":{"@type":"EntryPoint","urlTemplate":"https:\/\/tsukimigallery.com\/?s={search_term_string}"},"query-input":{"@type":"PropertyValueSpecification","valueRequired":true,"valueName":"search_term_string"}}],"inLanguage":"en-GB"},{"@type":"Organization","@id":"https:\/\/tsukimigallery.com\/#organization","name":"Tsukimi Gallery","url":"https:\/\/tsukimigallery.com\/","logo":{"@type":"ImageObject","inLanguage":"en-GB","@id":"https:\/\/tsukimigallery.com\/#\/schema\/logo\/image\/","url":"https:\/\/tsukimigallery.com\/wp-content\/uploads\/2025\/04\/Logo-color.png","contentUrl":"https:\/\/tsukimigallery.com\/wp-content\/uploads\/2025\/04\/Logo-color.png","width":363,"height":100,"caption":"Tsukimi Gallery"},"image":{"@id":"https:\/\/tsukimigallery.com\/#\/schema\/logo\/image\/"}}]}},"_links":{"self":[{"href":"https:\/\/tsukimigallery.com\/en\/wp-json\/wp\/v2\/product\/574","targetHints":{"allow":["GET"]}}],"collection":[{"href":"https:\/\/tsukimigallery.com\/en\/wp-json\/wp\/v2\/product"}],"about":[{"href":"https:\/\/tsukimigallery.com\/en\/wp-json\/wp\/v2\/types\/product"}],"replies":[{"embeddable":true,"href":"https:\/\/tsukimigallery.com\/en\/wp-json\/wp\/v2\/comments?post=574"}],"wp:featuredmedia":[{"embeddable":true,"href":"https:\/\/tsukimigallery.com\/en\/wp-json\/wp\/v2\/media\/577"}],"wp:attachment":[{"href":"https:\/\/tsukimigallery.com\/en\/wp-json\/wp\/v2\/media?parent=574"}],"wp:term":[{"taxonomy":"product_brand","embeddable":true,"href":"https:\/\/tsukimigallery.com\/en\/wp-json\/wp\/v2\/product_brand?post=574"},{"taxonomy":"product_cat","embeddable":true,"href":"https:\/\/tsukimigallery.com\/en\/wp-json\/wp\/v2\/product_cat?post=574"},{"taxonomy":"product_tag","embeddable":true,"href":"https:\/\/tsukimigallery.com\/en\/wp-json\/wp\/v2\/product_tag?post=574"}],"curies":[{"name":"wp","href":"https:\/\/api.w.org\/{rel}","templated":true}]}}