{"id":579,"date":"2025-06-14T15:08:31","date_gmt":"2025-06-14T14:08:31","guid":{"rendered":"https:\/\/seo.geoffroycrabieres.com\/?post_type=product&amp;p=579"},"modified":"2025-06-14T15:08:31","modified_gmt":"2025-06-14T14:08:31","slug":"base-arita-maeda-taisho","status":"publish","type":"product","link":"https:\/\/tsukimigallery.com\/en\/product\/base-arita-maeda-taisho\/","title":{"rendered":"Porcelain vase depicting misty mountains"},"content":{"rendered":"<p><strong>About Maeda Taisho\u0304 (b. 1937 \u2013 )<\/strong><\/p>\n\n\n\n<p>Maeda Taish\u014d was born in Arita, Saga Prefecture, the city where he established his own kiln. Mastering colored glazes, particularly cinnabar, his works, crafted with finesse and skill, are often inspired by natural motifs such as mountains and the sea.<br>He has been exhibited numerous times in Japan and abroad, including in 2000 at the British Museum during the Saga Ceramic Exhibition. A member of the Nitten association for several decades, he also served as the director of both the Saga Prefecture Art Association and the Saga Prefecture Ceramic Association. He has received numerous awards, including the Regional Cultural Merit distinction from the Minister of Education<\/p>\n\n\n\n<div id=\"read-more\">Read more<\/div>","protected":false},"excerpt":{"rendered":"<p>Arita porcelain vase depicting misty mountains in shades of pink, purple and blue glaze<\/p>\n<p>Signed on the base<\/p>\n<p>Japan, Showa era, circa 1990-2010<\/p>\n<p>H. 25 cm, Diam. 29 cm<\/p>","protected":false},"featured_media":580,"comment_status":"closed","ping_status":"closed","template":"","meta":{"_editorskit_title_hidden":false,"_editorskit_reading_time":0,"_editorskit_is_block_options_detached":false,"_editorskit_block_options_position":"{}","_eb_attr":""},"product_brand":[],"product_cat":[130,198],"product_tag":[184],"class_list":{"0":"post-579","1":"product","2":"type-product","3":"status-publish","4":"has-post-thumbnail","6":"product_cat-ceramique","7":"product_cat-nouveautes","8":"product_tag-maeda-taisho","10":"first","11":"instock","12":"shipping-taxable","13":"purchasable","14":"product-type-simple"},"yoast_head":"<!-- This site is optimized with the Yoast SEO plugin v25.9 - https:\/\/yoast.com\/wordpress\/plugins\/seo\/ -->\n<title>Vase en porcelaine repr\u00e9sentant un paysage de montagne - Tsukimi Gallery<\/title>\n<meta name=\"description\" content=\"Maeda Taisho\u0304 (b. 1937 - ) Vase en porcelaine d&#039;Arita repr\u00e9sentant un paysage de montagnes embrum\u00e9es, r\u00e9alis\u00e9 en \u00e9mail sous gla\u00e7ure rose, violet et bleu.\" \/>\n<meta name=\"robots\" content=\"index, follow, max-snippet:-1, max-image-preview:large, max-video-preview:-1\" \/>\n<link rel=\"canonical\" href=\"https:\/\/tsukimigallery.com\/en\/?product=base-arita-maeda-taisho\" \/>\n<meta property=\"og:locale\" content=\"en_GB\" \/>\n<meta property=\"og:type\" content=\"article\" \/>\n<meta property=\"og:title\" content=\"Vase en porcelaine repr\u00e9sentant un paysage de montagne - Tsukimi Gallery\" \/>\n<meta property=\"og:description\" content=\"Maeda Taisho\u0304 (b. 1937 - ) Vase en porcelaine d&#039;Arita repr\u00e9sentant un paysage de montagnes embrum\u00e9es, r\u00e9alis\u00e9 en \u00e9mail sous gla\u00e7ure rose, violet et bleu.\" \/>\n<meta property=\"og:url\" content=\"https:\/\/tsukimigallery.com\/en\/?product=base-arita-maeda-taisho\" \/>\n<meta property=\"og:site_name\" content=\"Tsukimi Gallery\" \/>\n<meta property=\"og:image\" content=\"https:\/\/tsukimigallery.com\/wp-content\/uploads\/2025\/06\/218a-copie.webp\" \/>\n\t<meta property=\"og:image:width\" content=\"2264\" \/>\n\t<meta property=\"og:image:height\" content=\"1617\" \/>\n\t<meta property=\"og:image:type\" content=\"image\/webp\" \/>\n<meta name=\"twitter:card\" content=\"summary_large_image\" \/>\n<meta name=\"twitter:label1\" content=\"Estimated reading time\" \/>\n\t<meta name=\"twitter:data1\" content=\"1 minute\" \/>\n<script type=\"application\/ld+json\" class=\"yoast-schema-graph\">{\"@context\":\"https:\/\/schema.org\",\"@graph\":[{\"@type\":\"WebPage\",\"@id\":\"https:\/\/tsukimigallery.com\/?product=base-arita-maeda-taisho\",\"url\":\"https:\/\/tsukimigallery.com\/?product=base-arita-maeda-taisho\",\"name\":\"Vase en porcelaine repr\u00e9sentant un paysage de montagne - Tsukimi Gallery\",\"isPartOf\":{\"@id\":\"https:\/\/tsukimigallery.com\/#website\"},\"primaryImageOfPage\":{\"@id\":\"https:\/\/tsukimigallery.com\/?product=base-arita-maeda-taisho#primaryimage\"},\"image\":{\"@id\":\"https:\/\/tsukimigallery.com\/?product=base-arita-maeda-taisho#primaryimage\"},\"thumbnailUrl\":\"https:\/\/tsukimigallery.com\/wp-content\/uploads\/2025\/06\/218a-copie.webp\",\"datePublished\":\"2025-06-14T14:08:31+00:00\",\"description\":\"Maeda Taisho\u0304 (b. 1937 - ) Vase en porcelaine d'Arita repr\u00e9sentant un paysage de montagnes embrum\u00e9es, r\u00e9alis\u00e9 en \u00e9mail sous gla\u00e7ure rose, violet et bleu.\",\"breadcrumb\":{\"@id\":\"https:\/\/tsukimigallery.com\/?product=base-arita-maeda-taisho#breadcrumb\"},\"inLanguage\":\"en-GB\",\"potentialAction\":[{\"@type\":\"ReadAction\",\"target\":[\"https:\/\/tsukimigallery.com\/?product=base-arita-maeda-taisho\"]}]},{\"@type\":\"ImageObject\",\"inLanguage\":\"en-GB\",\"@id\":\"https:\/\/tsukimigallery.com\/?product=base-arita-maeda-taisho#primaryimage\",\"url\":\"https:\/\/tsukimigallery.com\/wp-content\/uploads\/2025\/06\/218a-copie.webp\",\"contentUrl\":\"https:\/\/tsukimigallery.com\/wp-content\/uploads\/2025\/06\/218a-copie.webp\",\"width\":2264,\"height\":1617,\"caption\":\"Arita porcelain vase depicting misty mountains in shades of pink, purple and blue glaze\"},{\"@type\":\"BreadcrumbList\",\"@id\":\"https:\/\/tsukimigallery.com\/?product=base-arita-maeda-taisho#breadcrumb\",\"itemListElement\":[{\"@type\":\"ListItem\",\"position\":1,\"name\":\"Accueil\",\"item\":\"https:\/\/tsukimigallery.com\/\"},{\"@type\":\"ListItem\",\"position\":2,\"name\":\"Boutique\",\"item\":\"https:\/\/tsukimigallery.com\/boutique\/\"},{\"@type\":\"ListItem\",\"position\":3,\"name\":\"Vase en porcelaine repr\u00e9sentant un paysage de montagne\"}]},{\"@type\":\"WebSite\",\"@id\":\"https:\/\/tsukimigallery.com\/#website\",\"url\":\"https:\/\/tsukimigallery.com\/\",\"name\":\"Tsukimi Gallery\",\"description\":\"\",\"publisher\":{\"@id\":\"https:\/\/tsukimigallery.com\/#organization\"},\"potentialAction\":[{\"@type\":\"SearchAction\",\"target\":{\"@type\":\"EntryPoint\",\"urlTemplate\":\"https:\/\/tsukimigallery.com\/?s={search_term_string}\"},\"query-input\":{\"@type\":\"PropertyValueSpecification\",\"valueRequired\":true,\"valueName\":\"search_term_string\"}}],\"inLanguage\":\"en-GB\"},{\"@type\":\"Organization\",\"@id\":\"https:\/\/tsukimigallery.com\/#organization\",\"name\":\"Tsukimi Gallery\",\"url\":\"https:\/\/tsukimigallery.com\/\",\"logo\":{\"@type\":\"ImageObject\",\"inLanguage\":\"en-GB\",\"@id\":\"https:\/\/tsukimigallery.com\/#\/schema\/logo\/image\/\",\"url\":\"https:\/\/tsukimigallery.com\/wp-content\/uploads\/2025\/04\/Logo-color.png\",\"contentUrl\":\"https:\/\/tsukimigallery.com\/wp-content\/uploads\/2025\/04\/Logo-color.png\",\"width\":363,\"height\":100,\"caption\":\"Tsukimi Gallery\"},\"image\":{\"@id\":\"https:\/\/tsukimigallery.com\/#\/schema\/logo\/image\/\"}}]}<\/script>\n<!-- \/ Yoast SEO plugin. -->","yoast_head_json":{"title":"Vase en porcelaine repr\u00e9sentant un paysage de montagne - Tsukimi Gallery","description":"Maeda Taisho\u0304 (b. 1937 - ) Vase en porcelaine d'Arita repr\u00e9sentant un paysage de montagnes embrum\u00e9es, r\u00e9alis\u00e9 en \u00e9mail sous gla\u00e7ure rose, violet et bleu.","robots":{"index":"index","follow":"follow","max-snippet":"max-snippet:-1","max-image-preview":"max-image-preview:large","max-video-preview":"max-video-preview:-1"},"canonical":"https:\/\/tsukimigallery.com\/en\/?product=base-arita-maeda-taisho","og_locale":"en_GB","og_type":"article","og_title":"Vase en porcelaine repr\u00e9sentant un paysage de montagne - Tsukimi Gallery","og_description":"Maeda Taisho\u0304 (b. 1937 - ) Vase en porcelaine d'Arita repr\u00e9sentant un paysage de montagnes embrum\u00e9es, r\u00e9alis\u00e9 en \u00e9mail sous gla\u00e7ure rose, violet et bleu.","og_url":"https:\/\/tsukimigallery.com\/en\/?product=base-arita-maeda-taisho","og_site_name":"Tsukimi Gallery","og_image":[{"width":2264,"height":1617,"url":"https:\/\/tsukimigallery.com\/wp-content\/uploads\/2025\/06\/218a-copie.webp","type":"image\/webp"}],"twitter_card":"summary_large_image","twitter_misc":{"Estimated reading time":"1 minute"},"schema":{"@context":"https:\/\/schema.org","@graph":[{"@type":"WebPage","@id":"https:\/\/tsukimigallery.com\/?product=base-arita-maeda-taisho","url":"https:\/\/tsukimigallery.com\/?product=base-arita-maeda-taisho","name":"Vase en porcelaine repr\u00e9sentant un paysage de montagne - Tsukimi Gallery","isPartOf":{"@id":"https:\/\/tsukimigallery.com\/#website"},"primaryImageOfPage":{"@id":"https:\/\/tsukimigallery.com\/?product=base-arita-maeda-taisho#primaryimage"},"image":{"@id":"https:\/\/tsukimigallery.com\/?product=base-arita-maeda-taisho#primaryimage"},"thumbnailUrl":"https:\/\/tsukimigallery.com\/wp-content\/uploads\/2025\/06\/218a-copie.webp","datePublished":"2025-06-14T14:08:31+00:00","description":"Maeda Taisho\u0304 (b. 1937 - ) Vase en porcelaine d'Arita repr\u00e9sentant un paysage de montagnes embrum\u00e9es, r\u00e9alis\u00e9 en \u00e9mail sous gla\u00e7ure rose, violet et bleu.","breadcrumb":{"@id":"https:\/\/tsukimigallery.com\/?product=base-arita-maeda-taisho#breadcrumb"},"inLanguage":"en-GB","potentialAction":[{"@type":"ReadAction","target":["https:\/\/tsukimigallery.com\/?product=base-arita-maeda-taisho"]}]},{"@type":"ImageObject","inLanguage":"en-GB","@id":"https:\/\/tsukimigallery.com\/?product=base-arita-maeda-taisho#primaryimage","url":"https:\/\/tsukimigallery.com\/wp-content\/uploads\/2025\/06\/218a-copie.webp","contentUrl":"https:\/\/tsukimigallery.com\/wp-content\/uploads\/2025\/06\/218a-copie.webp","width":2264,"height":1617,"caption":"Arita porcelain vase depicting misty mountains in shades of pink, purple and blue glaze"},{"@type":"BreadcrumbList","@id":"https:\/\/tsukimigallery.com\/?product=base-arita-maeda-taisho#breadcrumb","itemListElement":[{"@type":"ListItem","position":1,"name":"Accueil","item":"https:\/\/tsukimigallery.com\/"},{"@type":"ListItem","position":2,"name":"Boutique","item":"https:\/\/tsukimigallery.com\/boutique\/"},{"@type":"ListItem","position":3,"name":"Vase en porcelaine repr\u00e9sentant un paysage de montagne"}]},{"@type":"WebSite","@id":"https:\/\/tsukimigallery.com\/#website","url":"https:\/\/tsukimigallery.com\/","name":"Tsukimi Gallery","description":"","publisher":{"@id":"https:\/\/tsukimigallery.com\/#organization"},"potentialAction":[{"@type":"SearchAction","target":{"@type":"EntryPoint","urlTemplate":"https:\/\/tsukimigallery.com\/?s={search_term_string}"},"query-input":{"@type":"PropertyValueSpecification","valueRequired":true,"valueName":"search_term_string"}}],"inLanguage":"en-GB"},{"@type":"Organization","@id":"https:\/\/tsukimigallery.com\/#organization","name":"Tsukimi Gallery","url":"https:\/\/tsukimigallery.com\/","logo":{"@type":"ImageObject","inLanguage":"en-GB","@id":"https:\/\/tsukimigallery.com\/#\/schema\/logo\/image\/","url":"https:\/\/tsukimigallery.com\/wp-content\/uploads\/2025\/04\/Logo-color.png","contentUrl":"https:\/\/tsukimigallery.com\/wp-content\/uploads\/2025\/04\/Logo-color.png","width":363,"height":100,"caption":"Tsukimi Gallery"},"image":{"@id":"https:\/\/tsukimigallery.com\/#\/schema\/logo\/image\/"}}]}},"_links":{"self":[{"href":"https:\/\/tsukimigallery.com\/en\/wp-json\/wp\/v2\/product\/579","targetHints":{"allow":["GET"]}}],"collection":[{"href":"https:\/\/tsukimigallery.com\/en\/wp-json\/wp\/v2\/product"}],"about":[{"href":"https:\/\/tsukimigallery.com\/en\/wp-json\/wp\/v2\/types\/product"}],"replies":[{"embeddable":true,"href":"https:\/\/tsukimigallery.com\/en\/wp-json\/wp\/v2\/comments?post=579"}],"wp:featuredmedia":[{"embeddable":true,"href":"https:\/\/tsukimigallery.com\/en\/wp-json\/wp\/v2\/media\/580"}],"wp:attachment":[{"href":"https:\/\/tsukimigallery.com\/en\/wp-json\/wp\/v2\/media?parent=579"}],"wp:term":[{"taxonomy":"product_brand","embeddable":true,"href":"https:\/\/tsukimigallery.com\/en\/wp-json\/wp\/v2\/product_brand?post=579"},{"taxonomy":"product_cat","embeddable":true,"href":"https:\/\/tsukimigallery.com\/en\/wp-json\/wp\/v2\/product_cat?post=579"},{"taxonomy":"product_tag","embeddable":true,"href":"https:\/\/tsukimigallery.com\/en\/wp-json\/wp\/v2\/product_tag?post=579"}],"curies":[{"name":"wp","href":"https:\/\/api.w.org\/{rel}","templated":true}]}}