{"id":583,"date":"2025-06-14T15:39:11","date_gmt":"2025-06-14T14:39:11","guid":{"rendered":"https:\/\/seo.geoffroycrabieres.com\/?post_type=product&amp;p=583"},"modified":"2025-06-14T15:39:11","modified_gmt":"2025-06-14T14:39:11","slug":"vase-porcelaine-celadon-kameda-shigeki","status":"publish","type":"product","link":"https:\/\/tsukimigallery.com\/en\/product\/vase-porcelaine-celadon-kameda-shigeki\/","title":{"rendered":"Celadon porcelain vase with geometric design"},"content":{"rendered":"<p><strong>About Kameda Shigeki (b. 1951 \u2013 )<\/strong><\/p>\n\n\n\n<p>Kameda Shigeki, born in 1951, began his career in 1974 at the Ry\u016bk\u014d workshop in Tobe. Since 1987, he has been a regular member of the Japan Traditional Crafts Association (Kogei Association) and has been selected to exhibit his work in numerous national exhibitions. In 1997, he was officially recognized as a holder of traditional craftsmanship in the moulding category and has since become one of the leading ceramic artists in Ehime Prefecture.<\/p>\n\n\n\n<div id=\"read-more\">Read more<\/div>","protected":false},"excerpt":{"rendered":"<p>A large globular porcelain vase with a light celadon glaze over an elegant moulded geometric design. With original inscribed wood storage box.<\/p>\n<p>Signed on the base<\/p>\n<p>Japan, Late Showa - early Heisei period, circa 1990<\/p>\n<p>H. 29 cm, Diam. 34 cm<\/p>","protected":false},"featured_media":584,"comment_status":"closed","ping_status":"closed","template":"","meta":{"_editorskit_title_hidden":false,"_editorskit_reading_time":0,"_editorskit_is_block_options_detached":false,"_editorskit_block_options_position":"{}","_eb_attr":""},"product_brand":[],"product_cat":[130],"product_tag":[170],"class_list":{"0":"post-583","1":"product","2":"type-product","3":"status-publish","4":"has-post-thumbnail","6":"product_cat-ceramique","7":"product_tag-kameda-shigeki","9":"first","10":"instock","11":"shipping-taxable","12":"purchasable","13":"product-type-simple"},"yoast_head":"<!-- This site is optimized with the Yoast SEO plugin v25.9 - https:\/\/yoast.com\/wordpress\/plugins\/seo\/ -->\n<title>Vase en porcelaine c\u00e9ladon \u00e0 d\u00e9cor g\u00e9om\u00e9trique - Tsukimi Gallery<\/title>\n<meta name=\"description\" content=\"Kameda Shigeki (b. 1951-) Vase globulaire en porcelaine c\u00e9ladon \u00e0 d\u00e9cor moul\u00e9 g\u00e9om\u00e9trique en forme d&#039;\u00e9toile, vers 1990, H. 29 cm\" \/>\n<meta name=\"robots\" content=\"index, follow, max-snippet:-1, max-image-preview:large, max-video-preview:-1\" \/>\n<link rel=\"canonical\" href=\"https:\/\/tsukimigallery.com\/en\/?product=vase-porcelaine-celadon-kameda-shigeki\" \/>\n<meta property=\"og:locale\" content=\"en_GB\" \/>\n<meta property=\"og:type\" content=\"article\" \/>\n<meta property=\"og:title\" content=\"Vase en porcelaine c\u00e9ladon \u00e0 d\u00e9cor g\u00e9om\u00e9trique - Tsukimi Gallery\" \/>\n<meta property=\"og:description\" content=\"Kameda Shigeki (b. 1951-) Vase globulaire en porcelaine c\u00e9ladon \u00e0 d\u00e9cor moul\u00e9 g\u00e9om\u00e9trique en forme d&#039;\u00e9toile, vers 1990, H. 29 cm\" \/>\n<meta property=\"og:url\" content=\"https:\/\/tsukimigallery.com\/en\/?product=vase-porcelaine-celadon-kameda-shigeki\" \/>\n<meta property=\"og:site_name\" content=\"Tsukimi Gallery\" \/>\n<meta property=\"og:image\" content=\"https:\/\/tsukimigallery.com\/wp-content\/uploads\/2025\/06\/111a-copie-scaled-1.webp\" \/>\n\t<meta property=\"og:image:width\" content=\"2560\" \/>\n\t<meta property=\"og:image:height\" content=\"1829\" \/>\n\t<meta property=\"og:image:type\" content=\"image\/webp\" \/>\n<meta name=\"twitter:card\" content=\"summary_large_image\" \/>\n<meta name=\"twitter:label1\" content=\"Estimated reading time\" \/>\n\t<meta name=\"twitter:data1\" content=\"1 minute\" \/>\n<script type=\"application\/ld+json\" class=\"yoast-schema-graph\">{\"@context\":\"https:\/\/schema.org\",\"@graph\":[{\"@type\":\"WebPage\",\"@id\":\"https:\/\/tsukimigallery.com\/?product=vase-porcelaine-celadon-kameda-shigeki\",\"url\":\"https:\/\/tsukimigallery.com\/?product=vase-porcelaine-celadon-kameda-shigeki\",\"name\":\"Vase en porcelaine c\u00e9ladon \u00e0 d\u00e9cor g\u00e9om\u00e9trique - Tsukimi Gallery\",\"isPartOf\":{\"@id\":\"https:\/\/tsukimigallery.com\/#website\"},\"primaryImageOfPage\":{\"@id\":\"https:\/\/tsukimigallery.com\/?product=vase-porcelaine-celadon-kameda-shigeki#primaryimage\"},\"image\":{\"@id\":\"https:\/\/tsukimigallery.com\/?product=vase-porcelaine-celadon-kameda-shigeki#primaryimage\"},\"thumbnailUrl\":\"https:\/\/tsukimigallery.com\/wp-content\/uploads\/2025\/06\/111a-copie-scaled-1.webp\",\"datePublished\":\"2025-06-14T14:39:11+00:00\",\"description\":\"Kameda Shigeki (b. 1951-) Vase globulaire en porcelaine c\u00e9ladon \u00e0 d\u00e9cor moul\u00e9 g\u00e9om\u00e9trique en forme d'\u00e9toile, vers 1990, H. 29 cm\",\"breadcrumb\":{\"@id\":\"https:\/\/tsukimigallery.com\/?product=vase-porcelaine-celadon-kameda-shigeki#breadcrumb\"},\"inLanguage\":\"en-GB\",\"potentialAction\":[{\"@type\":\"ReadAction\",\"target\":[\"https:\/\/tsukimigallery.com\/?product=vase-porcelaine-celadon-kameda-shigeki\"]}]},{\"@type\":\"ImageObject\",\"inLanguage\":\"en-GB\",\"@id\":\"https:\/\/tsukimigallery.com\/?product=vase-porcelaine-celadon-kameda-shigeki#primaryimage\",\"url\":\"https:\/\/tsukimigallery.com\/wp-content\/uploads\/2025\/06\/111a-copie-scaled-1.webp\",\"contentUrl\":\"https:\/\/tsukimigallery.com\/wp-content\/uploads\/2025\/06\/111a-copie-scaled-1.webp\",\"width\":2560,\"height\":1829,\"caption\":\"Large celadon porcelain vase by Kameda Shigeki\"},{\"@type\":\"BreadcrumbList\",\"@id\":\"https:\/\/tsukimigallery.com\/?product=vase-porcelaine-celadon-kameda-shigeki#breadcrumb\",\"itemListElement\":[{\"@type\":\"ListItem\",\"position\":1,\"name\":\"Accueil\",\"item\":\"https:\/\/tsukimigallery.com\/\"},{\"@type\":\"ListItem\",\"position\":2,\"name\":\"Boutique\",\"item\":\"https:\/\/tsukimigallery.com\/boutique\/\"},{\"@type\":\"ListItem\",\"position\":3,\"name\":\"Vase en porcelaine c\u00e9ladon \u00e0 d\u00e9cor g\u00e9om\u00e9trique\"}]},{\"@type\":\"WebSite\",\"@id\":\"https:\/\/tsukimigallery.com\/#website\",\"url\":\"https:\/\/tsukimigallery.com\/\",\"name\":\"Tsukimi Gallery\",\"description\":\"\",\"publisher\":{\"@id\":\"https:\/\/tsukimigallery.com\/#organization\"},\"potentialAction\":[{\"@type\":\"SearchAction\",\"target\":{\"@type\":\"EntryPoint\",\"urlTemplate\":\"https:\/\/tsukimigallery.com\/?s={search_term_string}\"},\"query-input\":{\"@type\":\"PropertyValueSpecification\",\"valueRequired\":true,\"valueName\":\"search_term_string\"}}],\"inLanguage\":\"en-GB\"},{\"@type\":\"Organization\",\"@id\":\"https:\/\/tsukimigallery.com\/#organization\",\"name\":\"Tsukimi Gallery\",\"url\":\"https:\/\/tsukimigallery.com\/\",\"logo\":{\"@type\":\"ImageObject\",\"inLanguage\":\"en-GB\",\"@id\":\"https:\/\/tsukimigallery.com\/#\/schema\/logo\/image\/\",\"url\":\"https:\/\/tsukimigallery.com\/wp-content\/uploads\/2025\/04\/Logo-color.png\",\"contentUrl\":\"https:\/\/tsukimigallery.com\/wp-content\/uploads\/2025\/04\/Logo-color.png\",\"width\":363,\"height\":100,\"caption\":\"Tsukimi Gallery\"},\"image\":{\"@id\":\"https:\/\/tsukimigallery.com\/#\/schema\/logo\/image\/\"}}]}<\/script>\n<!-- \/ Yoast SEO plugin. -->","yoast_head_json":{"title":"Vase en porcelaine c\u00e9ladon \u00e0 d\u00e9cor g\u00e9om\u00e9trique - Tsukimi Gallery","description":"Kameda Shigeki (b. 1951-) Vase globulaire en porcelaine c\u00e9ladon \u00e0 d\u00e9cor moul\u00e9 g\u00e9om\u00e9trique en forme d'\u00e9toile, vers 1990, H. 29 cm","robots":{"index":"index","follow":"follow","max-snippet":"max-snippet:-1","max-image-preview":"max-image-preview:large","max-video-preview":"max-video-preview:-1"},"canonical":"https:\/\/tsukimigallery.com\/en\/?product=vase-porcelaine-celadon-kameda-shigeki","og_locale":"en_GB","og_type":"article","og_title":"Vase en porcelaine c\u00e9ladon \u00e0 d\u00e9cor g\u00e9om\u00e9trique - Tsukimi Gallery","og_description":"Kameda Shigeki (b. 1951-) Vase globulaire en porcelaine c\u00e9ladon \u00e0 d\u00e9cor moul\u00e9 g\u00e9om\u00e9trique en forme d'\u00e9toile, vers 1990, H. 29 cm","og_url":"https:\/\/tsukimigallery.com\/en\/?product=vase-porcelaine-celadon-kameda-shigeki","og_site_name":"Tsukimi Gallery","og_image":[{"width":2560,"height":1829,"url":"https:\/\/tsukimigallery.com\/wp-content\/uploads\/2025\/06\/111a-copie-scaled-1.webp","type":"image\/webp"}],"twitter_card":"summary_large_image","twitter_misc":{"Estimated reading time":"1 minute"},"schema":{"@context":"https:\/\/schema.org","@graph":[{"@type":"WebPage","@id":"https:\/\/tsukimigallery.com\/?product=vase-porcelaine-celadon-kameda-shigeki","url":"https:\/\/tsukimigallery.com\/?product=vase-porcelaine-celadon-kameda-shigeki","name":"Vase en porcelaine c\u00e9ladon \u00e0 d\u00e9cor g\u00e9om\u00e9trique - Tsukimi Gallery","isPartOf":{"@id":"https:\/\/tsukimigallery.com\/#website"},"primaryImageOfPage":{"@id":"https:\/\/tsukimigallery.com\/?product=vase-porcelaine-celadon-kameda-shigeki#primaryimage"},"image":{"@id":"https:\/\/tsukimigallery.com\/?product=vase-porcelaine-celadon-kameda-shigeki#primaryimage"},"thumbnailUrl":"https:\/\/tsukimigallery.com\/wp-content\/uploads\/2025\/06\/111a-copie-scaled-1.webp","datePublished":"2025-06-14T14:39:11+00:00","description":"Kameda Shigeki (b. 1951-) Vase globulaire en porcelaine c\u00e9ladon \u00e0 d\u00e9cor moul\u00e9 g\u00e9om\u00e9trique en forme d'\u00e9toile, vers 1990, H. 29 cm","breadcrumb":{"@id":"https:\/\/tsukimigallery.com\/?product=vase-porcelaine-celadon-kameda-shigeki#breadcrumb"},"inLanguage":"en-GB","potentialAction":[{"@type":"ReadAction","target":["https:\/\/tsukimigallery.com\/?product=vase-porcelaine-celadon-kameda-shigeki"]}]},{"@type":"ImageObject","inLanguage":"en-GB","@id":"https:\/\/tsukimigallery.com\/?product=vase-porcelaine-celadon-kameda-shigeki#primaryimage","url":"https:\/\/tsukimigallery.com\/wp-content\/uploads\/2025\/06\/111a-copie-scaled-1.webp","contentUrl":"https:\/\/tsukimigallery.com\/wp-content\/uploads\/2025\/06\/111a-copie-scaled-1.webp","width":2560,"height":1829,"caption":"Large celadon porcelain vase by Kameda Shigeki"},{"@type":"BreadcrumbList","@id":"https:\/\/tsukimigallery.com\/?product=vase-porcelaine-celadon-kameda-shigeki#breadcrumb","itemListElement":[{"@type":"ListItem","position":1,"name":"Accueil","item":"https:\/\/tsukimigallery.com\/"},{"@type":"ListItem","position":2,"name":"Boutique","item":"https:\/\/tsukimigallery.com\/boutique\/"},{"@type":"ListItem","position":3,"name":"Vase en porcelaine c\u00e9ladon \u00e0 d\u00e9cor g\u00e9om\u00e9trique"}]},{"@type":"WebSite","@id":"https:\/\/tsukimigallery.com\/#website","url":"https:\/\/tsukimigallery.com\/","name":"Tsukimi Gallery","description":"","publisher":{"@id":"https:\/\/tsukimigallery.com\/#organization"},"potentialAction":[{"@type":"SearchAction","target":{"@type":"EntryPoint","urlTemplate":"https:\/\/tsukimigallery.com\/?s={search_term_string}"},"query-input":{"@type":"PropertyValueSpecification","valueRequired":true,"valueName":"search_term_string"}}],"inLanguage":"en-GB"},{"@type":"Organization","@id":"https:\/\/tsukimigallery.com\/#organization","name":"Tsukimi Gallery","url":"https:\/\/tsukimigallery.com\/","logo":{"@type":"ImageObject","inLanguage":"en-GB","@id":"https:\/\/tsukimigallery.com\/#\/schema\/logo\/image\/","url":"https:\/\/tsukimigallery.com\/wp-content\/uploads\/2025\/04\/Logo-color.png","contentUrl":"https:\/\/tsukimigallery.com\/wp-content\/uploads\/2025\/04\/Logo-color.png","width":363,"height":100,"caption":"Tsukimi Gallery"},"image":{"@id":"https:\/\/tsukimigallery.com\/#\/schema\/logo\/image\/"}}]}},"_links":{"self":[{"href":"https:\/\/tsukimigallery.com\/en\/wp-json\/wp\/v2\/product\/583","targetHints":{"allow":["GET"]}}],"collection":[{"href":"https:\/\/tsukimigallery.com\/en\/wp-json\/wp\/v2\/product"}],"about":[{"href":"https:\/\/tsukimigallery.com\/en\/wp-json\/wp\/v2\/types\/product"}],"replies":[{"embeddable":true,"href":"https:\/\/tsukimigallery.com\/en\/wp-json\/wp\/v2\/comments?post=583"}],"wp:featuredmedia":[{"embeddable":true,"href":"https:\/\/tsukimigallery.com\/en\/wp-json\/wp\/v2\/media\/584"}],"wp:attachment":[{"href":"https:\/\/tsukimigallery.com\/en\/wp-json\/wp\/v2\/media?parent=583"}],"wp:term":[{"taxonomy":"product_brand","embeddable":true,"href":"https:\/\/tsukimigallery.com\/en\/wp-json\/wp\/v2\/product_brand?post=583"},{"taxonomy":"product_cat","embeddable":true,"href":"https:\/\/tsukimigallery.com\/en\/wp-json\/wp\/v2\/product_cat?post=583"},{"taxonomy":"product_tag","embeddable":true,"href":"https:\/\/tsukimigallery.com\/en\/wp-json\/wp\/v2\/product_tag?post=583"}],"curies":[{"name":"wp","href":"https:\/\/api.w.org\/{rel}","templated":true}]}}