{"id":596,"date":"2025-06-14T17:39:00","date_gmt":"2025-06-14T16:39:00","guid":{"rendered":"https:\/\/seo.geoffroycrabieres.com\/?post_type=product&#038;p=596"},"modified":"2025-09-25T19:31:49","modified_gmt":"2025-09-25T19:31:49","slug":"brule-encens-celadon-ito-kei","status":"publish","type":"product","link":"https:\/\/tsukimigallery.com\/en\/product\/brule-encens-celadon-ito-kei\/","title":{"rendered":"Celadon porcelain incense burner with orchids"},"content":{"rendered":"<p><strong>About<\/strong>&lsquo;<strong>Ito Kei (b. 1924)<\/strong><\/p>\n\n\n\n<p>Born in 1924, Ito Kei is the eldest son of the Nitten councillor Ito Suiko. After graduating from Kyoto Municipal Arts and Crafts School in 1944, he went on graduate from the Kyoto Municipal Painting College. In 1943 his pieces were selected for the first time at the Bunten exhibition and then several times at the Nitten exhibition. He was awarded the prize of the Contemporary Japan Crafts Exhibition in 1965, and the Minister of Education Award in 1989. Celebrated for his white porcelain and celadon pieces, his work became highly valued in Japan and abroad.<\/p>\n\n\n\n<div id=\"read-more\">Read more<\/div>","protected":false},"excerpt":{"rendered":"<p>A celadon porcelain incense burner of rounded shape, supported on three pointed feet, with a small lid surmounted by a straight, openwork finial. The sides moulded with orchids. With original inscribed wood storage box.<\/p>\n<p>Signed Kei on the base<\/p>\n<p>Japan, Showa era, seconf half of the 20th century<\/p>\n<p>H. 13.5 cm, Diam. 10.2 cm<\/p>\n<p>Sold<\/p>","protected":false},"featured_media":597,"comment_status":"closed","ping_status":"closed","template":"","meta":{"_editorskit_title_hidden":false,"_editorskit_reading_time":0,"_editorskit_is_block_options_detached":false,"_editorskit_block_options_position":"{}","_eb_attr":""},"product_brand":[],"product_cat":[130],"product_tag":[169],"class_list":{"0":"post-596","1":"product","2":"type-product","3":"status-publish","4":"has-post-thumbnail","6":"product_cat-ceramique","7":"product_tag-ito-kei","9":"first","10":"outofstock","11":"shipping-taxable","12":"product-type-simple"},"yoast_head":"<!-- This site is optimized with the Yoast SEO plugin v25.9 - https:\/\/yoast.com\/wordpress\/plugins\/seo\/ -->\n<title>Br\u00fble-encens en porcelaine c\u00e9ladon \u00e0 d\u00e9cor d&#039;orchid\u00e9es. - Tsukimi Gallery<\/title>\n<meta name=\"description\" content=\"Ito Kei (b. 1924), Bru\u0302le-encens en porcelaine c\u00e9ladon reposant sur trois petits pieds, portant un d\u00e9licat d\u00e9cor moul\u00e9 repr\u00e9sentant des orchid\u00e9es\" \/>\n<meta name=\"robots\" content=\"index, follow, max-snippet:-1, max-image-preview:large, max-video-preview:-1\" \/>\n<link rel=\"canonical\" href=\"https:\/\/tsukimigallery.com\/en\/product\/brule-encens-celadon-ito-kei\/\" \/>\n<meta property=\"og:locale\" content=\"en_GB\" \/>\n<meta property=\"og:type\" content=\"article\" \/>\n<meta property=\"og:title\" content=\"Br\u00fble-encens en porcelaine c\u00e9ladon \u00e0 d\u00e9cor d&#039;orchid\u00e9es. - Tsukimi Gallery\" \/>\n<meta property=\"og:description\" content=\"Ito Kei (b. 1924), Bru\u0302le-encens en porcelaine c\u00e9ladon reposant sur trois petits pieds, portant un d\u00e9licat d\u00e9cor moul\u00e9 repr\u00e9sentant des orchid\u00e9es\" \/>\n<meta property=\"og:url\" content=\"https:\/\/tsukimigallery.com\/en\/product\/brule-encens-celadon-ito-kei\/\" \/>\n<meta property=\"og:site_name\" content=\"Tsukimi Gallery\" \/>\n<meta property=\"article:modified_time\" content=\"2025-09-25T19:31:49+00:00\" \/>\n<meta property=\"og:image\" content=\"https:\/\/tsukimigallery.com\/wp-content\/uploads\/2025\/06\/154a-1024x819.webp\" \/>\n\t<meta property=\"og:image:width\" content=\"1024\" \/>\n\t<meta property=\"og:image:height\" content=\"819\" \/>\n\t<meta property=\"og:image:type\" content=\"image\/webp\" \/>\n<meta name=\"twitter:card\" content=\"summary_large_image\" \/>\n<meta name=\"twitter:label1\" content=\"Estimated reading time\" \/>\n\t<meta name=\"twitter:data1\" content=\"1 minute\" \/>\n<script type=\"application\/ld+json\" class=\"yoast-schema-graph\">{\"@context\":\"https:\/\/schema.org\",\"@graph\":[{\"@type\":\"WebPage\",\"@id\":\"https:\/\/tsukimigallery.com\/produit\/brule-encens-celadon-ito-kei\/\",\"url\":\"https:\/\/tsukimigallery.com\/produit\/brule-encens-celadon-ito-kei\/\",\"name\":\"Br\u00fble-encens en porcelaine c\u00e9ladon \u00e0 d\u00e9cor d'orchid\u00e9es. - Tsukimi Gallery\",\"isPartOf\":{\"@id\":\"https:\/\/tsukimigallery.com\/#website\"},\"primaryImageOfPage\":{\"@id\":\"https:\/\/tsukimigallery.com\/produit\/brule-encens-celadon-ito-kei\/#primaryimage\"},\"image\":{\"@id\":\"https:\/\/tsukimigallery.com\/produit\/brule-encens-celadon-ito-kei\/#primaryimage\"},\"thumbnailUrl\":\"https:\/\/tsukimigallery.com\/wp-content\/uploads\/2025\/06\/154a.webp\",\"datePublished\":\"2025-06-14T16:39:00+00:00\",\"dateModified\":\"2025-09-25T19:31:49+00:00\",\"description\":\"Ito Kei (b. 1924), Bru\u0302le-encens en porcelaine c\u00e9ladon reposant sur trois petits pieds, portant un d\u00e9licat d\u00e9cor moul\u00e9 repr\u00e9sentant des orchid\u00e9es\",\"breadcrumb\":{\"@id\":\"https:\/\/tsukimigallery.com\/produit\/brule-encens-celadon-ito-kei\/#breadcrumb\"},\"inLanguage\":\"en-GB\",\"potentialAction\":[{\"@type\":\"ReadAction\",\"target\":[\"https:\/\/tsukimigallery.com\/produit\/brule-encens-celadon-ito-kei\/\"]}]},{\"@type\":\"ImageObject\",\"inLanguage\":\"en-GB\",\"@id\":\"https:\/\/tsukimigallery.com\/produit\/brule-encens-celadon-ito-kei\/#primaryimage\",\"url\":\"https:\/\/tsukimigallery.com\/wp-content\/uploads\/2025\/06\/154a.webp\",\"contentUrl\":\"https:\/\/tsukimigallery.com\/wp-content\/uploads\/2025\/06\/154a.webp\",\"width\":2298,\"height\":1839,\"caption\":\"Celadon porcelain incense burner with orchids by Ito Kei\"},{\"@type\":\"BreadcrumbList\",\"@id\":\"https:\/\/tsukimigallery.com\/produit\/brule-encens-celadon-ito-kei\/#breadcrumb\",\"itemListElement\":[{\"@type\":\"ListItem\",\"position\":1,\"name\":\"Accueil\",\"item\":\"https:\/\/tsukimigallery.com\/\"},{\"@type\":\"ListItem\",\"position\":2,\"name\":\"Boutique\",\"item\":\"https:\/\/tsukimigallery.com\/boutique\/\"},{\"@type\":\"ListItem\",\"position\":3,\"name\":\"Br\u00fble-encens en porcelaine c\u00e9ladon \u00e0 d\u00e9cor d&rsquo;orchid\u00e9es.\"}]},{\"@type\":\"WebSite\",\"@id\":\"https:\/\/tsukimigallery.com\/#website\",\"url\":\"https:\/\/tsukimigallery.com\/\",\"name\":\"Tsukimi Gallery\",\"description\":\"\",\"publisher\":{\"@id\":\"https:\/\/tsukimigallery.com\/#organization\"},\"potentialAction\":[{\"@type\":\"SearchAction\",\"target\":{\"@type\":\"EntryPoint\",\"urlTemplate\":\"https:\/\/tsukimigallery.com\/?s={search_term_string}\"},\"query-input\":{\"@type\":\"PropertyValueSpecification\",\"valueRequired\":true,\"valueName\":\"search_term_string\"}}],\"inLanguage\":\"en-GB\"},{\"@type\":\"Organization\",\"@id\":\"https:\/\/tsukimigallery.com\/#organization\",\"name\":\"Tsukimi Gallery\",\"url\":\"https:\/\/tsukimigallery.com\/\",\"logo\":{\"@type\":\"ImageObject\",\"inLanguage\":\"en-GB\",\"@id\":\"https:\/\/tsukimigallery.com\/#\/schema\/logo\/image\/\",\"url\":\"https:\/\/tsukimigallery.com\/wp-content\/uploads\/2025\/04\/Logo-color.png\",\"contentUrl\":\"https:\/\/tsukimigallery.com\/wp-content\/uploads\/2025\/04\/Logo-color.png\",\"width\":363,\"height\":100,\"caption\":\"Tsukimi Gallery\"},\"image\":{\"@id\":\"https:\/\/tsukimigallery.com\/#\/schema\/logo\/image\/\"}}]}<\/script>\n<!-- \/ Yoast SEO plugin. -->","yoast_head_json":{"title":"Br\u00fble-encens en porcelaine c\u00e9ladon \u00e0 d\u00e9cor d'orchid\u00e9es. - Tsukimi Gallery","description":"Ito Kei (b. 1924), Bru\u0302le-encens en porcelaine c\u00e9ladon reposant sur trois petits pieds, portant un d\u00e9licat d\u00e9cor moul\u00e9 repr\u00e9sentant des orchid\u00e9es","robots":{"index":"index","follow":"follow","max-snippet":"max-snippet:-1","max-image-preview":"max-image-preview:large","max-video-preview":"max-video-preview:-1"},"canonical":"https:\/\/tsukimigallery.com\/en\/product\/brule-encens-celadon-ito-kei\/","og_locale":"en_GB","og_type":"article","og_title":"Br\u00fble-encens en porcelaine c\u00e9ladon \u00e0 d\u00e9cor d'orchid\u00e9es. - Tsukimi Gallery","og_description":"Ito Kei (b. 1924), Bru\u0302le-encens en porcelaine c\u00e9ladon reposant sur trois petits pieds, portant un d\u00e9licat d\u00e9cor moul\u00e9 repr\u00e9sentant des orchid\u00e9es","og_url":"https:\/\/tsukimigallery.com\/en\/product\/brule-encens-celadon-ito-kei\/","og_site_name":"Tsukimi Gallery","article_modified_time":"2025-09-25T19:31:49+00:00","og_image":[{"width":1024,"height":819,"url":"https:\/\/tsukimigallery.com\/wp-content\/uploads\/2025\/06\/154a-1024x819.webp","type":"image\/webp"}],"twitter_card":"summary_large_image","twitter_misc":{"Estimated reading time":"1 minute"},"schema":{"@context":"https:\/\/schema.org","@graph":[{"@type":"WebPage","@id":"https:\/\/tsukimigallery.com\/produit\/brule-encens-celadon-ito-kei\/","url":"https:\/\/tsukimigallery.com\/produit\/brule-encens-celadon-ito-kei\/","name":"Br\u00fble-encens en porcelaine c\u00e9ladon \u00e0 d\u00e9cor d'orchid\u00e9es. - Tsukimi Gallery","isPartOf":{"@id":"https:\/\/tsukimigallery.com\/#website"},"primaryImageOfPage":{"@id":"https:\/\/tsukimigallery.com\/produit\/brule-encens-celadon-ito-kei\/#primaryimage"},"image":{"@id":"https:\/\/tsukimigallery.com\/produit\/brule-encens-celadon-ito-kei\/#primaryimage"},"thumbnailUrl":"https:\/\/tsukimigallery.com\/wp-content\/uploads\/2025\/06\/154a.webp","datePublished":"2025-06-14T16:39:00+00:00","dateModified":"2025-09-25T19:31:49+00:00","description":"Ito Kei (b. 1924), Bru\u0302le-encens en porcelaine c\u00e9ladon reposant sur trois petits pieds, portant un d\u00e9licat d\u00e9cor moul\u00e9 repr\u00e9sentant des orchid\u00e9es","breadcrumb":{"@id":"https:\/\/tsukimigallery.com\/produit\/brule-encens-celadon-ito-kei\/#breadcrumb"},"inLanguage":"en-GB","potentialAction":[{"@type":"ReadAction","target":["https:\/\/tsukimigallery.com\/produit\/brule-encens-celadon-ito-kei\/"]}]},{"@type":"ImageObject","inLanguage":"en-GB","@id":"https:\/\/tsukimigallery.com\/produit\/brule-encens-celadon-ito-kei\/#primaryimage","url":"https:\/\/tsukimigallery.com\/wp-content\/uploads\/2025\/06\/154a.webp","contentUrl":"https:\/\/tsukimigallery.com\/wp-content\/uploads\/2025\/06\/154a.webp","width":2298,"height":1839,"caption":"Celadon porcelain incense burner with orchids by Ito Kei"},{"@type":"BreadcrumbList","@id":"https:\/\/tsukimigallery.com\/produit\/brule-encens-celadon-ito-kei\/#breadcrumb","itemListElement":[{"@type":"ListItem","position":1,"name":"Accueil","item":"https:\/\/tsukimigallery.com\/"},{"@type":"ListItem","position":2,"name":"Boutique","item":"https:\/\/tsukimigallery.com\/boutique\/"},{"@type":"ListItem","position":3,"name":"Br\u00fble-encens en porcelaine c\u00e9ladon \u00e0 d\u00e9cor d&rsquo;orchid\u00e9es."}]},{"@type":"WebSite","@id":"https:\/\/tsukimigallery.com\/#website","url":"https:\/\/tsukimigallery.com\/","name":"Tsukimi Gallery","description":"","publisher":{"@id":"https:\/\/tsukimigallery.com\/#organization"},"potentialAction":[{"@type":"SearchAction","target":{"@type":"EntryPoint","urlTemplate":"https:\/\/tsukimigallery.com\/?s={search_term_string}"},"query-input":{"@type":"PropertyValueSpecification","valueRequired":true,"valueName":"search_term_string"}}],"inLanguage":"en-GB"},{"@type":"Organization","@id":"https:\/\/tsukimigallery.com\/#organization","name":"Tsukimi Gallery","url":"https:\/\/tsukimigallery.com\/","logo":{"@type":"ImageObject","inLanguage":"en-GB","@id":"https:\/\/tsukimigallery.com\/#\/schema\/logo\/image\/","url":"https:\/\/tsukimigallery.com\/wp-content\/uploads\/2025\/04\/Logo-color.png","contentUrl":"https:\/\/tsukimigallery.com\/wp-content\/uploads\/2025\/04\/Logo-color.png","width":363,"height":100,"caption":"Tsukimi Gallery"},"image":{"@id":"https:\/\/tsukimigallery.com\/#\/schema\/logo\/image\/"}}]}},"_links":{"self":[{"href":"https:\/\/tsukimigallery.com\/en\/wp-json\/wp\/v2\/product\/596","targetHints":{"allow":["GET"]}}],"collection":[{"href":"https:\/\/tsukimigallery.com\/en\/wp-json\/wp\/v2\/product"}],"about":[{"href":"https:\/\/tsukimigallery.com\/en\/wp-json\/wp\/v2\/types\/product"}],"replies":[{"embeddable":true,"href":"https:\/\/tsukimigallery.com\/en\/wp-json\/wp\/v2\/comments?post=596"}],"wp:featuredmedia":[{"embeddable":true,"href":"https:\/\/tsukimigallery.com\/en\/wp-json\/wp\/v2\/media\/597"}],"wp:attachment":[{"href":"https:\/\/tsukimigallery.com\/en\/wp-json\/wp\/v2\/media?parent=596"}],"wp:term":[{"taxonomy":"product_brand","embeddable":true,"href":"https:\/\/tsukimigallery.com\/en\/wp-json\/wp\/v2\/product_brand?post=596"},{"taxonomy":"product_cat","embeddable":true,"href":"https:\/\/tsukimigallery.com\/en\/wp-json\/wp\/v2\/product_cat?post=596"},{"taxonomy":"product_tag","embeddable":true,"href":"https:\/\/tsukimigallery.com\/en\/wp-json\/wp\/v2\/product_tag?post=596"}],"curies":[{"name":"wp","href":"https:\/\/api.w.org\/{rel}","templated":true}]}}