{"id":609,"date":"2025-06-24T20:30:07","date_gmt":"2025-06-24T19:30:07","guid":{"rendered":"https:\/\/seo.geoffroycrabieres.com\/?post_type=product&amp;p=609"},"modified":"2025-06-24T20:30:07","modified_gmt":"2025-06-24T19:30:07","slug":"vase-porcelain-okugawa-chuemon","status":"publish","type":"product","link":"https:\/\/tsukimigallery.com\/en\/product\/vase-porcelain-okugawa-chuemon\/","title":{"rendered":"Arita porcelain vase decorated with kamifubuki"},"content":{"rendered":"<p><strong>About Okugawa Shuemon (1901-1975)<\/strong><\/p>\n\n\n\n<p>Born in Arita, Okugawa Chuemon I (1901\u20131975) was renowned for his exceptional skill in throwing large-scale white porcelain works entirely by hand. After training under Ide Kinsaku, he taught at the Arita Industrial School for 12 years before founding his own kiln. Throughout his career, he exhibited at national exhibitions such as Nitten and was designated an Intangible Cultural Asset of Saga Prefecture in 1961.<\/p>\n\n\n\n<div id=\"read-more\">Read more<\/div>","protected":false},"excerpt":{"rendered":"<p>Arita white porcelain baluster vase, the lower part possibly latetely decorated with kamifubuki (confetti) in overglaze gilded, red, black, pale yellow and blue enamel.<\/p>\n<p>Signed on the base<\/p>\n<p>Japan, Showa era, mid 20th century<\/p>\n<p>H. 35 cm, Diam. 30 cm<\/p>\n<p>Public collections: National Crafts Museum Kanazawa<\/p>","protected":false},"featured_media":611,"comment_status":"closed","ping_status":"closed","template":"","meta":{"_editorskit_title_hidden":false,"_editorskit_reading_time":0,"_editorskit_is_block_options_detached":false,"_editorskit_block_options_position":"{}","_eb_attr":""},"product_brand":[],"product_cat":[130],"product_tag":[205],"class_list":{"0":"post-609","1":"product","2":"type-product","3":"status-publish","4":"has-post-thumbnail","6":"product_cat-ceramique","7":"product_tag-okugawa-chuemon-i","9":"first","10":"instock","11":"shipping-taxable","12":"purchasable","13":"product-type-simple"},"yoast_head":"<!-- This site is optimized with the Yoast SEO plugin v25.9 - https:\/\/yoast.com\/wordpress\/plugins\/seo\/ -->\n<title>Vase en porcelaine d&#039;Arita \u00e0 d\u00e9cor de kamifubuki - Tsukimi Gallery<\/title>\n<meta name=\"description\" content=\"Okugawa Shuemon (1901-1975) Vase balustre en porcelaine d\u2019Arita, la partie inf\u00e9rieure portant un d\u00e9cor sur gla\u00e7ure de confettis\" \/>\n<meta name=\"robots\" content=\"index, follow, max-snippet:-1, max-image-preview:large, max-video-preview:-1\" \/>\n<link rel=\"canonical\" href=\"https:\/\/tsukimigallery.com\/en\/?product=vase-porcelain-okugawa-chuemon\" \/>\n<meta property=\"og:locale\" content=\"en_GB\" \/>\n<meta property=\"og:type\" content=\"article\" \/>\n<meta property=\"og:title\" content=\"Vase en porcelaine d&#039;Arita \u00e0 d\u00e9cor de kamifubuki - Tsukimi Gallery\" \/>\n<meta property=\"og:description\" content=\"Okugawa Shuemon (1901-1975) Vase balustre en porcelaine d\u2019Arita, la partie inf\u00e9rieure portant un d\u00e9cor sur gla\u00e7ure de confettis\" \/>\n<meta property=\"og:url\" content=\"https:\/\/tsukimigallery.com\/en\/?product=vase-porcelain-okugawa-chuemon\" \/>\n<meta property=\"og:site_name\" content=\"Tsukimi Gallery\" \/>\n<meta property=\"og:image\" content=\"https:\/\/tsukimigallery.com\/wp-content\/uploads\/2025\/06\/226c-copie.webp\" \/>\n\t<meta property=\"og:image:width\" content=\"2452\" \/>\n\t<meta property=\"og:image:height\" content=\"1752\" \/>\n\t<meta property=\"og:image:type\" content=\"image\/webp\" \/>\n<meta name=\"twitter:card\" content=\"summary_large_image\" \/>\n<meta name=\"twitter:label1\" content=\"Estimated reading time\" \/>\n\t<meta name=\"twitter:data1\" content=\"1 minute\" \/>\n<script type=\"application\/ld+json\" class=\"yoast-schema-graph\">{\"@context\":\"https:\/\/schema.org\",\"@graph\":[{\"@type\":\"WebPage\",\"@id\":\"https:\/\/tsukimigallery.com\/?product=vase-porcelain-okugawa-chuemon\",\"url\":\"https:\/\/tsukimigallery.com\/?product=vase-porcelain-okugawa-chuemon\",\"name\":\"Vase en porcelaine d'Arita \u00e0 d\u00e9cor de kamifubuki - Tsukimi Gallery\",\"isPartOf\":{\"@id\":\"https:\/\/tsukimigallery.com\/#website\"},\"primaryImageOfPage\":{\"@id\":\"https:\/\/tsukimigallery.com\/?product=vase-porcelain-okugawa-chuemon#primaryimage\"},\"image\":{\"@id\":\"https:\/\/tsukimigallery.com\/?product=vase-porcelain-okugawa-chuemon#primaryimage\"},\"thumbnailUrl\":\"https:\/\/tsukimigallery.com\/wp-content\/uploads\/2025\/06\/226c-copie.webp\",\"datePublished\":\"2025-06-24T19:30:07+00:00\",\"description\":\"Okugawa Shuemon (1901-1975) Vase balustre en porcelaine d\u2019Arita, la partie inf\u00e9rieure portant un d\u00e9cor sur gla\u00e7ure de confettis\",\"breadcrumb\":{\"@id\":\"https:\/\/tsukimigallery.com\/?product=vase-porcelain-okugawa-chuemon#breadcrumb\"},\"inLanguage\":\"en-GB\",\"potentialAction\":[{\"@type\":\"ReadAction\",\"target\":[\"https:\/\/tsukimigallery.com\/?product=vase-porcelain-okugawa-chuemon\"]}]},{\"@type\":\"ImageObject\",\"inLanguage\":\"en-GB\",\"@id\":\"https:\/\/tsukimigallery.com\/?product=vase-porcelain-okugawa-chuemon#primaryimage\",\"url\":\"https:\/\/tsukimigallery.com\/wp-content\/uploads\/2025\/06\/226c-copie.webp\",\"contentUrl\":\"https:\/\/tsukimigallery.com\/wp-content\/uploads\/2025\/06\/226c-copie.webp\",\"width\":2452,\"height\":1752,\"caption\":\"White porcelain vase by Okugawa Chuemon\"},{\"@type\":\"BreadcrumbList\",\"@id\":\"https:\/\/tsukimigallery.com\/?product=vase-porcelain-okugawa-chuemon#breadcrumb\",\"itemListElement\":[{\"@type\":\"ListItem\",\"position\":1,\"name\":\"Accueil\",\"item\":\"https:\/\/tsukimigallery.com\/\"},{\"@type\":\"ListItem\",\"position\":2,\"name\":\"Boutique\",\"item\":\"https:\/\/tsukimigallery.com\/boutique\/\"},{\"@type\":\"ListItem\",\"position\":3,\"name\":\"Vase en porcelaine d&rsquo;Arita \u00e0 d\u00e9cor de kamifubuki\"}]},{\"@type\":\"WebSite\",\"@id\":\"https:\/\/tsukimigallery.com\/#website\",\"url\":\"https:\/\/tsukimigallery.com\/\",\"name\":\"Tsukimi Gallery\",\"description\":\"\",\"publisher\":{\"@id\":\"https:\/\/tsukimigallery.com\/#organization\"},\"potentialAction\":[{\"@type\":\"SearchAction\",\"target\":{\"@type\":\"EntryPoint\",\"urlTemplate\":\"https:\/\/tsukimigallery.com\/?s={search_term_string}\"},\"query-input\":{\"@type\":\"PropertyValueSpecification\",\"valueRequired\":true,\"valueName\":\"search_term_string\"}}],\"inLanguage\":\"en-GB\"},{\"@type\":\"Organization\",\"@id\":\"https:\/\/tsukimigallery.com\/#organization\",\"name\":\"Tsukimi Gallery\",\"url\":\"https:\/\/tsukimigallery.com\/\",\"logo\":{\"@type\":\"ImageObject\",\"inLanguage\":\"en-GB\",\"@id\":\"https:\/\/tsukimigallery.com\/#\/schema\/logo\/image\/\",\"url\":\"https:\/\/tsukimigallery.com\/wp-content\/uploads\/2025\/04\/Logo-color.png\",\"contentUrl\":\"https:\/\/tsukimigallery.com\/wp-content\/uploads\/2025\/04\/Logo-color.png\",\"width\":363,\"height\":100,\"caption\":\"Tsukimi Gallery\"},\"image\":{\"@id\":\"https:\/\/tsukimigallery.com\/#\/schema\/logo\/image\/\"}}]}<\/script>\n<!-- \/ Yoast SEO plugin. -->","yoast_head_json":{"title":"Vase en porcelaine d'Arita \u00e0 d\u00e9cor de kamifubuki - Tsukimi Gallery","description":"Okugawa Shuemon (1901-1975) Vase balustre en porcelaine d\u2019Arita, la partie inf\u00e9rieure portant un d\u00e9cor sur gla\u00e7ure de confettis","robots":{"index":"index","follow":"follow","max-snippet":"max-snippet:-1","max-image-preview":"max-image-preview:large","max-video-preview":"max-video-preview:-1"},"canonical":"https:\/\/tsukimigallery.com\/en\/?product=vase-porcelain-okugawa-chuemon","og_locale":"en_GB","og_type":"article","og_title":"Vase en porcelaine d'Arita \u00e0 d\u00e9cor de kamifubuki - Tsukimi Gallery","og_description":"Okugawa Shuemon (1901-1975) Vase balustre en porcelaine d\u2019Arita, la partie inf\u00e9rieure portant un d\u00e9cor sur gla\u00e7ure de confettis","og_url":"https:\/\/tsukimigallery.com\/en\/?product=vase-porcelain-okugawa-chuemon","og_site_name":"Tsukimi Gallery","og_image":[{"width":2452,"height":1752,"url":"https:\/\/tsukimigallery.com\/wp-content\/uploads\/2025\/06\/226c-copie.webp","type":"image\/webp"}],"twitter_card":"summary_large_image","twitter_misc":{"Estimated reading time":"1 minute"},"schema":{"@context":"https:\/\/schema.org","@graph":[{"@type":"WebPage","@id":"https:\/\/tsukimigallery.com\/?product=vase-porcelain-okugawa-chuemon","url":"https:\/\/tsukimigallery.com\/?product=vase-porcelain-okugawa-chuemon","name":"Vase en porcelaine d'Arita \u00e0 d\u00e9cor de kamifubuki - Tsukimi Gallery","isPartOf":{"@id":"https:\/\/tsukimigallery.com\/#website"},"primaryImageOfPage":{"@id":"https:\/\/tsukimigallery.com\/?product=vase-porcelain-okugawa-chuemon#primaryimage"},"image":{"@id":"https:\/\/tsukimigallery.com\/?product=vase-porcelain-okugawa-chuemon#primaryimage"},"thumbnailUrl":"https:\/\/tsukimigallery.com\/wp-content\/uploads\/2025\/06\/226c-copie.webp","datePublished":"2025-06-24T19:30:07+00:00","description":"Okugawa Shuemon (1901-1975) Vase balustre en porcelaine d\u2019Arita, la partie inf\u00e9rieure portant un d\u00e9cor sur gla\u00e7ure de confettis","breadcrumb":{"@id":"https:\/\/tsukimigallery.com\/?product=vase-porcelain-okugawa-chuemon#breadcrumb"},"inLanguage":"en-GB","potentialAction":[{"@type":"ReadAction","target":["https:\/\/tsukimigallery.com\/?product=vase-porcelain-okugawa-chuemon"]}]},{"@type":"ImageObject","inLanguage":"en-GB","@id":"https:\/\/tsukimigallery.com\/?product=vase-porcelain-okugawa-chuemon#primaryimage","url":"https:\/\/tsukimigallery.com\/wp-content\/uploads\/2025\/06\/226c-copie.webp","contentUrl":"https:\/\/tsukimigallery.com\/wp-content\/uploads\/2025\/06\/226c-copie.webp","width":2452,"height":1752,"caption":"White porcelain vase by Okugawa Chuemon"},{"@type":"BreadcrumbList","@id":"https:\/\/tsukimigallery.com\/?product=vase-porcelain-okugawa-chuemon#breadcrumb","itemListElement":[{"@type":"ListItem","position":1,"name":"Accueil","item":"https:\/\/tsukimigallery.com\/"},{"@type":"ListItem","position":2,"name":"Boutique","item":"https:\/\/tsukimigallery.com\/boutique\/"},{"@type":"ListItem","position":3,"name":"Vase en porcelaine d&rsquo;Arita \u00e0 d\u00e9cor de kamifubuki"}]},{"@type":"WebSite","@id":"https:\/\/tsukimigallery.com\/#website","url":"https:\/\/tsukimigallery.com\/","name":"Tsukimi Gallery","description":"","publisher":{"@id":"https:\/\/tsukimigallery.com\/#organization"},"potentialAction":[{"@type":"SearchAction","target":{"@type":"EntryPoint","urlTemplate":"https:\/\/tsukimigallery.com\/?s={search_term_string}"},"query-input":{"@type":"PropertyValueSpecification","valueRequired":true,"valueName":"search_term_string"}}],"inLanguage":"en-GB"},{"@type":"Organization","@id":"https:\/\/tsukimigallery.com\/#organization","name":"Tsukimi Gallery","url":"https:\/\/tsukimigallery.com\/","logo":{"@type":"ImageObject","inLanguage":"en-GB","@id":"https:\/\/tsukimigallery.com\/#\/schema\/logo\/image\/","url":"https:\/\/tsukimigallery.com\/wp-content\/uploads\/2025\/04\/Logo-color.png","contentUrl":"https:\/\/tsukimigallery.com\/wp-content\/uploads\/2025\/04\/Logo-color.png","width":363,"height":100,"caption":"Tsukimi Gallery"},"image":{"@id":"https:\/\/tsukimigallery.com\/#\/schema\/logo\/image\/"}}]}},"_links":{"self":[{"href":"https:\/\/tsukimigallery.com\/en\/wp-json\/wp\/v2\/product\/609","targetHints":{"allow":["GET"]}}],"collection":[{"href":"https:\/\/tsukimigallery.com\/en\/wp-json\/wp\/v2\/product"}],"about":[{"href":"https:\/\/tsukimigallery.com\/en\/wp-json\/wp\/v2\/types\/product"}],"replies":[{"embeddable":true,"href":"https:\/\/tsukimigallery.com\/en\/wp-json\/wp\/v2\/comments?post=609"}],"wp:featuredmedia":[{"embeddable":true,"href":"https:\/\/tsukimigallery.com\/en\/wp-json\/wp\/v2\/media\/611"}],"wp:attachment":[{"href":"https:\/\/tsukimigallery.com\/en\/wp-json\/wp\/v2\/media?parent=609"}],"wp:term":[{"taxonomy":"product_brand","embeddable":true,"href":"https:\/\/tsukimigallery.com\/en\/wp-json\/wp\/v2\/product_brand?post=609"},{"taxonomy":"product_cat","embeddable":true,"href":"https:\/\/tsukimigallery.com\/en\/wp-json\/wp\/v2\/product_cat?post=609"},{"taxonomy":"product_tag","embeddable":true,"href":"https:\/\/tsukimigallery.com\/en\/wp-json\/wp\/v2\/product_tag?post=609"}],"curies":[{"name":"wp","href":"https:\/\/api.w.org\/{rel}","templated":true}]}}