{"id":616,"date":"2025-06-24T21:17:58","date_gmt":"2025-06-24T20:17:58","guid":{"rendered":"https:\/\/seo.geoffroycrabieres.com\/?post_type=product&amp;p=616"},"modified":"2025-06-24T21:17:58","modified_gmt":"2025-06-24T20:17:58","slug":"vase-kamoda-taro","status":"publish","type":"product","link":"https:\/\/tsukimigallery.com\/en\/product\/vase-kamoda-taro\/","title":{"rendered":"Large hexagonal vase"},"content":{"rendered":"<p><strong>About Kamoda Taro (b. 1963)<\/strong><\/p>\n\n\n\n<p>Kamoda Taro is the firstborn son of Kamoda Shoji (1933\u20131983), one of the most influential Japanese potters of the 20th century, renowned for his radical innovations in ceramic form and surface decoration. Born in the historic pottery town of Mashiko, a major centre for Japanese ceramics, Kamoda Taro inherited the family kiln following his father\u2019s death in 1983. Since then, he has pursued an independent artistic path while honouring his father\u2019s legacy, holding numerous solo exhibitions across Japan and establishing his own reputation within contemporary ceramic practice.<\/p>\n\n\n\n<div id=\"read-more\">Read more<\/div>","protected":false},"excerpt":{"rendered":"<p>Tall hexagonal stoneware vase with an uneven lip, the surface covered in a mottled dark blue and black coating, decorated with blue and translucent enamel-glazed stripes enclosed within an engraved curvilinear design.<\/p>\n<p>Signed on the base<\/p>\n<p>Japan, Heisei era, dated 2010<\/p>\n<p>H. 42,5 x L. 25 cm<\/p>","protected":false},"featured_media":625,"comment_status":"closed","ping_status":"closed","template":"","meta":{"_editorskit_title_hidden":false,"_editorskit_reading_time":0,"_editorskit_is_block_options_detached":false,"_editorskit_block_options_position":"{}","_eb_attr":""},"product_brand":[],"product_cat":[130,198],"product_tag":[171],"class_list":{"0":"post-616","1":"product","2":"type-product","3":"status-publish","4":"has-post-thumbnail","6":"product_cat-ceramique","7":"product_cat-nouveautes","8":"product_tag-kamoda-taro","10":"first","11":"instock","12":"shipping-taxable","13":"purchasable","14":"product-type-simple"},"yoast_head":"<!-- This site is optimized with the Yoast SEO plugin v25.9 - https:\/\/yoast.com\/wordpress\/plugins\/seo\/ -->\n<title>Grand vase hexagonal - Tsukimi Gallery<\/title>\n<meta name=\"description\" content=\"Kamoda Taro (b. 1963) Vase hexagonal en gr\u00e8s couvert d\u2019un \u00e9maillage mouchet\u00e9 noir et bleu fonc\u00e9, et de petites bandes \u00e9maill\u00e9es bleues et translucides\" \/>\n<meta name=\"robots\" content=\"index, follow, max-snippet:-1, max-image-preview:large, max-video-preview:-1\" \/>\n<link rel=\"canonical\" href=\"https:\/\/tsukimigallery.com\/en\/?product=vase-kamoda-taro\" \/>\n<meta property=\"og:locale\" content=\"en_GB\" \/>\n<meta property=\"og:type\" content=\"article\" \/>\n<meta property=\"og:title\" content=\"Grand vase hexagonal - Tsukimi Gallery\" \/>\n<meta property=\"og:description\" content=\"Kamoda Taro (b. 1963) Vase hexagonal en gr\u00e8s couvert d\u2019un \u00e9maillage mouchet\u00e9 noir et bleu fonc\u00e9, et de petites bandes \u00e9maill\u00e9es bleues et translucides\" \/>\n<meta property=\"og:url\" content=\"https:\/\/tsukimigallery.com\/en\/?product=vase-kamoda-taro\" \/>\n<meta property=\"og:site_name\" content=\"Tsukimi Gallery\" \/>\n<meta property=\"og:image\" content=\"https:\/\/tsukimigallery.com\/wp-content\/uploads\/2025\/06\/224b-copie-scaled-1.webp\" \/>\n\t<meta property=\"og:image:width\" content=\"2560\" \/>\n\t<meta property=\"og:image:height\" content=\"1829\" \/>\n\t<meta property=\"og:image:type\" content=\"image\/webp\" \/>\n<meta name=\"twitter:card\" content=\"summary_large_image\" \/>\n<meta name=\"twitter:label1\" content=\"Estimated reading time\" \/>\n\t<meta name=\"twitter:data1\" content=\"1 minute\" \/>\n<script type=\"application\/ld+json\" class=\"yoast-schema-graph\">{\"@context\":\"https:\/\/schema.org\",\"@graph\":[{\"@type\":\"WebPage\",\"@id\":\"https:\/\/tsukimigallery.com\/?product=vase-kamoda-taro\",\"url\":\"https:\/\/tsukimigallery.com\/?product=vase-kamoda-taro\",\"name\":\"Grand vase hexagonal - Tsukimi Gallery\",\"isPartOf\":{\"@id\":\"https:\/\/tsukimigallery.com\/#website\"},\"primaryImageOfPage\":{\"@id\":\"https:\/\/tsukimigallery.com\/?product=vase-kamoda-taro#primaryimage\"},\"image\":{\"@id\":\"https:\/\/tsukimigallery.com\/?product=vase-kamoda-taro#primaryimage\"},\"thumbnailUrl\":\"https:\/\/tsukimigallery.com\/wp-content\/uploads\/2025\/06\/224b-copie-scaled-1.webp\",\"datePublished\":\"2025-06-24T20:17:58+00:00\",\"description\":\"Kamoda Taro (b. 1963) Vase hexagonal en gr\u00e8s couvert d\u2019un \u00e9maillage mouchet\u00e9 noir et bleu fonc\u00e9, et de petites bandes \u00e9maill\u00e9es bleues et translucides\",\"breadcrumb\":{\"@id\":\"https:\/\/tsukimigallery.com\/?product=vase-kamoda-taro#breadcrumb\"},\"inLanguage\":\"en-GB\",\"potentialAction\":[{\"@type\":\"ReadAction\",\"target\":[\"https:\/\/tsukimigallery.com\/?product=vase-kamoda-taro\"]}]},{\"@type\":\"ImageObject\",\"inLanguage\":\"en-GB\",\"@id\":\"https:\/\/tsukimigallery.com\/?product=vase-kamoda-taro#primaryimage\",\"url\":\"https:\/\/tsukimigallery.com\/wp-content\/uploads\/2025\/06\/224b-copie-scaled-1.webp\",\"contentUrl\":\"https:\/\/tsukimigallery.com\/wp-content\/uploads\/2025\/06\/224b-copie-scaled-1.webp\",\"width\":2560,\"height\":1829,\"caption\":\"Stoneware vase by Kamoda Taro\"},{\"@type\":\"BreadcrumbList\",\"@id\":\"https:\/\/tsukimigallery.com\/?product=vase-kamoda-taro#breadcrumb\",\"itemListElement\":[{\"@type\":\"ListItem\",\"position\":1,\"name\":\"Accueil\",\"item\":\"https:\/\/tsukimigallery.com\/\"},{\"@type\":\"ListItem\",\"position\":2,\"name\":\"Boutique\",\"item\":\"https:\/\/tsukimigallery.com\/boutique\/\"},{\"@type\":\"ListItem\",\"position\":3,\"name\":\"Grand vase hexagonal\"}]},{\"@type\":\"WebSite\",\"@id\":\"https:\/\/tsukimigallery.com\/#website\",\"url\":\"https:\/\/tsukimigallery.com\/\",\"name\":\"Tsukimi Gallery\",\"description\":\"\",\"publisher\":{\"@id\":\"https:\/\/tsukimigallery.com\/#organization\"},\"potentialAction\":[{\"@type\":\"SearchAction\",\"target\":{\"@type\":\"EntryPoint\",\"urlTemplate\":\"https:\/\/tsukimigallery.com\/?s={search_term_string}\"},\"query-input\":{\"@type\":\"PropertyValueSpecification\",\"valueRequired\":true,\"valueName\":\"search_term_string\"}}],\"inLanguage\":\"en-GB\"},{\"@type\":\"Organization\",\"@id\":\"https:\/\/tsukimigallery.com\/#organization\",\"name\":\"Tsukimi Gallery\",\"url\":\"https:\/\/tsukimigallery.com\/\",\"logo\":{\"@type\":\"ImageObject\",\"inLanguage\":\"en-GB\",\"@id\":\"https:\/\/tsukimigallery.com\/#\/schema\/logo\/image\/\",\"url\":\"https:\/\/tsukimigallery.com\/wp-content\/uploads\/2025\/04\/Logo-color.png\",\"contentUrl\":\"https:\/\/tsukimigallery.com\/wp-content\/uploads\/2025\/04\/Logo-color.png\",\"width\":363,\"height\":100,\"caption\":\"Tsukimi Gallery\"},\"image\":{\"@id\":\"https:\/\/tsukimigallery.com\/#\/schema\/logo\/image\/\"}}]}<\/script>\n<!-- \/ Yoast SEO plugin. -->","yoast_head_json":{"title":"Grand vase hexagonal - Tsukimi Gallery","description":"Kamoda Taro (b. 1963) Vase hexagonal en gr\u00e8s couvert d\u2019un \u00e9maillage mouchet\u00e9 noir et bleu fonc\u00e9, et de petites bandes \u00e9maill\u00e9es bleues et translucides","robots":{"index":"index","follow":"follow","max-snippet":"max-snippet:-1","max-image-preview":"max-image-preview:large","max-video-preview":"max-video-preview:-1"},"canonical":"https:\/\/tsukimigallery.com\/en\/?product=vase-kamoda-taro","og_locale":"en_GB","og_type":"article","og_title":"Grand vase hexagonal - Tsukimi Gallery","og_description":"Kamoda Taro (b. 1963) Vase hexagonal en gr\u00e8s couvert d\u2019un \u00e9maillage mouchet\u00e9 noir et bleu fonc\u00e9, et de petites bandes \u00e9maill\u00e9es bleues et translucides","og_url":"https:\/\/tsukimigallery.com\/en\/?product=vase-kamoda-taro","og_site_name":"Tsukimi Gallery","og_image":[{"width":2560,"height":1829,"url":"https:\/\/tsukimigallery.com\/wp-content\/uploads\/2025\/06\/224b-copie-scaled-1.webp","type":"image\/webp"}],"twitter_card":"summary_large_image","twitter_misc":{"Estimated reading time":"1 minute"},"schema":{"@context":"https:\/\/schema.org","@graph":[{"@type":"WebPage","@id":"https:\/\/tsukimigallery.com\/?product=vase-kamoda-taro","url":"https:\/\/tsukimigallery.com\/?product=vase-kamoda-taro","name":"Grand vase hexagonal - Tsukimi Gallery","isPartOf":{"@id":"https:\/\/tsukimigallery.com\/#website"},"primaryImageOfPage":{"@id":"https:\/\/tsukimigallery.com\/?product=vase-kamoda-taro#primaryimage"},"image":{"@id":"https:\/\/tsukimigallery.com\/?product=vase-kamoda-taro#primaryimage"},"thumbnailUrl":"https:\/\/tsukimigallery.com\/wp-content\/uploads\/2025\/06\/224b-copie-scaled-1.webp","datePublished":"2025-06-24T20:17:58+00:00","description":"Kamoda Taro (b. 1963) Vase hexagonal en gr\u00e8s couvert d\u2019un \u00e9maillage mouchet\u00e9 noir et bleu fonc\u00e9, et de petites bandes \u00e9maill\u00e9es bleues et translucides","breadcrumb":{"@id":"https:\/\/tsukimigallery.com\/?product=vase-kamoda-taro#breadcrumb"},"inLanguage":"en-GB","potentialAction":[{"@type":"ReadAction","target":["https:\/\/tsukimigallery.com\/?product=vase-kamoda-taro"]}]},{"@type":"ImageObject","inLanguage":"en-GB","@id":"https:\/\/tsukimigallery.com\/?product=vase-kamoda-taro#primaryimage","url":"https:\/\/tsukimigallery.com\/wp-content\/uploads\/2025\/06\/224b-copie-scaled-1.webp","contentUrl":"https:\/\/tsukimigallery.com\/wp-content\/uploads\/2025\/06\/224b-copie-scaled-1.webp","width":2560,"height":1829,"caption":"Stoneware vase by Kamoda Taro"},{"@type":"BreadcrumbList","@id":"https:\/\/tsukimigallery.com\/?product=vase-kamoda-taro#breadcrumb","itemListElement":[{"@type":"ListItem","position":1,"name":"Accueil","item":"https:\/\/tsukimigallery.com\/"},{"@type":"ListItem","position":2,"name":"Boutique","item":"https:\/\/tsukimigallery.com\/boutique\/"},{"@type":"ListItem","position":3,"name":"Grand vase hexagonal"}]},{"@type":"WebSite","@id":"https:\/\/tsukimigallery.com\/#website","url":"https:\/\/tsukimigallery.com\/","name":"Tsukimi Gallery","description":"","publisher":{"@id":"https:\/\/tsukimigallery.com\/#organization"},"potentialAction":[{"@type":"SearchAction","target":{"@type":"EntryPoint","urlTemplate":"https:\/\/tsukimigallery.com\/?s={search_term_string}"},"query-input":{"@type":"PropertyValueSpecification","valueRequired":true,"valueName":"search_term_string"}}],"inLanguage":"en-GB"},{"@type":"Organization","@id":"https:\/\/tsukimigallery.com\/#organization","name":"Tsukimi Gallery","url":"https:\/\/tsukimigallery.com\/","logo":{"@type":"ImageObject","inLanguage":"en-GB","@id":"https:\/\/tsukimigallery.com\/#\/schema\/logo\/image\/","url":"https:\/\/tsukimigallery.com\/wp-content\/uploads\/2025\/04\/Logo-color.png","contentUrl":"https:\/\/tsukimigallery.com\/wp-content\/uploads\/2025\/04\/Logo-color.png","width":363,"height":100,"caption":"Tsukimi Gallery"},"image":{"@id":"https:\/\/tsukimigallery.com\/#\/schema\/logo\/image\/"}}]}},"_links":{"self":[{"href":"https:\/\/tsukimigallery.com\/en\/wp-json\/wp\/v2\/product\/616","targetHints":{"allow":["GET"]}}],"collection":[{"href":"https:\/\/tsukimigallery.com\/en\/wp-json\/wp\/v2\/product"}],"about":[{"href":"https:\/\/tsukimigallery.com\/en\/wp-json\/wp\/v2\/types\/product"}],"replies":[{"embeddable":true,"href":"https:\/\/tsukimigallery.com\/en\/wp-json\/wp\/v2\/comments?post=616"}],"wp:featuredmedia":[{"embeddable":true,"href":"https:\/\/tsukimigallery.com\/en\/wp-json\/wp\/v2\/media\/625"}],"wp:attachment":[{"href":"https:\/\/tsukimigallery.com\/en\/wp-json\/wp\/v2\/media?parent=616"}],"wp:term":[{"taxonomy":"product_brand","embeddable":true,"href":"https:\/\/tsukimigallery.com\/en\/wp-json\/wp\/v2\/product_brand?post=616"},{"taxonomy":"product_cat","embeddable":true,"href":"https:\/\/tsukimigallery.com\/en\/wp-json\/wp\/v2\/product_cat?post=616"},{"taxonomy":"product_tag","embeddable":true,"href":"https:\/\/tsukimigallery.com\/en\/wp-json\/wp\/v2\/product_tag?post=616"}],"curies":[{"name":"wp","href":"https:\/\/api.w.org\/{rel}","templated":true}]}}