{"id":660,"date":"2025-08-13T11:18:58","date_gmt":"2025-08-13T10:18:58","guid":{"rendered":"https:\/\/seo.geoffroycrabieres.com\/?post_type=product&#038;p=660"},"modified":"2025-12-07T09:46:06","modified_gmt":"2025-12-07T09:46:06","slug":"grand-vase-bandes-colorees","status":"publish","type":"product","link":"https:\/\/tsukimigallery.com\/en\/product\/grand-vase-bandes-colorees\/","title":{"rendered":"Large vase with coloured bands design"},"content":{"rendered":"<p><strong>About Ichino Masahiko (b.1961-)<\/strong><\/p>\n\n\n\n<p>Born in 1961 in Sasayama, Hyogo Prefecture, Ichino Masahiko is a renowned Japanese ceramic artist celebrated for his innovative approach to Tamba pottery, an 800-year-old ceramic tradition produced to the west of Nagoya. In 1981, he began training under his father and established his own studio in 1988.<br>L&rsquo;\u0153uvre d&rsquo;Ichino est rapidement remarqu\u00e9e, recevant le prix de la Meilleure \u0152uvre lors de la 13e Japanese Ceramic Art Exhibition en 1995. Sa renomm\u00e9e ne cesse de cro\u00eetre \u00e0 l\u2019international, avec des pr\u00e9sentations dans de prestigieuses expositions \u00e0 travers le Japon et en France :<em> <\/em>Japanese Crafts \u00ab\u00a0Now\u00a0\u00bb 100 Selections  (Paris, 1999).<br>The 2000s saw Ichino\u2019s participation in numerous significant global exhibitions, such as the Tea Ceremony \u2013 Contemporary Art Exhibition at the Helsinki Art Museum (2000), the International Ceramic Exchange Exhibition in Beijing (2000), and the Asian International Contemporary Ceramic Art Exhibition in Taiwan (2002). He also exhibited in Korea at the Contemporary Korean-Japanese Ceramic Art Exhibition in Seoul (2003).<br>Among other notable accolades, Ichino received the Grand Prize at the Tea Ceremony Art Exhibition (Tanabe Museum of Art, 2009), and participated in influential shows such as Contemporary Tea: Freedom of Form (Museum of Tomo, 2010) and Perspectives on Contemporary Crafts at The National Museum of Modern Art, Tokyo (2010). In 2011, he was recognized with the Hyogo Prefecture Cultural Award for his lasting contributions to the Japanese ceramic.<\/p>\n\n\n\n<div id=\"read-more\">Read more<\/div>","protected":false},"excerpt":{"rendered":"<p>A tall ceramic vase,  featuring incised horizontal lines on a black ground on its lower half. The upper section with  stripes in blue, dark orange, and black enamel, creating a vivid contrast of texture and color. With its original inscribed  wood storage box.<\/p>\n<p>Signed Masa on the base<br \/>Heisei era, circa 2000-2010<br \/>H.46.5 x W. 20 x D. 18 cm<\/p>","protected":false},"featured_media":620,"comment_status":"closed","ping_status":"closed","template":"","meta":{"_editorskit_title_hidden":false,"_editorskit_reading_time":0,"_editorskit_is_block_options_detached":false,"_editorskit_block_options_position":"{}","_eb_attr":""},"product_brand":[],"product_cat":[130,198],"product_tag":[363],"class_list":{"0":"post-660","1":"product","2":"type-product","3":"status-publish","4":"has-post-thumbnail","6":"product_cat-ceramique","7":"product_cat-nouveautes","8":"product_tag-ichino-masahiko","10":"first","11":"instock","12":"shipping-taxable","13":"purchasable","14":"product-type-simple"},"yoast_head":"<!-- This site is optimized with the Yoast SEO plugin v25.9 - https:\/\/yoast.com\/wordpress\/plugins\/seo\/ -->\n<title>Grand vase \u00e0 d\u00e9cor de bandes color\u00e9es - Tsukimi Gallery<\/title>\n<meta name=\"description\" content=\"Ichino Masahik, vase en c\u00e9ramique pr\u00e9sentant un d\u00e9cor de bandes d\u2019\u00e9mail bleu, orange br\u00fbl\u00e9 et noir, vers 2000-2010, H. 46.5cm\" \/>\n<meta name=\"robots\" content=\"index, follow, max-snippet:-1, max-image-preview:large, max-video-preview:-1\" \/>\n<link rel=\"canonical\" href=\"https:\/\/tsukimigallery.com\/en\/product\/grand-vase-bandes-colorees\/\" \/>\n<meta property=\"og:locale\" content=\"en_GB\" \/>\n<meta property=\"og:type\" content=\"article\" \/>\n<meta property=\"og:title\" content=\"Grand vase \u00e0 d\u00e9cor de bandes color\u00e9es - Tsukimi Gallery\" \/>\n<meta property=\"og:description\" content=\"Ichino Masahik, vase en c\u00e9ramique pr\u00e9sentant un d\u00e9cor de bandes d\u2019\u00e9mail bleu, orange br\u00fbl\u00e9 et noir, vers 2000-2010, H. 46.5cm\" \/>\n<meta property=\"og:url\" content=\"https:\/\/tsukimigallery.com\/en\/product\/grand-vase-bandes-colorees\/\" \/>\n<meta property=\"og:site_name\" content=\"Tsukimi Gallery\" \/>\n<meta property=\"article:modified_time\" content=\"2025-12-07T09:46:06+00:00\" \/>\n<meta property=\"og:image\" content=\"https:\/\/tsukimigallery.com\/wp-content\/uploads\/2025\/06\/223a-copie.webp\" \/>\n\t<meta property=\"og:image:width\" content=\"2458\" \/>\n\t<meta property=\"og:image:height\" content=\"1756\" \/>\n\t<meta property=\"og:image:type\" content=\"image\/webp\" \/>\n<meta name=\"twitter:card\" content=\"summary_large_image\" \/>\n<meta name=\"twitter:label1\" content=\"Estimated reading time\" \/>\n\t<meta name=\"twitter:data1\" content=\"2 minutes\" \/>\n<script type=\"application\/ld+json\" class=\"yoast-schema-graph\">{\"@context\":\"https:\/\/schema.org\",\"@graph\":[{\"@type\":\"WebPage\",\"@id\":\"https:\/\/tsukimigallery.com\/produit\/grand-vase-bandes-colorees\/\",\"url\":\"https:\/\/tsukimigallery.com\/produit\/grand-vase-bandes-colorees\/\",\"name\":\"Grand vase \u00e0 d\u00e9cor de bandes color\u00e9es - Tsukimi Gallery\",\"isPartOf\":{\"@id\":\"https:\/\/tsukimigallery.com\/#website\"},\"primaryImageOfPage\":{\"@id\":\"https:\/\/tsukimigallery.com\/produit\/grand-vase-bandes-colorees\/#primaryimage\"},\"image\":{\"@id\":\"https:\/\/tsukimigallery.com\/produit\/grand-vase-bandes-colorees\/#primaryimage\"},\"thumbnailUrl\":\"https:\/\/tsukimigallery.com\/wp-content\/uploads\/2025\/06\/223a-copie.webp\",\"datePublished\":\"2025-08-13T10:18:58+00:00\",\"dateModified\":\"2025-12-07T09:46:06+00:00\",\"description\":\"Ichino Masahik, vase en c\u00e9ramique pr\u00e9sentant un d\u00e9cor de bandes d\u2019\u00e9mail bleu, orange br\u00fbl\u00e9 et noir, vers 2000-2010, H. 46.5cm\",\"breadcrumb\":{\"@id\":\"https:\/\/tsukimigallery.com\/produit\/grand-vase-bandes-colorees\/#breadcrumb\"},\"inLanguage\":\"en-GB\",\"potentialAction\":[{\"@type\":\"ReadAction\",\"target\":[\"https:\/\/tsukimigallery.com\/produit\/grand-vase-bandes-colorees\/\"]}]},{\"@type\":\"ImageObject\",\"inLanguage\":\"en-GB\",\"@id\":\"https:\/\/tsukimigallery.com\/produit\/grand-vase-bandes-colorees\/#primaryimage\",\"url\":\"https:\/\/tsukimigallery.com\/wp-content\/uploads\/2025\/06\/223a-copie.webp\",\"contentUrl\":\"https:\/\/tsukimigallery.com\/wp-content\/uploads\/2025\/06\/223a-copie.webp\",\"width\":2458,\"height\":1756,\"caption\":\"Ichino Masahiko A tall and sculptural ceramic vase, the upper section with stripes in blue, dark orange, and black enamel,\"},{\"@type\":\"BreadcrumbList\",\"@id\":\"https:\/\/tsukimigallery.com\/produit\/grand-vase-bandes-colorees\/#breadcrumb\",\"itemListElement\":[{\"@type\":\"ListItem\",\"position\":1,\"name\":\"Accueil\",\"item\":\"https:\/\/tsukimigallery.com\/\"},{\"@type\":\"ListItem\",\"position\":2,\"name\":\"Boutique\",\"item\":\"https:\/\/tsukimigallery.com\/boutique\/\"},{\"@type\":\"ListItem\",\"position\":3,\"name\":\"Grand vase \u00e0 d\u00e9cor de bandes color\u00e9es\"}]},{\"@type\":\"WebSite\",\"@id\":\"https:\/\/tsukimigallery.com\/#website\",\"url\":\"https:\/\/tsukimigallery.com\/\",\"name\":\"Tsukimi Gallery\",\"description\":\"\",\"publisher\":{\"@id\":\"https:\/\/tsukimigallery.com\/#organization\"},\"potentialAction\":[{\"@type\":\"SearchAction\",\"target\":{\"@type\":\"EntryPoint\",\"urlTemplate\":\"https:\/\/tsukimigallery.com\/?s={search_term_string}\"},\"query-input\":{\"@type\":\"PropertyValueSpecification\",\"valueRequired\":true,\"valueName\":\"search_term_string\"}}],\"inLanguage\":\"en-GB\"},{\"@type\":\"Organization\",\"@id\":\"https:\/\/tsukimigallery.com\/#organization\",\"name\":\"Tsukimi Gallery\",\"url\":\"https:\/\/tsukimigallery.com\/\",\"logo\":{\"@type\":\"ImageObject\",\"inLanguage\":\"en-GB\",\"@id\":\"https:\/\/tsukimigallery.com\/#\/schema\/logo\/image\/\",\"url\":\"https:\/\/tsukimigallery.com\/wp-content\/uploads\/2025\/04\/Logo-color.png\",\"contentUrl\":\"https:\/\/tsukimigallery.com\/wp-content\/uploads\/2025\/04\/Logo-color.png\",\"width\":363,\"height\":100,\"caption\":\"Tsukimi Gallery\"},\"image\":{\"@id\":\"https:\/\/tsukimigallery.com\/#\/schema\/logo\/image\/\"}}]}<\/script>\n<!-- \/ Yoast SEO plugin. -->","yoast_head_json":{"title":"Grand vase \u00e0 d\u00e9cor de bandes color\u00e9es - Tsukimi Gallery","description":"Ichino Masahik, vase en c\u00e9ramique pr\u00e9sentant un d\u00e9cor de bandes d\u2019\u00e9mail bleu, orange br\u00fbl\u00e9 et noir, vers 2000-2010, H. 46.5cm","robots":{"index":"index","follow":"follow","max-snippet":"max-snippet:-1","max-image-preview":"max-image-preview:large","max-video-preview":"max-video-preview:-1"},"canonical":"https:\/\/tsukimigallery.com\/en\/product\/grand-vase-bandes-colorees\/","og_locale":"en_GB","og_type":"article","og_title":"Grand vase \u00e0 d\u00e9cor de bandes color\u00e9es - Tsukimi Gallery","og_description":"Ichino Masahik, vase en c\u00e9ramique pr\u00e9sentant un d\u00e9cor de bandes d\u2019\u00e9mail bleu, orange br\u00fbl\u00e9 et noir, vers 2000-2010, H. 46.5cm","og_url":"https:\/\/tsukimigallery.com\/en\/product\/grand-vase-bandes-colorees\/","og_site_name":"Tsukimi Gallery","article_modified_time":"2025-12-07T09:46:06+00:00","og_image":[{"width":2458,"height":1756,"url":"https:\/\/tsukimigallery.com\/wp-content\/uploads\/2025\/06\/223a-copie.webp","type":"image\/webp"}],"twitter_card":"summary_large_image","twitter_misc":{"Estimated reading time":"2 minutes"},"schema":{"@context":"https:\/\/schema.org","@graph":[{"@type":"WebPage","@id":"https:\/\/tsukimigallery.com\/produit\/grand-vase-bandes-colorees\/","url":"https:\/\/tsukimigallery.com\/produit\/grand-vase-bandes-colorees\/","name":"Grand vase \u00e0 d\u00e9cor de bandes color\u00e9es - Tsukimi Gallery","isPartOf":{"@id":"https:\/\/tsukimigallery.com\/#website"},"primaryImageOfPage":{"@id":"https:\/\/tsukimigallery.com\/produit\/grand-vase-bandes-colorees\/#primaryimage"},"image":{"@id":"https:\/\/tsukimigallery.com\/produit\/grand-vase-bandes-colorees\/#primaryimage"},"thumbnailUrl":"https:\/\/tsukimigallery.com\/wp-content\/uploads\/2025\/06\/223a-copie.webp","datePublished":"2025-08-13T10:18:58+00:00","dateModified":"2025-12-07T09:46:06+00:00","description":"Ichino Masahik, vase en c\u00e9ramique pr\u00e9sentant un d\u00e9cor de bandes d\u2019\u00e9mail bleu, orange br\u00fbl\u00e9 et noir, vers 2000-2010, H. 46.5cm","breadcrumb":{"@id":"https:\/\/tsukimigallery.com\/produit\/grand-vase-bandes-colorees\/#breadcrumb"},"inLanguage":"en-GB","potentialAction":[{"@type":"ReadAction","target":["https:\/\/tsukimigallery.com\/produit\/grand-vase-bandes-colorees\/"]}]},{"@type":"ImageObject","inLanguage":"en-GB","@id":"https:\/\/tsukimigallery.com\/produit\/grand-vase-bandes-colorees\/#primaryimage","url":"https:\/\/tsukimigallery.com\/wp-content\/uploads\/2025\/06\/223a-copie.webp","contentUrl":"https:\/\/tsukimigallery.com\/wp-content\/uploads\/2025\/06\/223a-copie.webp","width":2458,"height":1756,"caption":"Ichino Masahiko A tall and sculptural ceramic vase, the upper section with stripes in blue, dark orange, and black enamel,"},{"@type":"BreadcrumbList","@id":"https:\/\/tsukimigallery.com\/produit\/grand-vase-bandes-colorees\/#breadcrumb","itemListElement":[{"@type":"ListItem","position":1,"name":"Accueil","item":"https:\/\/tsukimigallery.com\/"},{"@type":"ListItem","position":2,"name":"Boutique","item":"https:\/\/tsukimigallery.com\/boutique\/"},{"@type":"ListItem","position":3,"name":"Grand vase \u00e0 d\u00e9cor de bandes color\u00e9es"}]},{"@type":"WebSite","@id":"https:\/\/tsukimigallery.com\/#website","url":"https:\/\/tsukimigallery.com\/","name":"Tsukimi Gallery","description":"","publisher":{"@id":"https:\/\/tsukimigallery.com\/#organization"},"potentialAction":[{"@type":"SearchAction","target":{"@type":"EntryPoint","urlTemplate":"https:\/\/tsukimigallery.com\/?s={search_term_string}"},"query-input":{"@type":"PropertyValueSpecification","valueRequired":true,"valueName":"search_term_string"}}],"inLanguage":"en-GB"},{"@type":"Organization","@id":"https:\/\/tsukimigallery.com\/#organization","name":"Tsukimi Gallery","url":"https:\/\/tsukimigallery.com\/","logo":{"@type":"ImageObject","inLanguage":"en-GB","@id":"https:\/\/tsukimigallery.com\/#\/schema\/logo\/image\/","url":"https:\/\/tsukimigallery.com\/wp-content\/uploads\/2025\/04\/Logo-color.png","contentUrl":"https:\/\/tsukimigallery.com\/wp-content\/uploads\/2025\/04\/Logo-color.png","width":363,"height":100,"caption":"Tsukimi Gallery"},"image":{"@id":"https:\/\/tsukimigallery.com\/#\/schema\/logo\/image\/"}}]}},"_links":{"self":[{"href":"https:\/\/tsukimigallery.com\/en\/wp-json\/wp\/v2\/product\/660","targetHints":{"allow":["GET"]}}],"collection":[{"href":"https:\/\/tsukimigallery.com\/en\/wp-json\/wp\/v2\/product"}],"about":[{"href":"https:\/\/tsukimigallery.com\/en\/wp-json\/wp\/v2\/types\/product"}],"replies":[{"embeddable":true,"href":"https:\/\/tsukimigallery.com\/en\/wp-json\/wp\/v2\/comments?post=660"}],"wp:featuredmedia":[{"embeddable":true,"href":"https:\/\/tsukimigallery.com\/en\/wp-json\/wp\/v2\/media\/620"}],"wp:attachment":[{"href":"https:\/\/tsukimigallery.com\/en\/wp-json\/wp\/v2\/media?parent=660"}],"wp:term":[{"taxonomy":"product_brand","embeddable":true,"href":"https:\/\/tsukimigallery.com\/en\/wp-json\/wp\/v2\/product_brand?post=660"},{"taxonomy":"product_cat","embeddable":true,"href":"https:\/\/tsukimigallery.com\/en\/wp-json\/wp\/v2\/product_cat?post=660"},{"taxonomy":"product_tag","embeddable":true,"href":"https:\/\/tsukimigallery.com\/en\/wp-json\/wp\/v2\/product_tag?post=660"}],"curies":[{"name":"wp","href":"https:\/\/api.w.org\/{rel}","templated":true}]}}