{"id":754,"date":"2025-12-07T09:06:06","date_gmt":"2025-12-07T09:06:06","guid":{"rendered":"https:\/\/tsukimigallery.com\/?post_type=product&#038;p=754"},"modified":"2025-12-07T10:02:47","modified_gmt":"2025-12-07T10:02:47","slug":"vase-martele-gyokusend","status":"publish","type":"product","link":"https:\/\/tsukimigallery.com\/en\/product\/vase-martele-gyokusend\/","title":{"rendered":"Hammered copper vase"},"content":{"rendered":"<p><strong>\u00c0 propos de Gyokusend\u014d<\/strong><\/p>\n\n\n\n<p>Gyokusend\u014d workshop was founded in 1816 in Tsubame, Niigata prefecture, by Tamagawa Kakubei. This  artist was then one of the few ones who was able to master the tsuiki technique which consist in taking  a copper sheet and hammering it into the shape of a container. As the surroundings of Tsubame was rich  in copper, the city became soon an important center for tsuiki copperware.<em> tsuiki <\/em>consistant \u00e0 donner forme une pi\u00e8ce en martelant patiemment une plaque de m\u00e9tal. Les environs de Tsubame \u00e9tant riches en cuivre, la ville devient rapidement un centre important du travail du cuivre.<\/p>\n\n\n\n<p> The Gyokusend\u014d workshop  took the technique to its peak, developing as well numerous colouring processes. The workshop started  to export its production overseas during the Vienna World Exhibition in 1873 and Tamagawa Kakuhei, 3rd  generation of Gyokusend\u014d, won the silver prize at the Japan British Exhibition in 1910.<\/p>\n\n\n\n<p><br>Aujourd\u2019hui, la technique du tsuiki de l\u2019atelier Gyokusend\u014d est class\u00e9e comme Propri\u00e9t\u00e9 Culturelle Intangible et Tamagawa Nonio, sixi\u00e8me ma\u00eetre de l\u2019atelier, a re\u00e7u le titre Tr\u00e9sor National Vivant.<\/p>\n\n\n\n<div id=\"read-more\">Read more<\/div>","protected":false},"excerpt":{"rendered":"<p>Hammered copper vase patinated in red with gold vertical stripes<\/p>\n<p>Marked under the base<\/p>\n<p>Japan, Showa era, late 20th century<\/p>\n<p>H. 24.5 x D. 17cm<\/p>\n<p>Pieces by the masters of Gyokusend\u014d  workshop in the collection of theMetropolitan Museum of Art | New York, Tsubame Industrial Materials Museum, Victoria &amp; Albert Museum | London<\/p>","protected":false},"featured_media":635,"comment_status":"closed","ping_status":"closed","template":"","meta":{"_editorskit_title_hidden":false,"_editorskit_reading_time":0,"_editorskit_is_block_options_detached":false,"_editorskit_block_options_position":"{}","_eb_attr":""},"product_brand":[],"product_cat":[188],"product_tag":[388],"class_list":{"0":"post-754","1":"product","2":"type-product","3":"status-publish","4":"has-post-thumbnail","6":"product_cat-metal","7":"product_tag-gyokusendo","9":"first","10":"instock","11":"shipping-taxable","12":"purchasable","13":"product-type-simple"},"yoast_head":"<!-- This site is optimized with the Yoast SEO plugin v25.9 - https:\/\/yoast.com\/wordpress\/plugins\/seo\/ -->\n<title>Vase en cuivre martel\u00e9 - Tsukimi Gallery<\/title>\n<meta name=\"description\" content=\"Atelier Gyokusend\u014d, vase moderne en cuivre martel\u00e9 \u00e0 patine rouge et dor\u00e9 \u00e0 d\u00e9cor de bandes verticales, fin XXe si\u00e8cle, H. 24.5 x D. 17cm, Japon\" \/>\n<meta name=\"robots\" content=\"index, follow, max-snippet:-1, max-image-preview:large, max-video-preview:-1\" \/>\n<link rel=\"canonical\" href=\"https:\/\/tsukimigallery.com\/en\/product\/vase-martele-gyokusend\/\" \/>\n<meta property=\"og:locale\" content=\"en_GB\" \/>\n<meta property=\"og:type\" content=\"article\" \/>\n<meta property=\"og:title\" content=\"Vase en cuivre martel\u00e9 - Tsukimi Gallery\" \/>\n<meta property=\"og:description\" content=\"Atelier Gyokusend\u014d, vase moderne en cuivre martel\u00e9 \u00e0 patine rouge et dor\u00e9 \u00e0 d\u00e9cor de bandes verticales, fin XXe si\u00e8cle, H. 24.5 x D. 17cm, Japon\" \/>\n<meta property=\"og:url\" content=\"https:\/\/tsukimigallery.com\/en\/product\/vase-martele-gyokusend\/\" \/>\n<meta property=\"og:site_name\" content=\"Tsukimi Gallery\" \/>\n<meta property=\"article:modified_time\" content=\"2025-12-07T10:02:47+00:00\" \/>\n<meta property=\"og:image\" content=\"https:\/\/tsukimigallery.com\/wp-content\/uploads\/2025\/07\/187a.webp\" \/>\n\t<meta property=\"og:image:width\" content=\"2060\" \/>\n\t<meta property=\"og:image:height\" content=\"1473\" \/>\n\t<meta property=\"og:image:type\" content=\"image\/webp\" \/>\n<meta name=\"twitter:card\" content=\"summary_large_image\" \/>\n<meta name=\"twitter:label1\" content=\"Estimated reading time\" \/>\n\t<meta name=\"twitter:data1\" content=\"1 minute\" \/>\n<script type=\"application\/ld+json\" class=\"yoast-schema-graph\">{\"@context\":\"https:\/\/schema.org\",\"@graph\":[{\"@type\":\"WebPage\",\"@id\":\"https:\/\/tsukimigallery.com\/produit\/vase-martele-gyokusend\/\",\"url\":\"https:\/\/tsukimigallery.com\/produit\/vase-martele-gyokusend\/\",\"name\":\"Vase en cuivre martel\u00e9 - Tsukimi Gallery\",\"isPartOf\":{\"@id\":\"https:\/\/tsukimigallery.com\/#website\"},\"primaryImageOfPage\":{\"@id\":\"https:\/\/tsukimigallery.com\/produit\/vase-martele-gyokusend\/#primaryimage\"},\"image\":{\"@id\":\"https:\/\/tsukimigallery.com\/produit\/vase-martele-gyokusend\/#primaryimage\"},\"thumbnailUrl\":\"https:\/\/tsukimigallery.com\/wp-content\/uploads\/2025\/07\/187a.webp\",\"datePublished\":\"2025-12-07T09:06:06+00:00\",\"dateModified\":\"2025-12-07T10:02:47+00:00\",\"description\":\"Atelier Gyokusend\u014d, vase moderne en cuivre martel\u00e9 \u00e0 patine rouge et dor\u00e9 \u00e0 d\u00e9cor de bandes verticales, fin XXe si\u00e8cle, H. 24.5 x D. 17cm, Japon\",\"breadcrumb\":{\"@id\":\"https:\/\/tsukimigallery.com\/produit\/vase-martele-gyokusend\/#breadcrumb\"},\"inLanguage\":\"en-GB\",\"potentialAction\":[{\"@type\":\"ReadAction\",\"target\":[\"https:\/\/tsukimigallery.com\/produit\/vase-martele-gyokusend\/\"]}]},{\"@type\":\"ImageObject\",\"inLanguage\":\"en-GB\",\"@id\":\"https:\/\/tsukimigallery.com\/produit\/vase-martele-gyokusend\/#primaryimage\",\"url\":\"https:\/\/tsukimigallery.com\/wp-content\/uploads\/2025\/07\/187a.webp\",\"contentUrl\":\"https:\/\/tsukimigallery.com\/wp-content\/uploads\/2025\/07\/187a.webp\",\"width\":2060,\"height\":1473,\"caption\":\"Gyokusendo vase en cuivre martel\u00e9 et patin\u00e9 rouge et dor\u00e9\"},{\"@type\":\"BreadcrumbList\",\"@id\":\"https:\/\/tsukimigallery.com\/produit\/vase-martele-gyokusend\/#breadcrumb\",\"itemListElement\":[{\"@type\":\"ListItem\",\"position\":1,\"name\":\"Accueil\",\"item\":\"https:\/\/tsukimigallery.com\/\"},{\"@type\":\"ListItem\",\"position\":2,\"name\":\"Boutique\",\"item\":\"https:\/\/tsukimigallery.com\/boutique\/\"},{\"@type\":\"ListItem\",\"position\":3,\"name\":\"Vase en cuivre martel\u00e9\"}]},{\"@type\":\"WebSite\",\"@id\":\"https:\/\/tsukimigallery.com\/#website\",\"url\":\"https:\/\/tsukimigallery.com\/\",\"name\":\"Tsukimi Gallery\",\"description\":\"\",\"publisher\":{\"@id\":\"https:\/\/tsukimigallery.com\/#organization\"},\"potentialAction\":[{\"@type\":\"SearchAction\",\"target\":{\"@type\":\"EntryPoint\",\"urlTemplate\":\"https:\/\/tsukimigallery.com\/?s={search_term_string}\"},\"query-input\":{\"@type\":\"PropertyValueSpecification\",\"valueRequired\":true,\"valueName\":\"search_term_string\"}}],\"inLanguage\":\"en-GB\"},{\"@type\":\"Organization\",\"@id\":\"https:\/\/tsukimigallery.com\/#organization\",\"name\":\"Tsukimi Gallery\",\"url\":\"https:\/\/tsukimigallery.com\/\",\"logo\":{\"@type\":\"ImageObject\",\"inLanguage\":\"en-GB\",\"@id\":\"https:\/\/tsukimigallery.com\/#\/schema\/logo\/image\/\",\"url\":\"https:\/\/tsukimigallery.com\/wp-content\/uploads\/2025\/04\/Logo-color.png\",\"contentUrl\":\"https:\/\/tsukimigallery.com\/wp-content\/uploads\/2025\/04\/Logo-color.png\",\"width\":363,\"height\":100,\"caption\":\"Tsukimi Gallery\"},\"image\":{\"@id\":\"https:\/\/tsukimigallery.com\/#\/schema\/logo\/image\/\"}}]}<\/script>\n<!-- \/ Yoast SEO plugin. -->","yoast_head_json":{"title":"Vase en cuivre martel\u00e9 - Tsukimi Gallery","description":"Atelier Gyokusend\u014d, vase moderne en cuivre martel\u00e9 \u00e0 patine rouge et dor\u00e9 \u00e0 d\u00e9cor de bandes verticales, fin XXe si\u00e8cle, H. 24.5 x D. 17cm, Japon","robots":{"index":"index","follow":"follow","max-snippet":"max-snippet:-1","max-image-preview":"max-image-preview:large","max-video-preview":"max-video-preview:-1"},"canonical":"https:\/\/tsukimigallery.com\/en\/product\/vase-martele-gyokusend\/","og_locale":"en_GB","og_type":"article","og_title":"Vase en cuivre martel\u00e9 - Tsukimi Gallery","og_description":"Atelier Gyokusend\u014d, vase moderne en cuivre martel\u00e9 \u00e0 patine rouge et dor\u00e9 \u00e0 d\u00e9cor de bandes verticales, fin XXe si\u00e8cle, H. 24.5 x D. 17cm, Japon","og_url":"https:\/\/tsukimigallery.com\/en\/product\/vase-martele-gyokusend\/","og_site_name":"Tsukimi Gallery","article_modified_time":"2025-12-07T10:02:47+00:00","og_image":[{"width":2060,"height":1473,"url":"https:\/\/tsukimigallery.com\/wp-content\/uploads\/2025\/07\/187a.webp","type":"image\/webp"}],"twitter_card":"summary_large_image","twitter_misc":{"Estimated reading time":"1 minute"},"schema":{"@context":"https:\/\/schema.org","@graph":[{"@type":"WebPage","@id":"https:\/\/tsukimigallery.com\/produit\/vase-martele-gyokusend\/","url":"https:\/\/tsukimigallery.com\/produit\/vase-martele-gyokusend\/","name":"Vase en cuivre martel\u00e9 - Tsukimi Gallery","isPartOf":{"@id":"https:\/\/tsukimigallery.com\/#website"},"primaryImageOfPage":{"@id":"https:\/\/tsukimigallery.com\/produit\/vase-martele-gyokusend\/#primaryimage"},"image":{"@id":"https:\/\/tsukimigallery.com\/produit\/vase-martele-gyokusend\/#primaryimage"},"thumbnailUrl":"https:\/\/tsukimigallery.com\/wp-content\/uploads\/2025\/07\/187a.webp","datePublished":"2025-12-07T09:06:06+00:00","dateModified":"2025-12-07T10:02:47+00:00","description":"Atelier Gyokusend\u014d, vase moderne en cuivre martel\u00e9 \u00e0 patine rouge et dor\u00e9 \u00e0 d\u00e9cor de bandes verticales, fin XXe si\u00e8cle, H. 24.5 x D. 17cm, Japon","breadcrumb":{"@id":"https:\/\/tsukimigallery.com\/produit\/vase-martele-gyokusend\/#breadcrumb"},"inLanguage":"en-GB","potentialAction":[{"@type":"ReadAction","target":["https:\/\/tsukimigallery.com\/produit\/vase-martele-gyokusend\/"]}]},{"@type":"ImageObject","inLanguage":"en-GB","@id":"https:\/\/tsukimigallery.com\/produit\/vase-martele-gyokusend\/#primaryimage","url":"https:\/\/tsukimigallery.com\/wp-content\/uploads\/2025\/07\/187a.webp","contentUrl":"https:\/\/tsukimigallery.com\/wp-content\/uploads\/2025\/07\/187a.webp","width":2060,"height":1473,"caption":"Gyokusendo vase en cuivre martel\u00e9 et patin\u00e9 rouge et dor\u00e9"},{"@type":"BreadcrumbList","@id":"https:\/\/tsukimigallery.com\/produit\/vase-martele-gyokusend\/#breadcrumb","itemListElement":[{"@type":"ListItem","position":1,"name":"Accueil","item":"https:\/\/tsukimigallery.com\/"},{"@type":"ListItem","position":2,"name":"Boutique","item":"https:\/\/tsukimigallery.com\/boutique\/"},{"@type":"ListItem","position":3,"name":"Vase en cuivre martel\u00e9"}]},{"@type":"WebSite","@id":"https:\/\/tsukimigallery.com\/#website","url":"https:\/\/tsukimigallery.com\/","name":"Tsukimi Gallery","description":"","publisher":{"@id":"https:\/\/tsukimigallery.com\/#organization"},"potentialAction":[{"@type":"SearchAction","target":{"@type":"EntryPoint","urlTemplate":"https:\/\/tsukimigallery.com\/?s={search_term_string}"},"query-input":{"@type":"PropertyValueSpecification","valueRequired":true,"valueName":"search_term_string"}}],"inLanguage":"en-GB"},{"@type":"Organization","@id":"https:\/\/tsukimigallery.com\/#organization","name":"Tsukimi Gallery","url":"https:\/\/tsukimigallery.com\/","logo":{"@type":"ImageObject","inLanguage":"en-GB","@id":"https:\/\/tsukimigallery.com\/#\/schema\/logo\/image\/","url":"https:\/\/tsukimigallery.com\/wp-content\/uploads\/2025\/04\/Logo-color.png","contentUrl":"https:\/\/tsukimigallery.com\/wp-content\/uploads\/2025\/04\/Logo-color.png","width":363,"height":100,"caption":"Tsukimi Gallery"},"image":{"@id":"https:\/\/tsukimigallery.com\/#\/schema\/logo\/image\/"}}]}},"_links":{"self":[{"href":"https:\/\/tsukimigallery.com\/en\/wp-json\/wp\/v2\/product\/754","targetHints":{"allow":["GET"]}}],"collection":[{"href":"https:\/\/tsukimigallery.com\/en\/wp-json\/wp\/v2\/product"}],"about":[{"href":"https:\/\/tsukimigallery.com\/en\/wp-json\/wp\/v2\/types\/product"}],"replies":[{"embeddable":true,"href":"https:\/\/tsukimigallery.com\/en\/wp-json\/wp\/v2\/comments?post=754"}],"wp:featuredmedia":[{"embeddable":true,"href":"https:\/\/tsukimigallery.com\/en\/wp-json\/wp\/v2\/media\/635"}],"wp:attachment":[{"href":"https:\/\/tsukimigallery.com\/en\/wp-json\/wp\/v2\/media?parent=754"}],"wp:term":[{"taxonomy":"product_brand","embeddable":true,"href":"https:\/\/tsukimigallery.com\/en\/wp-json\/wp\/v2\/product_brand?post=754"},{"taxonomy":"product_cat","embeddable":true,"href":"https:\/\/tsukimigallery.com\/en\/wp-json\/wp\/v2\/product_cat?post=754"},{"taxonomy":"product_tag","embeddable":true,"href":"https:\/\/tsukimigallery.com\/en\/wp-json\/wp\/v2\/product_tag?post=754"}],"curies":[{"name":"wp","href":"https:\/\/api.w.org\/{rel}","templated":true}]}}