{"id":757,"date":"2025-12-07T10:48:46","date_gmt":"2025-12-07T10:48:46","guid":{"rendered":"https:\/\/tsukimigallery.com\/?post_type=product&#038;p=757"},"modified":"2025-12-07T10:58:18","modified_gmt":"2025-12-07T10:58:18","slug":"vase-en-cuivre-incruste","status":"publish","type":"product","link":"https:\/\/tsukimigallery.com\/en\/product\/vase-en-cuivre-incruste\/","title":{"rendered":"Inlaid red copper vase"},"content":{"rendered":"<p><strong>\u00c0 propos de Takaoka<\/strong><\/p>\n\n\n\n<p>L\u2019histoire de l\u2019artisanat du m\u00e9tal dans la ville de Takaoka remonte au XVIIe si\u00e8cle lorsque le gouverneur Toshinaga Maeda construit le ch\u00e2teau de Takaoka. Takoaka Doki fonde ainsi une premi\u00e8re fonderie dans le quartier de Kanaya-cho et produit des pi\u00e8ces utilitaires ainsi que des outils agricoles. A partir de seconde moiti\u00e9 de la p\u00e9riode d\u2019Edo, les fonderies commencent alors \u00e0 pourvoir les temples bouddhistes en objets de d\u00e9votions. C\u2019est au d\u00e9but du XXe si\u00e8cle que la production de la ville se diversifie et se tourne vers les arts d\u00e9coratifs. Gr\u00e2ce \u00e0 des artisans talentueux, les \u0153uvres issues des ateliers de Takaoka deviennent d\u00e8s lors tr\u00e8s appr\u00e9ci\u00e9s au Japon et \u00e0 l\u2019\u00e9tranger.<\/p>\n\n\n\n<p><\/p>\n\n\n\n<div id=\"read-more\">Read more<\/div>","protected":false},"excerpt":{"rendered":"<p>A flared copper vase with red, textured patina, \ninlaid with silver and gilded copper geometrical \nmotifs<\/p>\n<p>Takaoka city, Showa era, second-half of the 20th century\u00a0<\/p>\n<p>H. 24.5 cm, Diam 10.2 cm<\/p>","protected":false},"featured_media":631,"comment_status":"closed","ping_status":"closed","template":"","meta":{"_editorskit_title_hidden":false,"_editorskit_reading_time":0,"_editorskit_is_block_options_detached":false,"_editorskit_block_options_position":"{}","_eb_attr":""},"product_brand":[],"product_cat":[188,193],"product_tag":[389],"class_list":{"0":"post-757","1":"product","2":"type-product","3":"status-publish","4":"has-post-thumbnail","6":"product_cat-metal","7":"product_cat-moins-500-euros","8":"product_tag-takaoka-city","10":"first","11":"instock","12":"shipping-taxable","13":"purchasable","14":"product-type-simple"},"yoast_head":"<!-- This site is optimized with the Yoast SEO plugin v25.9 - https:\/\/yoast.com\/wordpress\/plugins\/seo\/ -->\n<title>Vase en cuivre rouge incrust\u00e9 - Tsukimi Gallery<\/title>\n<meta name=\"description\" content=\"Vase en cuivre \u00e0 patine rouge textur\u00e9e, incrust\u00e9 de motifs g\u00e9om\u00e9triques en argent et dor\u00e9s, Takaoka city, \u00e8re Showa, H. 24.5 cm, Diam 10.2 cm\" \/>\n<meta name=\"robots\" content=\"index, follow, max-snippet:-1, max-image-preview:large, max-video-preview:-1\" \/>\n<link rel=\"canonical\" href=\"https:\/\/tsukimigallery.com\/en\/product\/vase-en-cuivre-incruste\/\" \/>\n<meta property=\"og:locale\" content=\"en_GB\" \/>\n<meta property=\"og:type\" content=\"article\" \/>\n<meta property=\"og:title\" content=\"Vase en cuivre rouge incrust\u00e9 - Tsukimi Gallery\" \/>\n<meta property=\"og:description\" content=\"Vase en cuivre \u00e0 patine rouge textur\u00e9e, incrust\u00e9 de motifs g\u00e9om\u00e9triques en argent et dor\u00e9s, Takaoka city, \u00e8re Showa, H. 24.5 cm, Diam 10.2 cm\" \/>\n<meta property=\"og:url\" content=\"https:\/\/tsukimigallery.com\/en\/product\/vase-en-cuivre-incruste\/\" \/>\n<meta property=\"og:site_name\" content=\"Tsukimi Gallery\" \/>\n<meta property=\"article:modified_time\" content=\"2025-12-07T10:58:18+00:00\" \/>\n<meta property=\"og:image\" content=\"https:\/\/tsukimigallery.com\/wp-content\/uploads\/2025\/07\/185a-scaled-1.webp\" \/>\n\t<meta property=\"og:image:width\" content=\"2560\" \/>\n\t<meta property=\"og:image:height\" content=\"1829\" \/>\n\t<meta property=\"og:image:type\" content=\"image\/webp\" \/>\n<meta name=\"twitter:card\" content=\"summary_large_image\" \/>\n<meta name=\"twitter:label1\" content=\"Estimated reading time\" \/>\n\t<meta name=\"twitter:data1\" content=\"1 minute\" \/>\n<script type=\"application\/ld+json\" class=\"yoast-schema-graph\">{\"@context\":\"https:\/\/schema.org\",\"@graph\":[{\"@type\":\"WebPage\",\"@id\":\"https:\/\/tsukimigallery.com\/produit\/vase-en-cuivre-incruste\/\",\"url\":\"https:\/\/tsukimigallery.com\/produit\/vase-en-cuivre-incruste\/\",\"name\":\"Vase en cuivre rouge incrust\u00e9 - Tsukimi Gallery\",\"isPartOf\":{\"@id\":\"https:\/\/tsukimigallery.com\/#website\"},\"primaryImageOfPage\":{\"@id\":\"https:\/\/tsukimigallery.com\/produit\/vase-en-cuivre-incruste\/#primaryimage\"},\"image\":{\"@id\":\"https:\/\/tsukimigallery.com\/produit\/vase-en-cuivre-incruste\/#primaryimage\"},\"thumbnailUrl\":\"https:\/\/tsukimigallery.com\/wp-content\/uploads\/2025\/07\/185a-scaled-1.webp\",\"datePublished\":\"2025-12-07T10:48:46+00:00\",\"dateModified\":\"2025-12-07T10:58:18+00:00\",\"description\":\"Vase en cuivre \u00e0 patine rouge textur\u00e9e, incrust\u00e9 de motifs g\u00e9om\u00e9triques en argent et dor\u00e9s, Takaoka city, \u00e8re Showa, H. 24.5 cm, Diam 10.2 cm\",\"breadcrumb\":{\"@id\":\"https:\/\/tsukimigallery.com\/produit\/vase-en-cuivre-incruste\/#breadcrumb\"},\"inLanguage\":\"en-GB\",\"potentialAction\":[{\"@type\":\"ReadAction\",\"target\":[\"https:\/\/tsukimigallery.com\/produit\/vase-en-cuivre-incruste\/\"]}]},{\"@type\":\"ImageObject\",\"inLanguage\":\"en-GB\",\"@id\":\"https:\/\/tsukimigallery.com\/produit\/vase-en-cuivre-incruste\/#primaryimage\",\"url\":\"https:\/\/tsukimigallery.com\/wp-content\/uploads\/2025\/07\/185a-scaled-1.webp\",\"contentUrl\":\"https:\/\/tsukimigallery.com\/wp-content\/uploads\/2025\/07\/185a-scaled-1.webp\",\"width\":2560,\"height\":1829,\"caption\":\"vase takaoka city patine rouge et incrustation geometriques\"},{\"@type\":\"BreadcrumbList\",\"@id\":\"https:\/\/tsukimigallery.com\/produit\/vase-en-cuivre-incruste\/#breadcrumb\",\"itemListElement\":[{\"@type\":\"ListItem\",\"position\":1,\"name\":\"Accueil\",\"item\":\"https:\/\/tsukimigallery.com\/\"},{\"@type\":\"ListItem\",\"position\":2,\"name\":\"Boutique\",\"item\":\"https:\/\/tsukimigallery.com\/boutique\/\"},{\"@type\":\"ListItem\",\"position\":3,\"name\":\"Vase en cuivre rouge incrust\u00e9\"}]},{\"@type\":\"WebSite\",\"@id\":\"https:\/\/tsukimigallery.com\/#website\",\"url\":\"https:\/\/tsukimigallery.com\/\",\"name\":\"Tsukimi Gallery\",\"description\":\"\",\"publisher\":{\"@id\":\"https:\/\/tsukimigallery.com\/#organization\"},\"potentialAction\":[{\"@type\":\"SearchAction\",\"target\":{\"@type\":\"EntryPoint\",\"urlTemplate\":\"https:\/\/tsukimigallery.com\/?s={search_term_string}\"},\"query-input\":{\"@type\":\"PropertyValueSpecification\",\"valueRequired\":true,\"valueName\":\"search_term_string\"}}],\"inLanguage\":\"en-GB\"},{\"@type\":\"Organization\",\"@id\":\"https:\/\/tsukimigallery.com\/#organization\",\"name\":\"Tsukimi Gallery\",\"url\":\"https:\/\/tsukimigallery.com\/\",\"logo\":{\"@type\":\"ImageObject\",\"inLanguage\":\"en-GB\",\"@id\":\"https:\/\/tsukimigallery.com\/#\/schema\/logo\/image\/\",\"url\":\"https:\/\/tsukimigallery.com\/wp-content\/uploads\/2025\/04\/Logo-color.png\",\"contentUrl\":\"https:\/\/tsukimigallery.com\/wp-content\/uploads\/2025\/04\/Logo-color.png\",\"width\":363,\"height\":100,\"caption\":\"Tsukimi Gallery\"},\"image\":{\"@id\":\"https:\/\/tsukimigallery.com\/#\/schema\/logo\/image\/\"}}]}<\/script>\n<!-- \/ Yoast SEO plugin. -->","yoast_head_json":{"title":"Vase en cuivre rouge incrust\u00e9 - Tsukimi Gallery","description":"Vase en cuivre \u00e0 patine rouge textur\u00e9e, incrust\u00e9 de motifs g\u00e9om\u00e9triques en argent et dor\u00e9s, Takaoka city, \u00e8re Showa, H. 24.5 cm, Diam 10.2 cm","robots":{"index":"index","follow":"follow","max-snippet":"max-snippet:-1","max-image-preview":"max-image-preview:large","max-video-preview":"max-video-preview:-1"},"canonical":"https:\/\/tsukimigallery.com\/en\/product\/vase-en-cuivre-incruste\/","og_locale":"en_GB","og_type":"article","og_title":"Vase en cuivre rouge incrust\u00e9 - Tsukimi Gallery","og_description":"Vase en cuivre \u00e0 patine rouge textur\u00e9e, incrust\u00e9 de motifs g\u00e9om\u00e9triques en argent et dor\u00e9s, Takaoka city, \u00e8re Showa, H. 24.5 cm, Diam 10.2 cm","og_url":"https:\/\/tsukimigallery.com\/en\/product\/vase-en-cuivre-incruste\/","og_site_name":"Tsukimi Gallery","article_modified_time":"2025-12-07T10:58:18+00:00","og_image":[{"width":2560,"height":1829,"url":"https:\/\/tsukimigallery.com\/wp-content\/uploads\/2025\/07\/185a-scaled-1.webp","type":"image\/webp"}],"twitter_card":"summary_large_image","twitter_misc":{"Estimated reading time":"1 minute"},"schema":{"@context":"https:\/\/schema.org","@graph":[{"@type":"WebPage","@id":"https:\/\/tsukimigallery.com\/produit\/vase-en-cuivre-incruste\/","url":"https:\/\/tsukimigallery.com\/produit\/vase-en-cuivre-incruste\/","name":"Vase en cuivre rouge incrust\u00e9 - Tsukimi Gallery","isPartOf":{"@id":"https:\/\/tsukimigallery.com\/#website"},"primaryImageOfPage":{"@id":"https:\/\/tsukimigallery.com\/produit\/vase-en-cuivre-incruste\/#primaryimage"},"image":{"@id":"https:\/\/tsukimigallery.com\/produit\/vase-en-cuivre-incruste\/#primaryimage"},"thumbnailUrl":"https:\/\/tsukimigallery.com\/wp-content\/uploads\/2025\/07\/185a-scaled-1.webp","datePublished":"2025-12-07T10:48:46+00:00","dateModified":"2025-12-07T10:58:18+00:00","description":"Vase en cuivre \u00e0 patine rouge textur\u00e9e, incrust\u00e9 de motifs g\u00e9om\u00e9triques en argent et dor\u00e9s, Takaoka city, \u00e8re Showa, H. 24.5 cm, Diam 10.2 cm","breadcrumb":{"@id":"https:\/\/tsukimigallery.com\/produit\/vase-en-cuivre-incruste\/#breadcrumb"},"inLanguage":"en-GB","potentialAction":[{"@type":"ReadAction","target":["https:\/\/tsukimigallery.com\/produit\/vase-en-cuivre-incruste\/"]}]},{"@type":"ImageObject","inLanguage":"en-GB","@id":"https:\/\/tsukimigallery.com\/produit\/vase-en-cuivre-incruste\/#primaryimage","url":"https:\/\/tsukimigallery.com\/wp-content\/uploads\/2025\/07\/185a-scaled-1.webp","contentUrl":"https:\/\/tsukimigallery.com\/wp-content\/uploads\/2025\/07\/185a-scaled-1.webp","width":2560,"height":1829,"caption":"vase takaoka city patine rouge et incrustation geometriques"},{"@type":"BreadcrumbList","@id":"https:\/\/tsukimigallery.com\/produit\/vase-en-cuivre-incruste\/#breadcrumb","itemListElement":[{"@type":"ListItem","position":1,"name":"Accueil","item":"https:\/\/tsukimigallery.com\/"},{"@type":"ListItem","position":2,"name":"Boutique","item":"https:\/\/tsukimigallery.com\/boutique\/"},{"@type":"ListItem","position":3,"name":"Vase en cuivre rouge incrust\u00e9"}]},{"@type":"WebSite","@id":"https:\/\/tsukimigallery.com\/#website","url":"https:\/\/tsukimigallery.com\/","name":"Tsukimi Gallery","description":"","publisher":{"@id":"https:\/\/tsukimigallery.com\/#organization"},"potentialAction":[{"@type":"SearchAction","target":{"@type":"EntryPoint","urlTemplate":"https:\/\/tsukimigallery.com\/?s={search_term_string}"},"query-input":{"@type":"PropertyValueSpecification","valueRequired":true,"valueName":"search_term_string"}}],"inLanguage":"en-GB"},{"@type":"Organization","@id":"https:\/\/tsukimigallery.com\/#organization","name":"Tsukimi Gallery","url":"https:\/\/tsukimigallery.com\/","logo":{"@type":"ImageObject","inLanguage":"en-GB","@id":"https:\/\/tsukimigallery.com\/#\/schema\/logo\/image\/","url":"https:\/\/tsukimigallery.com\/wp-content\/uploads\/2025\/04\/Logo-color.png","contentUrl":"https:\/\/tsukimigallery.com\/wp-content\/uploads\/2025\/04\/Logo-color.png","width":363,"height":100,"caption":"Tsukimi Gallery"},"image":{"@id":"https:\/\/tsukimigallery.com\/#\/schema\/logo\/image\/"}}]}},"_links":{"self":[{"href":"https:\/\/tsukimigallery.com\/en\/wp-json\/wp\/v2\/product\/757","targetHints":{"allow":["GET"]}}],"collection":[{"href":"https:\/\/tsukimigallery.com\/en\/wp-json\/wp\/v2\/product"}],"about":[{"href":"https:\/\/tsukimigallery.com\/en\/wp-json\/wp\/v2\/types\/product"}],"replies":[{"embeddable":true,"href":"https:\/\/tsukimigallery.com\/en\/wp-json\/wp\/v2\/comments?post=757"}],"wp:featuredmedia":[{"embeddable":true,"href":"https:\/\/tsukimigallery.com\/en\/wp-json\/wp\/v2\/media\/631"}],"wp:attachment":[{"href":"https:\/\/tsukimigallery.com\/en\/wp-json\/wp\/v2\/media?parent=757"}],"wp:term":[{"taxonomy":"product_brand","embeddable":true,"href":"https:\/\/tsukimigallery.com\/en\/wp-json\/wp\/v2\/product_brand?post=757"},{"taxonomy":"product_cat","embeddable":true,"href":"https:\/\/tsukimigallery.com\/en\/wp-json\/wp\/v2\/product_cat?post=757"},{"taxonomy":"product_tag","embeddable":true,"href":"https:\/\/tsukimigallery.com\/en\/wp-json\/wp\/v2\/product_tag?post=757"}],"curies":[{"name":"wp","href":"https:\/\/api.w.org\/{rel}","templated":true}]}}