{"id":768,"date":"2026-04-13T09:50:33","date_gmt":"2026-04-13T09:50:33","guid":{"rendered":"https:\/\/tsukimigallery.com\/?post_type=product&#038;p=768"},"modified":"2026-04-13T19:33:44","modified_gmt":"2026-04-13T19:33:44","slug":"watanabe-kunio-vase-porcelaine-decor-geometrique-contemporain","status":"publish","type":"product","link":"https:\/\/tsukimigallery.com\/en\/product\/watanabe-kunio-vase-porcelaine-decor-geometrique-contemporain\/","title":{"rendered":"Porcelain vase with geometric checkerboard design"},"content":{"rendered":"<p><strong>About Kunio Watanabe<\/strong><\/p>\n\n\n\n<p>Kunio Watanabe was born in Yamanashi Prefecture in 1967. He graduated from the Tokyo University of the Arts, where he studied ceramics. In 2006, he set up his studio in the village of Yamanakako, in Yamanashi Prefecture. He is a member of the Japan K\u014dgei Association and the Japan Ceramic Art Association. <\/p>\n\n\n\n<p>His work is known for colorful geometric patterns and very precise checkerboard designs. To create them, he uses traditional Japanese techniques such as iroe\u2014adding color over the glaze after firing\u2014as well as kinsai and ginsai, which are decorations made with slips or with gold and silver powder mixed into the surface.<\/p>\n\n\n\n<p>He has received many awards, including the Governor of Hokkaido Prize at the \u014ctaki Hokkaido Ceramic Art Exhibition in 2010, after winning the gold medal at the same exhibition in 2009.\n\nHis works have also been shown in major exhibitions such as the Japan K\u014dgei Exhibition, the Eastern Japan Traditional Crafts Exhibition, and the Mino Tea Ceremony Exhibition. In 2011, he represented the renewal of Japanese ceramics internationally in the exhibition Five by Eight: New Ceramic Art of Japan, presented in Philadelphia.<\/p>\n\n\n\n<div id=\"read-more\">Read more<\/div>","protected":false},"excerpt":{"rendered":"<p>A vase with a spherical body and a flared neck, covered with a geometric checkerboard design made of squares filled with finely drawn diagonal lines. The restrained palette alternates black, brick red, and a silvery gray created using the ginsai technique.<\/p>\n<p>Signed on the base<\/p>\n<p>Heisei era, circa 2015<\/p>\n<p>H. 29.5cm<\/p>\n<p>In the collections of the Philadelphia Museum of Art<\/p>","protected":false},"featured_media":769,"comment_status":"closed","ping_status":"closed","template":"","meta":{"_editorskit_title_hidden":false,"_editorskit_reading_time":0,"_editorskit_is_block_options_detached":false,"_editorskit_block_options_position":"{}","_eb_attr":""},"product_brand":[],"product_cat":[130,198],"product_tag":[390],"class_list":{"0":"post-768","1":"product","2":"type-product","3":"status-publish","4":"has-post-thumbnail","6":"product_cat-ceramique","7":"product_cat-nouveautes","8":"product_tag-kunio-watanabe","10":"first","11":"instock","12":"shipping-taxable","13":"purchasable","14":"product-type-simple"},"yoast_head":"<!-- This site is optimized with the Yoast SEO plugin v25.9 - https:\/\/yoast.com\/wordpress\/plugins\/seo\/ -->\n<title>Vase en porcelaine d\u00e9cor g\u00e9om\u00e9trique en damier - Tsukimi Gallery<\/title>\n<meta name=\"description\" content=\"Kunio Watanabe, Vase contemporain en porcelaine \u00e0 d\u00e9cor g\u00e9om\u00e9trique en damier noir, rouge et argent, vers 2015, Japon, H. 29,5 cm.\" \/>\n<meta name=\"robots\" content=\"index, follow, max-snippet:-1, max-image-preview:large, max-video-preview:-1\" \/>\n<link rel=\"canonical\" href=\"https:\/\/tsukimigallery.com\/en\/product\/watanabe-kunio-vase-porcelaine-decor-geometrique-contemporain\/\" \/>\n<meta property=\"og:locale\" content=\"en_GB\" \/>\n<meta property=\"og:type\" content=\"article\" \/>\n<meta property=\"og:title\" content=\"Vase en porcelaine d\u00e9cor g\u00e9om\u00e9trique en damier - Tsukimi Gallery\" \/>\n<meta property=\"og:description\" content=\"Kunio Watanabe, Vase contemporain en porcelaine \u00e0 d\u00e9cor g\u00e9om\u00e9trique en damier noir, rouge et argent, vers 2015, Japon, H. 29,5 cm.\" \/>\n<meta property=\"og:url\" content=\"https:\/\/tsukimigallery.com\/en\/product\/watanabe-kunio-vase-porcelaine-decor-geometrique-contemporain\/\" \/>\n<meta property=\"og:site_name\" content=\"Tsukimi Gallery\" \/>\n<meta property=\"article:modified_time\" content=\"2026-04-13T19:33:44+00:00\" \/>\n<meta property=\"og:image\" content=\"https:\/\/tsukimigallery.com\/wp-content\/uploads\/2026\/04\/231a-copie-scaled.webp\" \/>\n\t<meta property=\"og:image:width\" content=\"2560\" \/>\n\t<meta property=\"og:image:height\" content=\"1829\" \/>\n\t<meta property=\"og:image:type\" content=\"image\/webp\" \/>\n<meta name=\"twitter:card\" content=\"summary_large_image\" \/>\n<meta name=\"twitter:label1\" content=\"Estimated reading time\" \/>\n\t<meta name=\"twitter:data1\" content=\"2 minutes\" \/>\n<script type=\"application\/ld+json\" class=\"yoast-schema-graph\">{\"@context\":\"https:\/\/schema.org\",\"@graph\":[{\"@type\":\"WebPage\",\"@id\":\"https:\/\/tsukimigallery.com\/produit\/watanabe-kunio-vase-porcelaine-decor-geometrique-contemporain\/\",\"url\":\"https:\/\/tsukimigallery.com\/produit\/watanabe-kunio-vase-porcelaine-decor-geometrique-contemporain\/\",\"name\":\"Vase en porcelaine d\u00e9cor g\u00e9om\u00e9trique en damier - Tsukimi Gallery\",\"isPartOf\":{\"@id\":\"https:\/\/tsukimigallery.com\/#website\"},\"primaryImageOfPage\":{\"@id\":\"https:\/\/tsukimigallery.com\/produit\/watanabe-kunio-vase-porcelaine-decor-geometrique-contemporain\/#primaryimage\"},\"image\":{\"@id\":\"https:\/\/tsukimigallery.com\/produit\/watanabe-kunio-vase-porcelaine-decor-geometrique-contemporain\/#primaryimage\"},\"thumbnailUrl\":\"https:\/\/tsukimigallery.com\/wp-content\/uploads\/2026\/04\/231a-copie-scaled.webp\",\"datePublished\":\"2026-04-13T09:50:33+00:00\",\"dateModified\":\"2026-04-13T19:33:44+00:00\",\"description\":\"Kunio Watanabe, Vase contemporain en porcelaine \u00e0 d\u00e9cor g\u00e9om\u00e9trique en damier noir, rouge et argent, vers 2015, Japon, H. 29,5 cm.\",\"breadcrumb\":{\"@id\":\"https:\/\/tsukimigallery.com\/produit\/watanabe-kunio-vase-porcelaine-decor-geometrique-contemporain\/#breadcrumb\"},\"inLanguage\":\"en-GB\",\"potentialAction\":[{\"@type\":\"ReadAction\",\"target\":[\"https:\/\/tsukimigallery.com\/produit\/watanabe-kunio-vase-porcelaine-decor-geometrique-contemporain\/\"]}]},{\"@type\":\"ImageObject\",\"inLanguage\":\"en-GB\",\"@id\":\"https:\/\/tsukimigallery.com\/produit\/watanabe-kunio-vase-porcelaine-decor-geometrique-contemporain\/#primaryimage\",\"url\":\"https:\/\/tsukimigallery.com\/wp-content\/uploads\/2026\/04\/231a-copie-scaled.webp\",\"contentUrl\":\"https:\/\/tsukimigallery.com\/wp-content\/uploads\/2026\/04\/231a-copie-scaled.webp\",\"width\":2560,\"height\":1829,\"caption\":\"Kunio Watanabe Vase contemporain rouge noir et argent \u00e0 d\u00e9cor g\u00e9om\u00e9triques en damier, porcelaine, vers 2015, hauteur 29.5cm\"},{\"@type\":\"BreadcrumbList\",\"@id\":\"https:\/\/tsukimigallery.com\/produit\/watanabe-kunio-vase-porcelaine-decor-geometrique-contemporain\/#breadcrumb\",\"itemListElement\":[{\"@type\":\"ListItem\",\"position\":1,\"name\":\"Accueil\",\"item\":\"https:\/\/tsukimigallery.com\/\"},{\"@type\":\"ListItem\",\"position\":2,\"name\":\"Boutique\",\"item\":\"https:\/\/tsukimigallery.com\/boutique\/\"},{\"@type\":\"ListItem\",\"position\":3,\"name\":\"Vase en porcelaine d\u00e9cor g\u00e9om\u00e9trique en damier\"}]},{\"@type\":\"WebSite\",\"@id\":\"https:\/\/tsukimigallery.com\/#website\",\"url\":\"https:\/\/tsukimigallery.com\/\",\"name\":\"Tsukimi Gallery\",\"description\":\"\",\"publisher\":{\"@id\":\"https:\/\/tsukimigallery.com\/#organization\"},\"potentialAction\":[{\"@type\":\"SearchAction\",\"target\":{\"@type\":\"EntryPoint\",\"urlTemplate\":\"https:\/\/tsukimigallery.com\/?s={search_term_string}\"},\"query-input\":{\"@type\":\"PropertyValueSpecification\",\"valueRequired\":true,\"valueName\":\"search_term_string\"}}],\"inLanguage\":\"en-GB\"},{\"@type\":\"Organization\",\"@id\":\"https:\/\/tsukimigallery.com\/#organization\",\"name\":\"Tsukimi Gallery\",\"url\":\"https:\/\/tsukimigallery.com\/\",\"logo\":{\"@type\":\"ImageObject\",\"inLanguage\":\"en-GB\",\"@id\":\"https:\/\/tsukimigallery.com\/#\/schema\/logo\/image\/\",\"url\":\"https:\/\/tsukimigallery.com\/wp-content\/uploads\/2025\/04\/Logo-color.png\",\"contentUrl\":\"https:\/\/tsukimigallery.com\/wp-content\/uploads\/2025\/04\/Logo-color.png\",\"width\":363,\"height\":100,\"caption\":\"Tsukimi Gallery\"},\"image\":{\"@id\":\"https:\/\/tsukimigallery.com\/#\/schema\/logo\/image\/\"}}]}<\/script>\n<!-- \/ Yoast SEO plugin. -->","yoast_head_json":{"title":"Vase en porcelaine d\u00e9cor g\u00e9om\u00e9trique en damier - Tsukimi Gallery","description":"Kunio Watanabe, Vase contemporain en porcelaine \u00e0 d\u00e9cor g\u00e9om\u00e9trique en damier noir, rouge et argent, vers 2015, Japon, H. 29,5 cm.","robots":{"index":"index","follow":"follow","max-snippet":"max-snippet:-1","max-image-preview":"max-image-preview:large","max-video-preview":"max-video-preview:-1"},"canonical":"https:\/\/tsukimigallery.com\/en\/product\/watanabe-kunio-vase-porcelaine-decor-geometrique-contemporain\/","og_locale":"en_GB","og_type":"article","og_title":"Vase en porcelaine d\u00e9cor g\u00e9om\u00e9trique en damier - Tsukimi Gallery","og_description":"Kunio Watanabe, Vase contemporain en porcelaine \u00e0 d\u00e9cor g\u00e9om\u00e9trique en damier noir, rouge et argent, vers 2015, Japon, H. 29,5 cm.","og_url":"https:\/\/tsukimigallery.com\/en\/product\/watanabe-kunio-vase-porcelaine-decor-geometrique-contemporain\/","og_site_name":"Tsukimi Gallery","article_modified_time":"2026-04-13T19:33:44+00:00","og_image":[{"width":2560,"height":1829,"url":"https:\/\/tsukimigallery.com\/wp-content\/uploads\/2026\/04\/231a-copie-scaled.webp","type":"image\/webp"}],"twitter_card":"summary_large_image","twitter_misc":{"Estimated reading time":"2 minutes"},"schema":{"@context":"https:\/\/schema.org","@graph":[{"@type":"WebPage","@id":"https:\/\/tsukimigallery.com\/produit\/watanabe-kunio-vase-porcelaine-decor-geometrique-contemporain\/","url":"https:\/\/tsukimigallery.com\/produit\/watanabe-kunio-vase-porcelaine-decor-geometrique-contemporain\/","name":"Vase en porcelaine d\u00e9cor g\u00e9om\u00e9trique en damier - Tsukimi Gallery","isPartOf":{"@id":"https:\/\/tsukimigallery.com\/#website"},"primaryImageOfPage":{"@id":"https:\/\/tsukimigallery.com\/produit\/watanabe-kunio-vase-porcelaine-decor-geometrique-contemporain\/#primaryimage"},"image":{"@id":"https:\/\/tsukimigallery.com\/produit\/watanabe-kunio-vase-porcelaine-decor-geometrique-contemporain\/#primaryimage"},"thumbnailUrl":"https:\/\/tsukimigallery.com\/wp-content\/uploads\/2026\/04\/231a-copie-scaled.webp","datePublished":"2026-04-13T09:50:33+00:00","dateModified":"2026-04-13T19:33:44+00:00","description":"Kunio Watanabe, Vase contemporain en porcelaine \u00e0 d\u00e9cor g\u00e9om\u00e9trique en damier noir, rouge et argent, vers 2015, Japon, H. 29,5 cm.","breadcrumb":{"@id":"https:\/\/tsukimigallery.com\/produit\/watanabe-kunio-vase-porcelaine-decor-geometrique-contemporain\/#breadcrumb"},"inLanguage":"en-GB","potentialAction":[{"@type":"ReadAction","target":["https:\/\/tsukimigallery.com\/produit\/watanabe-kunio-vase-porcelaine-decor-geometrique-contemporain\/"]}]},{"@type":"ImageObject","inLanguage":"en-GB","@id":"https:\/\/tsukimigallery.com\/produit\/watanabe-kunio-vase-porcelaine-decor-geometrique-contemporain\/#primaryimage","url":"https:\/\/tsukimigallery.com\/wp-content\/uploads\/2026\/04\/231a-copie-scaled.webp","contentUrl":"https:\/\/tsukimigallery.com\/wp-content\/uploads\/2026\/04\/231a-copie-scaled.webp","width":2560,"height":1829,"caption":"Kunio Watanabe Vase contemporain rouge noir et argent \u00e0 d\u00e9cor g\u00e9om\u00e9triques en damier, porcelaine, vers 2015, hauteur 29.5cm"},{"@type":"BreadcrumbList","@id":"https:\/\/tsukimigallery.com\/produit\/watanabe-kunio-vase-porcelaine-decor-geometrique-contemporain\/#breadcrumb","itemListElement":[{"@type":"ListItem","position":1,"name":"Accueil","item":"https:\/\/tsukimigallery.com\/"},{"@type":"ListItem","position":2,"name":"Boutique","item":"https:\/\/tsukimigallery.com\/boutique\/"},{"@type":"ListItem","position":3,"name":"Vase en porcelaine d\u00e9cor g\u00e9om\u00e9trique en damier"}]},{"@type":"WebSite","@id":"https:\/\/tsukimigallery.com\/#website","url":"https:\/\/tsukimigallery.com\/","name":"Tsukimi Gallery","description":"","publisher":{"@id":"https:\/\/tsukimigallery.com\/#organization"},"potentialAction":[{"@type":"SearchAction","target":{"@type":"EntryPoint","urlTemplate":"https:\/\/tsukimigallery.com\/?s={search_term_string}"},"query-input":{"@type":"PropertyValueSpecification","valueRequired":true,"valueName":"search_term_string"}}],"inLanguage":"en-GB"},{"@type":"Organization","@id":"https:\/\/tsukimigallery.com\/#organization","name":"Tsukimi Gallery","url":"https:\/\/tsukimigallery.com\/","logo":{"@type":"ImageObject","inLanguage":"en-GB","@id":"https:\/\/tsukimigallery.com\/#\/schema\/logo\/image\/","url":"https:\/\/tsukimigallery.com\/wp-content\/uploads\/2025\/04\/Logo-color.png","contentUrl":"https:\/\/tsukimigallery.com\/wp-content\/uploads\/2025\/04\/Logo-color.png","width":363,"height":100,"caption":"Tsukimi Gallery"},"image":{"@id":"https:\/\/tsukimigallery.com\/#\/schema\/logo\/image\/"}}]}},"_links":{"self":[{"href":"https:\/\/tsukimigallery.com\/en\/wp-json\/wp\/v2\/product\/768","targetHints":{"allow":["GET"]}}],"collection":[{"href":"https:\/\/tsukimigallery.com\/en\/wp-json\/wp\/v2\/product"}],"about":[{"href":"https:\/\/tsukimigallery.com\/en\/wp-json\/wp\/v2\/types\/product"}],"replies":[{"embeddable":true,"href":"https:\/\/tsukimigallery.com\/en\/wp-json\/wp\/v2\/comments?post=768"}],"wp:featuredmedia":[{"embeddable":true,"href":"https:\/\/tsukimigallery.com\/en\/wp-json\/wp\/v2\/media\/769"}],"wp:attachment":[{"href":"https:\/\/tsukimigallery.com\/en\/wp-json\/wp\/v2\/media?parent=768"}],"wp:term":[{"taxonomy":"product_brand","embeddable":true,"href":"https:\/\/tsukimigallery.com\/en\/wp-json\/wp\/v2\/product_brand?post=768"},{"taxonomy":"product_cat","embeddable":true,"href":"https:\/\/tsukimigallery.com\/en\/wp-json\/wp\/v2\/product_cat?post=768"},{"taxonomy":"product_tag","embeddable":true,"href":"https:\/\/tsukimigallery.com\/en\/wp-json\/wp\/v2\/product_tag?post=768"}],"curies":[{"name":"wp","href":"https:\/\/api.w.org\/{rel}","templated":true}]}}